{"id":927,"date":"2021-10-23T11:55:59","date_gmt":"2021-10-23T09:55:59","guid":{"rendered":"https:\/\/www.gemsli.at\/?page_id=927"},"modified":"2026-01-19T11:56:40","modified_gmt":"2026-01-19T10:56:40","slug":"gemsli_marsch-schneeschuh-tour-silvretta","status":"publish","type":"page","link":"https:\/\/www.gemsli.at\/index.php\/winterprogramm\/gemsli_marsch-schneeschuh-tour-silvretta\/","title":{"rendered":"Schnee_Genuss Momente auf der Silvretta"},"content":{"rendered":"\n<h2 class=\"wp-block-heading\"><mark style=\"background-color:rgba(0, 0, 0, 0);color:#408ebf\" class=\"has-inline-color\">Erlebe unvergessliche Momente am Fu\u00dfe der 3000er<\/mark><\/h2>\n\n\n\n<p><strong>Termine<\/strong> &#8211; jeweils von ca. 9:00 bis 15:00 Uhr, auf Anfrage<br><strong>Wandersaison: <\/strong>Ende Dezember bis Anfang Mai <br><em>Routenwahl felxibel \u2013 geeignet f\u00fcr Anf\u00e4nger:innen und Fortgeschritte<\/em><br><br><strong>Winterliches Bergerlebnis garantiert, auch bei wenig Schnee im Tal!<\/strong><\/p>\n\n\n\n<h3 class=\"wp-block-heading\">Eine beeindruckende Schneeschuhtour auf \u00fcber 2000 Meter, mit grandiosem Blick auf die Bergkulisse der Silvretta. <\/h3>\n\n\n\n<p><\/p>\n\n\n\n<p>Die Silvretta ist ein Paradies fu\u0308r Freunde der Natur und der faszinierenden Bergwelt. Ich bringe Euch zu einem meiner pers\u00f6nlichen Lieblingspl\u00e4tze. Ein Ort zum Genie\u00dfen, Staunen und Kr\u00e4fte tanken.<\/p>\n\n\n\n<p>Unser Tag beginnt mit einer eindrucksvollen Fahrt mit der Vermuntbahn und dem Tunnelbus auf die Silvretta Bielerh\u00f6he. Anschlie\u00dfend starten wir unsere Schneeschuhtour in einer besonders alpinen Winterlandschaft, die den ganzen Winter \u00fcber dank ihrer H\u00f6henlage von einer wei\u00dfen Schneedecke bedeckt ist.<br>Am Fu\u00dfe tief verschneiter Berge erleben wir ganz besondere Wintermomente und lassen uns vom Knistern des Schnees und der verschneiten Landschaft verzaubern.<\/p>\n\n\n\n<p>Mit etwas Gl\u00fcck entdecken wir unterwegs Wildtiere oder ihre Spuren im Schnee. Dabei erz\u00e4hle ich euch spannende Geschichten \u00fcber die majest\u00e4tischen 3000er der Silvretta, w\u00e4hrend ihr traditionelle, selbstgemachte K\u00f6stlichkeiten genie\u00dft. <\/p>\n\n\n\n<figure class=\"wp-block-gallery has-nested-images columns-default is-cropped wp-block-gallery-1 is-layout-flex wp-block-gallery-is-layout-flex\">\n<figure class=\"wp-block-image size-large\"><img loading=\"lazy\" decoding=\"async\" width=\"2000\" height=\"1333\" data-id=\"2630\" src=\"https:\/\/www.gemsli.at\/wp-content\/uploads\/2024\/12\/DSC09455.jpg\" alt=\"\" class=\"wp-image-2630\" srcset=\"https:\/\/www.gemsli.at\/wp-content\/uploads\/2024\/12\/DSC09455.jpg 2000w, https:\/\/www.gemsli.at\/wp-content\/uploads\/2024\/12\/DSC09455-300x200.jpg 300w, https:\/\/www.gemsli.at\/wp-content\/uploads\/2024\/12\/DSC09455-1024x682.jpg 1024w, https:\/\/www.gemsli.at\/wp-content\/uploads\/2024\/12\/DSC09455-768x512.jpg 768w, https:\/\/www.gemsli.at\/wp-content\/uploads\/2024\/12\/DSC09455-1536x1024.jpg 1536w\" sizes=\"auto, (max-width: 767px) 89vw, (max-width: 1000px) 54vw, (max-width: 1071px) 543px, 580px\" \/><\/figure>\n\n\n\n<figure class=\"wp-block-image size-large\"><img loading=\"lazy\" decoding=\"async\" width=\"2560\" height=\"1438\" data-id=\"2631\" src=\"https:\/\/www.gemsli.at\/wp-content\/uploads\/2024\/12\/IMG_6816-scaled.jpg\" alt=\"\" class=\"wp-image-2631\" srcset=\"https:\/\/www.gemsli.at\/wp-content\/uploads\/2024\/12\/IMG_6816-scaled.jpg 2560w, https:\/\/www.gemsli.at\/wp-content\/uploads\/2024\/12\/IMG_6816-300x169.jpg 300w, https:\/\/www.gemsli.at\/wp-content\/uploads\/2024\/12\/IMG_6816-1024x575.jpg 1024w, https:\/\/www.gemsli.at\/wp-content\/uploads\/2024\/12\/IMG_6816-768x431.jpg 768w, https:\/\/www.gemsli.at\/wp-content\/uploads\/2024\/12\/IMG_6816-1536x863.jpg 1536w, https:\/\/www.gemsli.at\/wp-content\/uploads\/2024\/12\/IMG_6816-2048x1150.jpg 2048w\" sizes=\"auto, (max-width: 767px) 89vw, (max-width: 1000px) 54vw, (max-width: 1071px) 543px, 580px\" \/><\/figure>\n<\/figure>\n\n\n\n<p><strong>Treffpunkt: <\/strong>Partenen<strong>,  <\/strong>Vermuntbahn Talstation, wird individuell bei Buchung vereinbart.<\/p>\n\n\n\n<p><strong>Anforderungen:<\/strong><br>Kondition und Ausdauer f\u00fcr eine ca. dreist\u00fcndige Wanderung, kn\u00f6chelhohe wasserdichte Wanderschuhe, warme Sport- oder Wanderbekleidung, Tee, Jause.<\/p>\n\n\n\n<p><strong>Ausr\u00fcstung<\/strong>: Schneeschuhe und St\u00f6cke, Lawinenausru\u0308stung (Schaufel, Sonde, Pieps) &#8211; Alles kannst du nat\u00fcrlich bei mir ausleihen.<\/p>\n\n\n\n<p>Einzel- oder Gruppenwanderung<br><strong>Dauer:<\/strong> ca. 4 Stunden<br><strong>Preis:<\/strong> \u20ac 99 pro Person*, exklusive Bergbahnticket<\/p>\n\n\n\n<p>Anmeldung und Terminvereinbarung auf Anfrage<\/p>\n\n\n\n<div class=\"wp-block-buttons is-layout-flex wp-block-buttons-is-layout-flex\">\n<div class=\"wp-block-button\"><a class=\"wp-block-button__link has-background wp-element-button\" href=\"mailto:alpenerleben@gemsli.at?subject=Schnee_Genuss%20Momente%20auf%20der%20Silvretta%20\/%20Schneeschuhtour%20A\/F\" style=\"background-color:#408ebf\" target=\"_blank\" rel=\"alpenerleben@gemsli.at noopener noreferrer noopener\">Anfrage\/Anmeldung per E-Mail an \u2018gemsli<\/a><\/div>\n<\/div>\n\n\n\n<p><br>*) Die angegebenen Preise gelten ab einer Teilnahme von 3 Personen. Ich fu\u0308hre<br>Kleingruppen gerne auf Anfrage.<\/p>\n","protected":false},"excerpt":{"rendered":"<p>Erlebe unvergessliche Momente am Fu\u00dfe der 3000er Termine &#8211; jeweils von ca. 9:00 bis 15:00 Uhr, auf AnfrageWandersaison: Ende Dezember bis Anfang Mai Routenwahl felxibel \u2013 geeignet f\u00fcr Anf\u00e4nger:innen und Fortgeschritte Winterliches Bergerlebnis garantiert, auch bei wenig Schnee im Tal! Eine beeindruckende Schneeschuhtour auf \u00fcber 2000 Meter, mit grandiosem Blick auf die Bergkulisse der Silvretta. &hellip; <\/p>\n<p class=\"link-more\"><a href=\"https:\/\/www.gemsli.at\/index.php\/winterprogramm\/gemsli_marsch-schneeschuh-tour-silvretta\/\" class=\"more-link\">Continue reading<span class=\"screen-reader-text\"> &#8222;Schnee_Genuss Momente auf der Silvretta&#8220;<\/span><\/a><\/p>\n","protected":false},"author":1,"featured_media":1109,"parent":910,"menu_order":0,"comment_status":"closed","ping_status":"closed","template":"","meta":{"footnotes":""},"class_list":["post-927","page","type-page","status-publish","has-post-thumbnail","hentry"],"_links":{"self":[{"href":"https:\/\/www.gemsli.at\/index.php\/wp-json\/wp\/v2\/pages\/927","targetHints":{"allow":["GET"]}}],"collection":[{"href":"https:\/\/www.gemsli.at\/index.php\/wp-json\/wp\/v2\/pages"}],"about":[{"href":"https:\/\/www.gemsli.at\/index.php\/wp-json\/wp\/v2\/types\/page"}],"author":[{"embeddable":true,"href":"https:\/\/www.gemsli.at\/index.php\/wp-json\/wp\/v2\/users\/1"}],"replies":[{"embeddable":true,"href":"https:\/\/www.gemsli.at\/index.php\/wp-json\/wp\/v2\/comments?post=927"}],"version-history":[{"count":21,"href":"https:\/\/www.gemsli.at\/index.php\/wp-json\/wp\/v2\/pages\/927\/revisions"}],"predecessor-version":[{"id":3015,"href":"https:\/\/www.gemsli.at\/index.php\/wp-json\/wp\/v2\/pages\/927\/revisions\/3015"}],"up":[{"embeddable":true,"href":"https:\/\/www.gemsli.at\/index.php\/wp-json\/wp\/v2\/pages\/910"}],"wp:featuredmedia":[{"embeddable":true,"href":"https:\/\/www.gemsli.at\/index.php\/wp-json\/wp\/v2\/media\/1109"}],"wp:attachment":[{"href":"https:\/\/www.gemsli.at\/index.php\/wp-json\/wp\/v2\/media?parent=927"}],"curies":[{"name":"wp","href":"https:\/\/api.w.org\/{rel}","templated":true}]}}