{"id":924,"date":"2021-10-23T11:53:02","date_gmt":"2021-10-23T09:53:02","guid":{"rendered":"https:\/\/www.gemsli.at\/?page_id=924"},"modified":"2026-01-19T11:57:15","modified_gmt":"2026-01-19T10:57:15","slug":"alpen_blick-schneeschuh-tour-verwall","status":"publish","type":"page","link":"https:\/\/www.gemsli.at\/index.php\/winterprogramm\/alpen_blick-schneeschuh-tour-verwall\/","title":{"rendered":"Schnee_Genuss Momente Silvretta"},"content":{"rendered":"\n<h2 class=\"wp-block-heading\"><mark style=\"background-color:rgba(0, 0, 0, 0);color:#408ebf\" class=\"has-inline-color\">Ruhige Schneeschuhwanderung mit grandiosem Weitblick<\/mark><\/h2>\n\n\n\n<p><strong>Termine<\/strong> &#8211; jeweils von ca. 9:00 bis 15:00 Uhr, auf Anfrage<br><strong>Wandersaison Ende Dezember bis Anfang Mai<\/strong><br><em>Schneeschuhtour f\u00fcr Fortgeschrittene<\/em><\/p>\n\n\n\n<p><strong>Winterliches Bergerlebnis garantiert, auch bei wenig Schnee im Tal!<\/strong><\/p>\n\n\n\n<h3 class=\"wp-block-heading\">Staunen und Kr\u00e4fte tanken. <\/h3>\n\n\n\n<p>M\u00f6chtest du eine Schneeschuhtour abseits der bekannten Pfade erleben?<br>Etwas ganz Besonderes entdecken und in eine ruhige, unber\u00fchrte Winterlandschaft eintauchen?<\/p>\n\n\n\n<p>Ich nehme dich mit auf eine meiner Lieblingstouren. Gemeinsam wandern wir durch die tief verschneite Winterlandschaft und genie\u00dfen die Stille, die Weite und die Aussicht.<\/p>\n\n\n\n<p>Unsere Tour beginnt mit der Bergfahrt mit der Vermuntbahn in Partenen. Oben angekommen f\u00fchrt uns der Weg durch einen tief verschneiten Winterwald hinauf auf ein wundersch\u00f6nes Plateau. Dort er\u00f6ffnet sich ein grandioser Weitblick auf die m\u00e4chtige Bergkulisse der Silvretta und des Verwall.<br>Mit etwas Gl\u00fcck beobachten wir G\u00e4mse oder entdecken die Spuren anderer Wildtiere im Schnee.<\/p>\n\n\n\n<p>W\u00e4hrend unserer Tour gebe ich spannende Einblicke in die umliegenden Berge und \u00fcberrasche euch mit traditionellen, selbstgemachten K\u00f6stlichkeiten.<\/p>\n\n\n\n<figure class=\"wp-block-gallery has-nested-images columns-1 is-cropped wp-block-gallery-1 is-layout-flex wp-block-gallery-is-layout-flex\">\n<figure class=\"wp-block-image size-large\"><img loading=\"lazy\" decoding=\"async\" width=\"1024\" height=\"683\" data-id=\"2929\" src=\"https:\/\/www.gemsli.at\/wp-content\/uploads\/2025\/12\/IMG_4694-1024x683.jpg\" alt=\"\" class=\"wp-image-2929\" srcset=\"https:\/\/www.gemsli.at\/wp-content\/uploads\/2025\/12\/IMG_4694-1024x683.jpg 1024w, https:\/\/www.gemsli.at\/wp-content\/uploads\/2025\/12\/IMG_4694-300x200.jpg 300w, https:\/\/www.gemsli.at\/wp-content\/uploads\/2025\/12\/IMG_4694-768x512.jpg 768w, https:\/\/www.gemsli.at\/wp-content\/uploads\/2025\/12\/IMG_4694-1536x1024.jpg 1536w, https:\/\/www.gemsli.at\/wp-content\/uploads\/2025\/12\/IMG_4694-2048x1365.jpg 2048w\" sizes=\"auto, (max-width: 767px) 89vw, (max-width: 1000px) 54vw, (max-width: 1071px) 543px, 580px\" \/><\/figure>\n\n\n\n<figure class=\"wp-block-image size-large\"><img loading=\"lazy\" decoding=\"async\" width=\"2000\" height=\"1377\" data-id=\"2611\" src=\"https:\/\/www.gemsli.at\/wp-content\/uploads\/2024\/01\/cropped-Gemsli_Alpenerleben_Winter-2_DSC05548-scaled-1.jpg\" alt=\"\" class=\"wp-image-2611\" srcset=\"https:\/\/www.gemsli.at\/wp-content\/uploads\/2024\/01\/cropped-Gemsli_Alpenerleben_Winter-2_DSC05548-scaled-1.jpg 2000w, https:\/\/www.gemsli.at\/wp-content\/uploads\/2024\/01\/cropped-Gemsli_Alpenerleben_Winter-2_DSC05548-scaled-1-300x207.jpg 300w, https:\/\/www.gemsli.at\/wp-content\/uploads\/2024\/01\/cropped-Gemsli_Alpenerleben_Winter-2_DSC05548-scaled-1-1024x705.jpg 1024w, https:\/\/www.gemsli.at\/wp-content\/uploads\/2024\/01\/cropped-Gemsli_Alpenerleben_Winter-2_DSC05548-scaled-1-768x529.jpg 768w, https:\/\/www.gemsli.at\/wp-content\/uploads\/2024\/01\/cropped-Gemsli_Alpenerleben_Winter-2_DSC05548-scaled-1-1536x1058.jpg 1536w\" sizes=\"auto, (max-width: 767px) 89vw, (max-width: 1000px) 54vw, (max-width: 1071px) 543px, 580px\" \/><\/figure>\n\n\n\n<figure class=\"wp-block-image size-large\"><img loading=\"lazy\" decoding=\"async\" width=\"1024\" height=\"683\" data-id=\"2930\" src=\"https:\/\/www.gemsli.at\/wp-content\/uploads\/2025\/12\/IMG_4639-1024x683.jpg\" alt=\"\" class=\"wp-image-2930\" srcset=\"https:\/\/www.gemsli.at\/wp-content\/uploads\/2025\/12\/IMG_4639-1024x683.jpg 1024w, https:\/\/www.gemsli.at\/wp-content\/uploads\/2025\/12\/IMG_4639-300x200.jpg 300w, https:\/\/www.gemsli.at\/wp-content\/uploads\/2025\/12\/IMG_4639-768x512.jpg 768w, https:\/\/www.gemsli.at\/wp-content\/uploads\/2025\/12\/IMG_4639-1536x1024.jpg 1536w, https:\/\/www.gemsli.at\/wp-content\/uploads\/2025\/12\/IMG_4639-2048x1365.jpg 2048w\" sizes=\"auto, (max-width: 767px) 89vw, (max-width: 1000px) 54vw, (max-width: 1071px) 543px, 580px\" \/><\/figure>\n<\/figure>\n\n\n\n<p><strong>Treffpunkt: <\/strong>Partenen, Vermuntbahn Talstation, wird individuell bei Buchung vereinbart.<\/p>\n\n\n\n<p><strong>Anforderungen:<\/strong><br>Kondition und Ausdauer f\u00fcr eine vierst\u00fcndige Schneeschuhwanderung. Festes wasserdichtes Schuhwerk, warme Sportbekleidung, Tee, Jause, <\/p>\n\n\n\n<p><strong>Ausr\u00fcstung<\/strong>: Schneeschuhe und St\u00f6cke, Lawinenausru\u0308stung (Schaufel, Sonde, Pieps) &#8211; Alles kannst du bequem bei mir ausleihen.<\/p>\n\n\n\n<p>Einzel- oder Gruppenwanderung<br><strong>Dauer:<\/strong> ca. 5 Stunden<br><strong>Preis: <\/strong>\u20ac 99 pro Person*<\/p>\n\n\n\n<p>Anmeldung und Terminvereinbarung auf Anfrage<\/p>\n\n\n\n<div class=\"wp-block-buttons is-layout-flex wp-block-buttons-is-layout-flex\">\n<div class=\"wp-block-button\"><a class=\"wp-block-button__link has-background wp-element-button\" href=\"mailto:alpenerleben@gemsli.at?subject=Schnee_Genuss%20Momente%20Silvretta%20\/%20Schneeschuhtour%20F\" style=\"background-color:#408ebf\" target=\"_blank\" rel=\"noreferrer noopener\">Anfrage\/Anmeldung per E-Mail an \u2018gemsli<\/a><\/div>\n<\/div>\n\n\n\n<p><br>*) Die angegebenen Preise gelten ab einer Teilnahme von 4 Personen. Ich fu\u0308hre<br>Kleingruppen gerne auf Anfrage.<\/p>\n","protected":false},"excerpt":{"rendered":"<p>Ruhige Schneeschuhwanderung mit grandiosem Weitblick Termine &#8211; jeweils von ca. 9:00 bis 15:00 Uhr, auf AnfrageWandersaison Ende Dezember bis Anfang MaiSchneeschuhtour f\u00fcr Fortgeschrittene Winterliches Bergerlebnis garantiert, auch bei wenig Schnee im Tal! Staunen und Kr\u00e4fte tanken. M\u00f6chtest du eine Schneeschuhtour abseits der bekannten Pfade erleben?Etwas ganz Besonderes entdecken und in eine ruhige, unber\u00fchrte Winterlandschaft eintauchen? &hellip; <\/p>\n<p class=\"link-more\"><a href=\"https:\/\/www.gemsli.at\/index.php\/winterprogramm\/alpen_blick-schneeschuh-tour-verwall\/\" class=\"more-link\">Continue reading<span class=\"screen-reader-text\"> &#8222;Schnee_Genuss Momente Silvretta&#8220;<\/span><\/a><\/p>\n","protected":false},"author":1,"featured_media":987,"parent":910,"menu_order":0,"comment_status":"closed","ping_status":"closed","template":"","meta":{"footnotes":""},"class_list":["post-924","page","type-page","status-publish","has-post-thumbnail","hentry"],"_links":{"self":[{"href":"https:\/\/www.gemsli.at\/index.php\/wp-json\/wp\/v2\/pages\/924","targetHints":{"allow":["GET"]}}],"collection":[{"href":"https:\/\/www.gemsli.at\/index.php\/wp-json\/wp\/v2\/pages"}],"about":[{"href":"https:\/\/www.gemsli.at\/index.php\/wp-json\/wp\/v2\/types\/page"}],"author":[{"embeddable":true,"href":"https:\/\/www.gemsli.at\/index.php\/wp-json\/wp\/v2\/users\/1"}],"replies":[{"embeddable":true,"href":"https:\/\/www.gemsli.at\/index.php\/wp-json\/wp\/v2\/comments?post=924"}],"version-history":[{"count":23,"href":"https:\/\/www.gemsli.at\/index.php\/wp-json\/wp\/v2\/pages\/924\/revisions"}],"predecessor-version":[{"id":3014,"href":"https:\/\/www.gemsli.at\/index.php\/wp-json\/wp\/v2\/pages\/924\/revisions\/3014"}],"up":[{"embeddable":true,"href":"https:\/\/www.gemsli.at\/index.php\/wp-json\/wp\/v2\/pages\/910"}],"wp:featuredmedia":[{"embeddable":true,"href":"https:\/\/www.gemsli.at\/index.php\/wp-json\/wp\/v2\/media\/987"}],"wp:attachment":[{"href":"https:\/\/www.gemsli.at\/index.php\/wp-json\/wp\/v2\/media?parent=924"}],"curies":[{"name":"wp","href":"https:\/\/api.w.org\/{rel}","templated":true}]}}