{"id":918,"date":"2021-10-22T17:54:08","date_gmt":"2021-10-22T15:54:08","guid":{"rendered":"https:\/\/www.gemsli.at\/?page_id=918"},"modified":"2024-12-06T12:29:59","modified_gmt":"2024-12-06T11:29:59","slug":"schnee_genuss-momente","status":"publish","type":"page","link":"https:\/\/www.gemsli.at\/index.php\/wanderangebot\/schnee_genuss-momente\/","title":{"rendered":"Schnee_Genuss Momente"},"content":{"rendered":"\n<p>verschneit, romatisch, geheimnissvoll<\/p>\n\n\n\n<figure class=\"wp-block-gallery has-nested-images columns-1 is-cropped wp-block-gallery-1 is-layout-flex wp-block-gallery-is-layout-flex\">\n<figure class=\"wp-block-image size-large\"><img loading=\"lazy\" decoding=\"async\" width=\"1024\" height=\"683\" data-id=\"1109\" src=\"https:\/\/www.gemsli.at\/wp-content\/uploads\/2021\/10\/Gemsli_Marsch-Schneeschuhtour-Silvretta_Saarbrueckner2-1024x683.jpg\" alt=\"\" class=\"wp-image-1109\" srcset=\"https:\/\/www.gemsli.at\/wp-content\/uploads\/2021\/10\/Gemsli_Marsch-Schneeschuhtour-Silvretta_Saarbrueckner2-1024x683.jpg 1024w, https:\/\/www.gemsli.at\/wp-content\/uploads\/2021\/10\/Gemsli_Marsch-Schneeschuhtour-Silvretta_Saarbrueckner2-300x200.jpg 300w, https:\/\/www.gemsli.at\/wp-content\/uploads\/2021\/10\/Gemsli_Marsch-Schneeschuhtour-Silvretta_Saarbrueckner2-768x512.jpg 768w, https:\/\/www.gemsli.at\/wp-content\/uploads\/2021\/10\/Gemsli_Marsch-Schneeschuhtour-Silvretta_Saarbrueckner2-1536x1024.jpg 1536w, https:\/\/www.gemsli.at\/wp-content\/uploads\/2021\/10\/Gemsli_Marsch-Schneeschuhtour-Silvretta_Saarbrueckner2-2048x1365.jpg 2048w\" sizes=\"auto, (max-width: 767px) 89vw, (max-width: 1000px) 54vw, (max-width: 1071px) 543px, 580px\" \/><\/figure>\n<\/figure>\n\n\n\n<figure class=\"wp-block-gallery has-nested-images columns-default is-cropped wp-block-gallery-2 is-layout-flex wp-block-gallery-is-layout-flex\">\n<figure class=\"wp-block-image size-large\"><img loading=\"lazy\" decoding=\"async\" width=\"2000\" height=\"1201\" data-id=\"2616\" src=\"https:\/\/www.gemsli.at\/wp-content\/uploads\/2024\/12\/cropped-P1045109-1.jpg\" alt=\"\" class=\"wp-image-2616\" srcset=\"https:\/\/www.gemsli.at\/wp-content\/uploads\/2024\/12\/cropped-P1045109-1.jpg 2000w, https:\/\/www.gemsli.at\/wp-content\/uploads\/2024\/12\/cropped-P1045109-1-300x180.jpg 300w, https:\/\/www.gemsli.at\/wp-content\/uploads\/2024\/12\/cropped-P1045109-1-1024x615.jpg 1024w, https:\/\/www.gemsli.at\/wp-content\/uploads\/2024\/12\/cropped-P1045109-1-768x461.jpg 768w, https:\/\/www.gemsli.at\/wp-content\/uploads\/2024\/12\/cropped-P1045109-1-1536x922.jpg 1536w\" sizes=\"auto, (max-width: 767px) 89vw, (max-width: 1000px) 54vw, (max-width: 1071px) 543px, 580px\" \/><\/figure>\n\n\n\n<figure class=\"wp-block-image size-large\"><img loading=\"lazy\" decoding=\"async\" width=\"2000\" height=\"1333\" data-id=\"2630\" src=\"https:\/\/www.gemsli.at\/wp-content\/uploads\/2024\/12\/DSC09455.jpg\" alt=\"\" class=\"wp-image-2630\" srcset=\"https:\/\/www.gemsli.at\/wp-content\/uploads\/2024\/12\/DSC09455.jpg 2000w, https:\/\/www.gemsli.at\/wp-content\/uploads\/2024\/12\/DSC09455-300x200.jpg 300w, https:\/\/www.gemsli.at\/wp-content\/uploads\/2024\/12\/DSC09455-1024x682.jpg 1024w, https:\/\/www.gemsli.at\/wp-content\/uploads\/2024\/12\/DSC09455-768x512.jpg 768w, https:\/\/www.gemsli.at\/wp-content\/uploads\/2024\/12\/DSC09455-1536x1024.jpg 1536w\" sizes=\"auto, (max-width: 767px) 89vw, (max-width: 1000px) 54vw, (max-width: 1071px) 543px, 580px\" \/><\/figure>\n<\/figure>\n\n\n\n<h1 class=\"wp-block-heading\"><mark style=\"background-color:rgba(0, 0, 0, 0);color:#408ebf\" class=\"has-inline-color\">Die glitzernden Schneekristalle auf der sanften wei\u00dfen Schneepracht wecken Freude in jedermanns Herzen.<\/mark><\/h1>\n\n\n\n<h2 class=\"wp-block-heading\">Du liebst die Winterlandschaft, das Ger\u00e4usch wenn die Schuhe im Schnee knirschen und das besondere Licht bei Sonnenschein? Dann findest Du Dich in meinen Schnee_Genuss Momenten wieder.<\/h2>\n\n\n\n<p><br>Wir wandern durch die unberu\u0308hrte verschneite Bergwelt, genie\u00dfen die Ruhe und die bezaubernde Sch\u00f6nheit der Natur.<\/p>\n\n\n\n<p>Beim Schneeschuhwandern ist man abseits der Menschenmassen unterwegs, entflieht dem Alltagsstress, hat genu\u0308gend Zeit das einmalige Bergpanorama zu genie\u00dfen und erlebt eine gro\u00dfe Naturvielfalt: Sanft verschneite Wiesen und H\u00e4nge, gefrorene Seen, Zuckertannen, Tierspuren und mit etwas Glu\u0308ck sogar Wildtiere.<\/p>\n\n\n\n<p>Eine kurze Einfu\u0308hrung zum Umgang mit Schneeschuhen und einen Einblick in die Lawinenkunde ist selbstverst\u00e4ndlich auch mit dabei.<\/p>\n\n\n\n<p>Schnee_Genuss Momente sind fu\u0308r jedermann geeignet, der gut zu Fu\u00df ist.<br>Ob Gro\u00dfeltern, Familien, Paare oder Gruppen \u2013 die M\u00f6glichkeiten sind vielf\u00e4ltig und k\u00f6nnen individuell den Bedu\u0308rfnissen angepasst werden.<\/p>\n\n\n\n<figure class=\"wp-block-gallery has-nested-images columns-default is-cropped wp-block-gallery-3 is-layout-flex wp-block-gallery-is-layout-flex\">\n<figure class=\"wp-block-image size-large\"><img loading=\"lazy\" decoding=\"async\" width=\"2560\" height=\"1920\" data-id=\"2620\" src=\"https:\/\/www.gemsli.at\/wp-content\/uploads\/2024\/12\/P1045104-scaled.jpg\" alt=\"\" class=\"wp-image-2620\" srcset=\"https:\/\/www.gemsli.at\/wp-content\/uploads\/2024\/12\/P1045104-scaled.jpg 2560w, https:\/\/www.gemsli.at\/wp-content\/uploads\/2024\/12\/P1045104-300x225.jpg 300w, https:\/\/www.gemsli.at\/wp-content\/uploads\/2024\/12\/P1045104-1024x768.jpg 1024w, https:\/\/www.gemsli.at\/wp-content\/uploads\/2024\/12\/P1045104-768x576.jpg 768w, https:\/\/www.gemsli.at\/wp-content\/uploads\/2024\/12\/P1045104-1536x1152.jpg 1536w, https:\/\/www.gemsli.at\/wp-content\/uploads\/2024\/12\/P1045104-2048x1536.jpg 2048w\" sizes=\"auto, (max-width: 767px) 89vw, (max-width: 1000px) 54vw, (max-width: 1071px) 543px, 580px\" \/><\/figure>\n\n\n\n<figure class=\"wp-block-image size-large\"><img loading=\"lazy\" decoding=\"async\" width=\"2560\" height=\"1438\" data-id=\"2631\" src=\"https:\/\/www.gemsli.at\/wp-content\/uploads\/2024\/12\/IMG_6816-scaled.jpg\" alt=\"\" class=\"wp-image-2631\" srcset=\"https:\/\/www.gemsli.at\/wp-content\/uploads\/2024\/12\/IMG_6816-scaled.jpg 2560w, https:\/\/www.gemsli.at\/wp-content\/uploads\/2024\/12\/IMG_6816-300x169.jpg 300w, https:\/\/www.gemsli.at\/wp-content\/uploads\/2024\/12\/IMG_6816-1024x575.jpg 1024w, https:\/\/www.gemsli.at\/wp-content\/uploads\/2024\/12\/IMG_6816-768x431.jpg 768w, https:\/\/www.gemsli.at\/wp-content\/uploads\/2024\/12\/IMG_6816-1536x863.jpg 1536w, https:\/\/www.gemsli.at\/wp-content\/uploads\/2024\/12\/IMG_6816-2048x1150.jpg 2048w\" sizes=\"auto, (max-width: 767px) 89vw, (max-width: 1000px) 54vw, (max-width: 1071px) 543px, 580px\" \/><\/figure>\n<\/figure>\n\n\n\n<figure class=\"wp-block-gallery has-nested-images columns-default is-cropped wp-block-gallery-4 is-layout-flex wp-block-gallery-is-layout-flex\">\n<figure class=\"wp-block-image size-large\"><img loading=\"lazy\" decoding=\"async\" width=\"1024\" height=\"575\" data-id=\"2198\" src=\"https:\/\/www.gemsli.at\/wp-content\/uploads\/2024\/01\/IMG_6863-1024x575.jpg\" alt=\"\" class=\"wp-image-2198\" srcset=\"https:\/\/www.gemsli.at\/wp-content\/uploads\/2024\/01\/IMG_6863-1024x575.jpg 1024w, https:\/\/www.gemsli.at\/wp-content\/uploads\/2024\/01\/IMG_6863-300x169.jpg 300w, https:\/\/www.gemsli.at\/wp-content\/uploads\/2024\/01\/IMG_6863-768x431.jpg 768w, https:\/\/www.gemsli.at\/wp-content\/uploads\/2024\/01\/IMG_6863-1536x863.jpg 1536w, https:\/\/www.gemsli.at\/wp-content\/uploads\/2024\/01\/IMG_6863-2048x1150.jpg 2048w\" sizes=\"auto, (max-width: 767px) 89vw, (max-width: 1000px) 54vw, (max-width: 1071px) 543px, 580px\" \/><\/figure>\n\n\n\n<figure class=\"wp-block-image size-large\"><img loading=\"lazy\" decoding=\"async\" width=\"1024\" height=\"575\" data-id=\"982\" src=\"https:\/\/www.gemsli.at\/wp-content\/uploads\/2021\/10\/gemsli-uebermich_Wi_1-1024x575.jpg\" alt=\"\" class=\"wp-image-982\" srcset=\"https:\/\/www.gemsli.at\/wp-content\/uploads\/2021\/10\/gemsli-uebermich_Wi_1-1024x575.jpg 1024w, https:\/\/www.gemsli.at\/wp-content\/uploads\/2021\/10\/gemsli-uebermich_Wi_1-300x168.jpg 300w, https:\/\/www.gemsli.at\/wp-content\/uploads\/2021\/10\/gemsli-uebermich_Wi_1-768x431.jpg 768w, https:\/\/www.gemsli.at\/wp-content\/uploads\/2021\/10\/gemsli-uebermich_Wi_1-1536x862.jpg 1536w, https:\/\/www.gemsli.at\/wp-content\/uploads\/2021\/10\/gemsli-uebermich_Wi_1-2048x1150.jpg 2048w\" sizes=\"auto, (max-width: 767px) 89vw, (max-width: 1000px) 54vw, (max-width: 1071px) 543px, 580px\" \/><\/figure>\n\n\n\n<figure class=\"wp-block-image size-large\"><img loading=\"lazy\" decoding=\"async\" width=\"1024\" height=\"576\" data-id=\"2090\" src=\"https:\/\/www.gemsli.at\/wp-content\/uploads\/2023\/12\/Heli-09938_c_Helmut-Dueringer-1024x576.jpg\" alt=\"\" class=\"wp-image-2090\" srcset=\"https:\/\/www.gemsli.at\/wp-content\/uploads\/2023\/12\/Heli-09938_c_Helmut-Dueringer-1024x576.jpg 1024w, https:\/\/www.gemsli.at\/wp-content\/uploads\/2023\/12\/Heli-09938_c_Helmut-Dueringer-300x169.jpg 300w, https:\/\/www.gemsli.at\/wp-content\/uploads\/2023\/12\/Heli-09938_c_Helmut-Dueringer-768x432.jpg 768w, https:\/\/www.gemsli.at\/wp-content\/uploads\/2023\/12\/Heli-09938_c_Helmut-Dueringer-1536x864.jpg 1536w, https:\/\/www.gemsli.at\/wp-content\/uploads\/2023\/12\/Heli-09938_c_Helmut-Dueringer.jpg 2000w\" sizes=\"auto, (max-width: 767px) 89vw, (max-width: 1000px) 54vw, (max-width: 1071px) 543px, 580px\" \/><\/figure>\n<\/figure>\n\n\n\n<h1 class=\"wp-block-heading\"><mark style=\"background-color:rgba(0, 0, 0, 0);color:#408ebf\" class=\"has-inline-color\">Alpenerleben zu jeder Jahreszeit und f\u00fcr jeden Geschmack<\/mark><\/h1>\n\n\n\n<p><strong><a href=\"https:\/\/www.gemsli.at\/index.php\/wanderangebot\/alpen_blick-wanderungen\/\" target=\"_blank\" rel=\"noreferrer noopener\">Alpen_Blick Wanderungen<\/a><\/strong><br>Lasst uns gemeinsam die Vielfalt und Sch\u00f6nheit der Alpen erwandern! Entdeckt Orte zum Genie\u00dfen, Staunen und Kr\u00e4fte tanken.<\/p>\n\n\n\n<p><strong><a href=\"https:\/\/www.gemsli.at\/index.php\/wanderangebot\/gipfel_buch-erlebnisse\/\" target=\"_blank\" rel=\"noreferrer noopener\">Gipfel_Buch Erlebnisse<\/a><\/strong><br>Gipfel erwandern und unbeschreibliches Gipfelgl\u00fcck genie\u00dfen!<\/p>\n\n\n\n<p><strong><a rel=\"noreferrer noopener\" href=\"https:\/\/www.gemsli.at\/index.php\/wanderangebot\/gemsli_marsch-touren\/\" target=\"_blank\">Gemsli_Marsch Touren<\/a><\/strong><br>Von H\u00fctte zu H\u00fctte wandern, Kilometer und H\u00f6henmeter sammeln \u2013 das ist unvergessliches Alpenerleben pur!<\/p>\n\n\n\n<p><strong>Schnee_Genuss Momente<\/strong><br>Die glitzernden Schneekristalle auf der sanften wei\u00dfen Schneepracht wecken Freude in jedermanns Herzen.<\/p>\n\n\n\n<p><strong><a href=\"https:\/\/www.gemsli.at\/index.php\/wanderangebot\/natur_vielfalt-tage\/\">Natur_Vielfalt Tage<\/a><\/strong><br>Gro\u00df und Klein, Jung und Alt, erwecken Neugier und erforschen das Naturerlebnis mit allen Sinnen.<\/p>\n\n\n\n<div class=\"wp-block-buttons is-layout-flex wp-block-buttons-is-layout-flex\">\n<div class=\"wp-block-button\"><a class=\"wp-block-button__link has-background\" href=\"https:\/\/www.gemsli.at\/index.php\/kontakt\/\" style=\"background-color:#408ebf\">Individuelle Wanderw\u00fcnsche auf Anfrage<\/a><\/div>\n<\/div>\n\n\n\n<p><\/p>\n","protected":false},"excerpt":{"rendered":"<p>verschneit, romatisch, geheimnissvoll Die glitzernden Schneekristalle auf der sanften wei\u00dfen Schneepracht wecken Freude in jedermanns Herzen. Du liebst die Winterlandschaft, das Ger\u00e4usch wenn die Schuhe im Schnee knirschen und das besondere Licht bei Sonnenschein? Dann findest Du Dich in meinen Schnee_Genuss Momenten wieder. Wir wandern durch die unberu\u0308hrte verschneite Bergwelt, genie\u00dfen die Ruhe und die &hellip; <\/p>\n<p class=\"link-more\"><a href=\"https:\/\/www.gemsli.at\/index.php\/wanderangebot\/schnee_genuss-momente\/\" class=\"more-link\">Continue reading<span class=\"screen-reader-text\"> &#8222;Schnee_Genuss Momente&#8220;<\/span><\/a><\/p>\n","protected":false},"author":1,"featured_media":984,"parent":128,"menu_order":0,"comment_status":"closed","ping_status":"closed","template":"","meta":{"footnotes":""},"class_list":["post-918","page","type-page","status-publish","has-post-thumbnail","hentry"],"_links":{"self":[{"href":"https:\/\/www.gemsli.at\/index.php\/wp-json\/wp\/v2\/pages\/918","targetHints":{"allow":["GET"]}}],"collection":[{"href":"https:\/\/www.gemsli.at\/index.php\/wp-json\/wp\/v2\/pages"}],"about":[{"href":"https:\/\/www.gemsli.at\/index.php\/wp-json\/wp\/v2\/types\/page"}],"author":[{"embeddable":true,"href":"https:\/\/www.gemsli.at\/index.php\/wp-json\/wp\/v2\/users\/1"}],"replies":[{"embeddable":true,"href":"https:\/\/www.gemsli.at\/index.php\/wp-json\/wp\/v2\/comments?post=918"}],"version-history":[{"count":18,"href":"https:\/\/www.gemsli.at\/index.php\/wp-json\/wp\/v2\/pages\/918\/revisions"}],"predecessor-version":[{"id":2792,"href":"https:\/\/www.gemsli.at\/index.php\/wp-json\/wp\/v2\/pages\/918\/revisions\/2792"}],"up":[{"embeddable":true,"href":"https:\/\/www.gemsli.at\/index.php\/wp-json\/wp\/v2\/pages\/128"}],"wp:featuredmedia":[{"embeddable":true,"href":"https:\/\/www.gemsli.at\/index.php\/wp-json\/wp\/v2\/media\/984"}],"wp:attachment":[{"href":"https:\/\/www.gemsli.at\/index.php\/wp-json\/wp\/v2\/media?parent=918"}],"curies":[{"name":"wp","href":"https:\/\/api.w.org\/{rel}","templated":true}]}}