{"id":910,"date":"2021-10-22T17:27:11","date_gmt":"2021-10-22T15:27:11","guid":{"rendered":"https:\/\/www.gemsli.at\/?page_id=910"},"modified":"2025-12-13T22:53:35","modified_gmt":"2025-12-13T21:53:35","slug":"winterprogramm","status":"publish","type":"page","link":"https:\/\/www.gemsli.at\/index.php\/winterprogramm\/","title":{"rendered":"Gemsli Wintererlebnisse"},"content":{"rendered":"\n<h2 class=\"wp-block-heading\">Hier findest du eine Auswahl meiner pers\u00f6nlichen lieblings Winterwanderungen und Schneeschuhtouren, auf die ich Dich gerne mitnehme. <br><br>Deine Wunsch-Tour ist nicht dabei? Dann schick mir einfach eine Anfrage.<\/h2>\n\n\n\n<h2 class=\"wp-block-heading\"><mark style=\"background-color:rgba(0, 0, 0, 0);color:#408ebf\" class=\"has-inline-color\">Erlebe unvergessliche Momente am Fu\u00dfe der 3000er<\/mark><\/h2>\n\n\n\n<div class=\"wp-block-media-text alignwide is-stacked-on-mobile\"><figure class=\"wp-block-media-text__media\"><img loading=\"lazy\" decoding=\"async\" width=\"1024\" height=\"682\" src=\"https:\/\/www.gemsli.at\/wp-content\/uploads\/2024\/12\/DSC09455-1024x682.jpg\" alt=\"\" class=\"wp-image-2630 size-full\" srcset=\"https:\/\/www.gemsli.at\/wp-content\/uploads\/2024\/12\/DSC09455-1024x682.jpg 1024w, https:\/\/www.gemsli.at\/wp-content\/uploads\/2024\/12\/DSC09455-300x200.jpg 300w, https:\/\/www.gemsli.at\/wp-content\/uploads\/2024\/12\/DSC09455-768x512.jpg 768w, https:\/\/www.gemsli.at\/wp-content\/uploads\/2024\/12\/DSC09455-1536x1024.jpg 1536w, https:\/\/www.gemsli.at\/wp-content\/uploads\/2024\/12\/DSC09455.jpg 2000w\" sizes=\"auto, (max-width: 767px) 89vw, (max-width: 1000px) 54vw, (max-width: 1071px) 543px, 580px\" \/><\/figure><div class=\"wp-block-media-text__content\">\n<p class=\"has-normal-font-size\"><strong><mark style=\"background-color:rgba(0, 0, 0, 0);color:#464646\" class=\"has-inline-color\">Schnee_Genuss Momente SILVRETTA<\/mark><\/strong><br><em>Einsteiger:innen\/Fortgeschrittene<\/em><\/p>\n\n\n\n<p class=\"has-black-color has-text-color has-normal-font-size\">Schneeschuhtour vor m\u00e4chtiger Bergkulisse &#8230;<br><em>Winterliches Bergerlebnis garantiert, auch bei wenig Schnee im Tal!<\/em><br><a href=\"https:\/\/www.gemsli.at\/index.php\/winterprogramm\/gemsli_marsch-schneeschuh-tour-silvretta\/\">weitere Infos und Termine<\/a><\/p>\n<\/div><\/div>\n\n\n\n<hr class=\"wp-block-separator has-alpha-channel-opacity is-style-wide\"\/>\n\n\n\n<h2 class=\"wp-block-heading\"><mark style=\"background-color:rgba(0, 0, 0, 0);color:#408ebf\" class=\"has-inline-color\">Ruhige Schneeschuhwanderung mit grandiosem Weitblick<\/mark><\/h2>\n\n\n\n<div class=\"wp-block-media-text alignwide is-stacked-on-mobile\"><figure class=\"wp-block-media-text__media\"><img loading=\"lazy\" decoding=\"async\" width=\"1024\" height=\"705\" src=\"https:\/\/www.gemsli.at\/wp-content\/uploads\/2024\/01\/cropped-Gemsli_Alpenerleben_Winter-2_DSC05548-scaled-1-1024x705.jpg\" alt=\"\" class=\"wp-image-2611 size-full\" srcset=\"https:\/\/www.gemsli.at\/wp-content\/uploads\/2024\/01\/cropped-Gemsli_Alpenerleben_Winter-2_DSC05548-scaled-1-1024x705.jpg 1024w, https:\/\/www.gemsli.at\/wp-content\/uploads\/2024\/01\/cropped-Gemsli_Alpenerleben_Winter-2_DSC05548-scaled-1-300x207.jpg 300w, https:\/\/www.gemsli.at\/wp-content\/uploads\/2024\/01\/cropped-Gemsli_Alpenerleben_Winter-2_DSC05548-scaled-1-768x529.jpg 768w, https:\/\/www.gemsli.at\/wp-content\/uploads\/2024\/01\/cropped-Gemsli_Alpenerleben_Winter-2_DSC05548-scaled-1-1536x1058.jpg 1536w, https:\/\/www.gemsli.at\/wp-content\/uploads\/2024\/01\/cropped-Gemsli_Alpenerleben_Winter-2_DSC05548-scaled-1.jpg 2000w\" sizes=\"auto, (max-width: 767px) 89vw, (max-width: 1000px) 54vw, (max-width: 1071px) 543px, 580px\" \/><\/figure><div class=\"wp-block-media-text__content\">\n<p class=\"has-black-color has-text-color has-normal-font-size\"><strong><mark style=\"background-color:rgba(0, 0, 0, 0);color:#464646\" class=\"has-inline-color\">Schnee_Genuss Momente SILVRETTA<\/mark><\/strong><br><em>Fortgeschrittene<\/em><\/p>\n\n\n\n<p class=\"has-normal-font-size\">Einsame Schneeschuhtour abseits der bekannten Pfade&#8230;<br><em>Winterliches Bergerlebnis garantiert, auch bei wenig Schnee im Tal!<\/em><br><a rel=\"noreferrer noopener\" href=\"https:\/\/www.gemsli.at\/index.php\/winterprogramm\/alpen_blick-schneeschuh-tour-verwall\/\" target=\"_blank\">weitere Inf<\/a><a href=\"https:\/\/www.gemsli.at\/index.php\/winterprogramm\/alpen_blick-schneeschuh-tour-verwall\/\">o<\/a><a rel=\"noreferrer noopener\" href=\"https:\/\/www.gemsli.at\/index.php\/winterprogramm\/alpen_blick-schneeschuh-tour-verwall\/\" target=\"_blank\">s und Termine<\/a><\/p>\n<\/div><\/div>\n\n\n\n<hr class=\"wp-block-separator has-css-opacity is-style-wide\"\/>\n\n\n\n<h2 class=\"wp-block-heading\"><mark style=\"background-color:rgba(0, 0, 0, 0);color:#408ebf\" class=\"has-inline-color\">Die ersten Schritte auf Schneeschuhen<\/mark><\/h2>\n\n\n\n<div class=\"wp-block-media-text alignwide is-stacked-on-mobile\"><figure class=\"wp-block-media-text__media\"><img loading=\"lazy\" decoding=\"async\" width=\"1024\" height=\"614\" src=\"https:\/\/www.gemsli.at\/wp-content\/uploads\/2024\/12\/cropped-P1045110-Kopie-1024x614.jpg\" alt=\"\" class=\"wp-image-2610 size-full\" srcset=\"https:\/\/www.gemsli.at\/wp-content\/uploads\/2024\/12\/cropped-P1045110-Kopie-1024x614.jpg 1024w, https:\/\/www.gemsli.at\/wp-content\/uploads\/2024\/12\/cropped-P1045110-Kopie-300x180.jpg 300w, https:\/\/www.gemsli.at\/wp-content\/uploads\/2024\/12\/cropped-P1045110-Kopie-768x461.jpg 768w, https:\/\/www.gemsli.at\/wp-content\/uploads\/2024\/12\/cropped-P1045110-Kopie-1536x922.jpg 1536w, https:\/\/www.gemsli.at\/wp-content\/uploads\/2024\/12\/cropped-P1045110-Kopie.jpg 2000w\" sizes=\"auto, (max-width: 767px) 89vw, (max-width: 1000px) 54vw, (max-width: 1071px) 543px, 580px\" \/><\/figure><div class=\"wp-block-media-text__content\">\n<p><strong>Schnee_Genuss Momente &#8211; das <\/strong><br><strong>1. SCHNEESCHUHERLEBNIS<\/strong><br><em>Einsteiger:innen<\/em><br><br>Leichte Genusswanderung auf Schneeschuhen im h\u00f6chstgelegenen Ort des Montafon&#8230;<br><a href=\"https:\/\/www.gemsli.at\/index.php\/winterprogramm\/schnee_genuss-momente-fuer-einsteiger\/\" data-type=\"URL\" data-id=\"https:\/\/www.gemsli.at\/index.php\/winterprogramm\/schnee_genuss-momente-fuer-einsteiger\/\">mehr zu diesem Angebot<\/a><\/p>\n<\/div><\/div>\n\n\n\n<hr class=\"wp-block-separator has-css-opacity is-style-wide\"\/>\n\n\n\n<h2 class=\"wp-block-heading\"><mark style=\"background-color:rgba(0, 0, 0, 0);color:#408ebf\" class=\"has-inline-color\">Gipfelgl\u00fcck inmitten der verschneiten Winterlandschaft<\/mark><\/h2>\n\n\n\n<div class=\"wp-block-media-text alignwide is-stacked-on-mobile\" style=\"grid-template-columns:54% auto\"><figure class=\"wp-block-media-text__media\"><img loading=\"lazy\" decoding=\"async\" width=\"1024\" height=\"576\" src=\"https:\/\/www.gemsli.at\/wp-content\/uploads\/2023\/12\/Heli-09938_c_Helmut-Dueringer-1024x576.jpg\" alt=\"\" class=\"wp-image-2090 size-full\" srcset=\"https:\/\/www.gemsli.at\/wp-content\/uploads\/2023\/12\/Heli-09938_c_Helmut-Dueringer-1024x576.jpg 1024w, https:\/\/www.gemsli.at\/wp-content\/uploads\/2023\/12\/Heli-09938_c_Helmut-Dueringer-300x169.jpg 300w, https:\/\/www.gemsli.at\/wp-content\/uploads\/2023\/12\/Heli-09938_c_Helmut-Dueringer-768x432.jpg 768w, https:\/\/www.gemsli.at\/wp-content\/uploads\/2023\/12\/Heli-09938_c_Helmut-Dueringer-1536x864.jpg 1536w, https:\/\/www.gemsli.at\/wp-content\/uploads\/2023\/12\/Heli-09938_c_Helmut-Dueringer.jpg 2000w\" sizes=\"auto, (max-width: 767px) 89vw, (max-width: 1000px) 54vw, (max-width: 1071px) 543px, 580px\" \/><\/figure><div class=\"wp-block-media-text__content\">\n<p class=\"has-text-color has-normal-font-size\" style=\"color:#464646\"><strong>Schnee_Genuss Momente GIPFELGL\u00dcCK VERWALL<\/strong><br><em>Fortgeschrittene<\/em><\/p>\n\n\n\n<p class=\"has-normal-font-size\">Eine abwechslungsreiche Schneeschuhwanderung mit Weitblick und Gipfelgl\u00fcck&#8230;<br><a href=\"https:\/\/www.gemsli.at\/index.php\/winterprogramm\/gipfel_buch-schneeschuh-tour-verwall\/\">weitere Infos und Termine<\/a><br><\/p>\n<\/div><\/div>\n\n\n\n<hr class=\"wp-block-separator has-alpha-channel-opacity is-style-wide\"\/>\n\n\n\n<h2 class=\"wp-block-heading\"><mark style=\"background-color:rgba(0, 0, 0, 0);color:#408ebf\" class=\"has-inline-color\"><mark style=\"background-color:rgba(0, 0, 0, 0);color:#408ebf\" class=\"has-inline-color\">Naturerlebnis im Fackelschein<\/mark><\/mark><\/h2>\n\n\n\n<div class=\"wp-block-columns is-layout-flex wp-container-core-columns-is-layout-9d6595d7 wp-block-columns-is-layout-flex\">\n<div class=\"wp-block-column is-layout-flow wp-block-column-is-layout-flow\" style=\"flex-basis:100%\">\n<div class=\"wp-block-media-text alignwide is-stacked-on-mobile\"><figure class=\"wp-block-media-text__media\"><img loading=\"lazy\" decoding=\"async\" width=\"1024\" height=\"768\" src=\"https:\/\/www.gemsli.at\/wp-content\/uploads\/2022\/01\/gemsli-Blog-Abenteuer_Fackelwanderung_1-1024x768.jpg\" alt=\"\" class=\"wp-image-1373 size-full\" srcset=\"https:\/\/www.gemsli.at\/wp-content\/uploads\/2022\/01\/gemsli-Blog-Abenteuer_Fackelwanderung_1-1024x768.jpg 1024w, https:\/\/www.gemsli.at\/wp-content\/uploads\/2022\/01\/gemsli-Blog-Abenteuer_Fackelwanderung_1-300x225.jpg 300w, https:\/\/www.gemsli.at\/wp-content\/uploads\/2022\/01\/gemsli-Blog-Abenteuer_Fackelwanderung_1-768x576.jpg 768w, https:\/\/www.gemsli.at\/wp-content\/uploads\/2022\/01\/gemsli-Blog-Abenteuer_Fackelwanderung_1-1536x1152.jpg 1536w, https:\/\/www.gemsli.at\/wp-content\/uploads\/2022\/01\/gemsli-Blog-Abenteuer_Fackelwanderung_1-2048x1536.jpg 2048w\" sizes=\"auto, (max-width: 767px) 89vw, (max-width: 1000px) 54vw, (max-width: 1071px) 543px, 580px\" \/><\/figure><div class=\"wp-block-media-text__content\">\n<p><strong>Erlebnis_FACKELWANDERUNG<\/strong><br><em>f\u00fcr Jedermann \u2013 Gruppen, Erwachsene, Familie<\/em>n<br><br>Gem\u00fctliche Fackelwanderung mit Fr\u00fcchtepunsch und hausgemachten Keksen&#8230;<br><a href=\"https:\/\/www.gemsli.at\/index.php\/erlebnis_fackelwanderung\/\" data-type=\"URL\" data-id=\"https:\/\/www.gemsli.at\/index.php\/erlebnis_fackelwanderung\/\">mehr zu diesem Angebot<\/a><\/p>\n<\/div><\/div>\n<\/div>\n<\/div>\n\n\n\n<hr class=\"wp-block-separator has-css-opacity is-style-wide\"\/>\n\n\n\n<h2 class=\"wp-block-heading\"><mark style=\"background-color:rgba(0, 0, 0, 0);color:#408ebf\" class=\"has-inline-color\">Abenteuer Vollmondnacht<\/mark><\/h2>\n\n\n\n<div class=\"wp-block-media-text alignwide is-stacked-on-mobile is-vertically-aligned-top\"><figure class=\"wp-block-media-text__media\"><img loading=\"lazy\" decoding=\"async\" width=\"1024\" height=\"575\" src=\"https:\/\/www.gemsli.at\/wp-content\/uploads\/2021\/11\/gemsli-Alpen_Blick-Vollmondwanderung-1024x575.jpg\" alt=\"\" class=\"wp-image-1180 size-full\" srcset=\"https:\/\/www.gemsli.at\/wp-content\/uploads\/2021\/11\/gemsli-Alpen_Blick-Vollmondwanderung-1024x575.jpg 1024w, https:\/\/www.gemsli.at\/wp-content\/uploads\/2021\/11\/gemsli-Alpen_Blick-Vollmondwanderung-300x169.jpg 300w, https:\/\/www.gemsli.at\/wp-content\/uploads\/2021\/11\/gemsli-Alpen_Blick-Vollmondwanderung-768x431.jpg 768w, https:\/\/www.gemsli.at\/wp-content\/uploads\/2021\/11\/gemsli-Alpen_Blick-Vollmondwanderung-1536x863.jpg 1536w, https:\/\/www.gemsli.at\/wp-content\/uploads\/2021\/11\/gemsli-Alpen_Blick-Vollmondwanderung-2048x1150.jpg 2048w\" sizes=\"auto, (max-width: 767px) 89vw, (max-width: 1000px) 54vw, (max-width: 1071px) 543px, 580px\" \/><\/figure><div class=\"wp-block-media-text__content\">\n<div class=\"wp-block-group\"><div class=\"wp-block-group__inner-container is-layout-flow wp-block-group-is-layout-flow\">\n<p class=\"has-black-color has-text-color has-normal-font-size\"><strong><mark style=\"background-color:rgba(0, 0, 0, 0);color:#464646\" class=\"has-inline-color\">Alpen_Blick VOLLMONDWANDERUNG<\/mark><\/strong><br><em>f\u00fcr Jedermann \u2013 Gruppen, Erwachsene, Familie<\/em>n<br><br>Wandererlebnis im Schein des Mondes ohne Stirnlampe&#8230;<br><a href=\"https:\/\/www.gemsli.at\/index.php\/aktuelle-wandertermine\/alpen_blick-vollmondwanderung\/\" data-type=\"URL\"><mark style=\"background-color:rgba(0, 0, 0, 0)\" class=\"has-inline-color has-black-color\">weitere Infos und Termine<\/mark><\/a><\/p>\n<\/div><\/div>\n<\/div><\/div>\n\n\n\n<hr class=\"wp-block-separator has-css-opacity is-style-wide\"\/>\n\n\n\n<h2 class=\"wp-block-heading\"><mark style=\"background-color:rgba(0, 0, 0, 0);color:#408ebf\" class=\"has-inline-color\">Kulinarische Vollmondwanderung mit K\u00e4sfondue<\/mark><mark style=\"background-color:rgba(0, 0, 0, 0);color:#408ebf\" class=\"has-inline-color\"> <\/mark><\/h2>\n\n\n\n<div class=\"wp-block-media-text alignwide is-stacked-on-mobile\"><figure class=\"wp-block-media-text__media\"><img loading=\"lazy\" decoding=\"async\" width=\"1024\" height=\"575\" src=\"https:\/\/www.gemsli.at\/wp-content\/uploads\/2024\/01\/IMG_6160-1024x575.jpg\" alt=\"\" class=\"wp-image-2200 size-full\" srcset=\"https:\/\/www.gemsli.at\/wp-content\/uploads\/2024\/01\/IMG_6160-1024x575.jpg 1024w, https:\/\/www.gemsli.at\/wp-content\/uploads\/2024\/01\/IMG_6160-300x169.jpg 300w, https:\/\/www.gemsli.at\/wp-content\/uploads\/2024\/01\/IMG_6160-768x431.jpg 768w, https:\/\/www.gemsli.at\/wp-content\/uploads\/2024\/01\/IMG_6160-1536x863.jpg 1536w, https:\/\/www.gemsli.at\/wp-content\/uploads\/2024\/01\/IMG_6160-2048x1150.jpg 2048w\" sizes=\"auto, (max-width: 767px) 89vw, (max-width: 1000px) 54vw, (max-width: 1071px) 543px, 580px\" \/><\/figure><div class=\"wp-block-media-text__content\">\n<p><strong>Alpen_Blick VOLLMONDWANDERUNG MIT GENUSS<\/strong><br><em>f\u00fcr Jedermann \u2013 Gruppen, Erwachsene, Familie<\/em>n<br><br>Mondscheinwanderung mit anschlie\u00dfendem K\u00e4sefondue in der warmen Stube&#8230;<br><a href=\"https:\/\/www.gemsli.at\/index.php\/winterprogramm\/abenteuer_vollmondnacht\/\" data-type=\"URL\" data-id=\"https:\/\/www.gemsli.at\/index.php\/winterprogramm\/abenteuer_vollmondnacht\/\">mehr zu diesem Angebot<\/a><\/p>\n<\/div><\/div>\n\n\n\n<hr class=\"wp-block-separator has-alpha-channel-opacity is-style-wide\"\/>\n\n\n\n<h2 class=\"wp-block-heading\"><mark style=\"background-color:rgba(0, 0, 0, 0);color:#408ebf\" class=\"has-inline-color\">Genusstage auf Schneeschuhen <\/mark><\/h2>\n\n\n\n<div class=\"wp-block-media-text alignwide is-stacked-on-mobile\"><figure class=\"wp-block-media-text__media\"><img loading=\"lazy\" decoding=\"async\" width=\"1024\" height=\"575\" src=\"https:\/\/www.gemsli.at\/wp-content\/uploads\/2024\/01\/IMG_6889-1024x575.jpg\" alt=\"\" class=\"wp-image-2199 size-full\" srcset=\"https:\/\/www.gemsli.at\/wp-content\/uploads\/2024\/01\/IMG_6889-1024x575.jpg 1024w, https:\/\/www.gemsli.at\/wp-content\/uploads\/2024\/01\/IMG_6889-300x169.jpg 300w, https:\/\/www.gemsli.at\/wp-content\/uploads\/2024\/01\/IMG_6889-768x431.jpg 768w, https:\/\/www.gemsli.at\/wp-content\/uploads\/2024\/01\/IMG_6889-1536x863.jpg 1536w, https:\/\/www.gemsli.at\/wp-content\/uploads\/2024\/01\/IMG_6889-2048x1150.jpg 2048w\" sizes=\"auto, (max-width: 767px) 89vw, (max-width: 1000px) 54vw, (max-width: 1071px) 543px, 580px\" \/><\/figure><div class=\"wp-block-media-text__content\">\n<p><strong>Schnee_Genuss TAGE SILVRETTA<\/strong><br><em>Einsteiger:innen\/Fortgeschrittene<\/em><br><br>2-Tage Schneeschuhwandern am Fu\u00dfe der 3000er inklusive LVS Training und Tourenplanung&#8230; <br><em>Winterliches Bergerlebnis garantiert, auch bei wenig Schnee im Tal!<\/em><br><a href=\"https:\/\/www.gemsli.at\/index.php\/winterprogramm\/schnee_genuss-momente-auf-der-silvretta\/\" data-type=\"URL\" data-id=\"https:\/\/www.gemsli.at\/index.php\/winterprogramm\/schnee_genuss-momente-auf-der-silvretta\/\">mehr zu diesem Angebot<\/a><a href=\"https:\/\/www.alpenverein.at\/vorarlberg\/veranstaltungen\/detail.php?veranstaltungID=6fee5cfc-1ccd-4a77-8ecd-7747554cd795&amp;oa=1\" data-type=\"URL\" data-id=\"https:\/\/www.alpenverein.at\/vorarlberg\/veranstaltungen\/detail.php?veranstaltungID=6fee5cfc-1ccd-4a77-8ecd-7747554cd795&amp;oa=1\"><br><\/a><\/p>\n<\/div><\/div>\n\n\n\n<hr class=\"wp-block-separator has-css-opacity is-style-wide\"\/>\n\n\n\n<h2 class=\"wp-block-heading\"><mark style=\"background-color:rgba(0, 0, 0, 0);color:#408ebf\" class=\"has-inline-color\">Sicher unterwegs: LVS-Grundkurs inklusive Lawinen-Versch\u00fcttetensuche<\/mark><\/h2>\n\n\n\n<div class=\"wp-block-media-text alignwide is-stacked-on-mobile\"><figure class=\"wp-block-media-text__media\"><img loading=\"lazy\" decoding=\"async\" width=\"1024\" height=\"683\" src=\"https:\/\/www.gemsli.at\/wp-content\/uploads\/2022\/03\/gemsli-Winter-Grundkurs-LVS-Training_1-1024x683.jpg\" alt=\"\" class=\"wp-image-1554 size-full\" srcset=\"https:\/\/www.gemsli.at\/wp-content\/uploads\/2022\/03\/gemsli-Winter-Grundkurs-LVS-Training_1-1024x683.jpg 1024w, https:\/\/www.gemsli.at\/wp-content\/uploads\/2022\/03\/gemsli-Winter-Grundkurs-LVS-Training_1-300x200.jpg 300w, https:\/\/www.gemsli.at\/wp-content\/uploads\/2022\/03\/gemsli-Winter-Grundkurs-LVS-Training_1-768x512.jpg 768w, https:\/\/www.gemsli.at\/wp-content\/uploads\/2022\/03\/gemsli-Winter-Grundkurs-LVS-Training_1-1536x1024.jpg 1536w, https:\/\/www.gemsli.at\/wp-content\/uploads\/2022\/03\/gemsli-Winter-Grundkurs-LVS-Training_1-2048x1366.jpg 2048w\" sizes=\"auto, (max-width: 767px) 89vw, (max-width: 1000px) 54vw, (max-width: 1071px) 543px, 580px\" \/><\/figure><div class=\"wp-block-media-text__content\">\n<p class=\"has-normal-font-size\"><strong>Schnee_Genuss Momente<\/strong><br><strong>SICHER ERLEBEN<\/strong><br><em>Einsteiger:innen\/Fortgeschrittene<\/em><\/p>\n\n\n\n<p class=\"has-normal-font-size\">Lerne im Einzel- oder Gruppentraining den sicheren Umgang mit der LVS-Ausr\u00fcstung&#8230;<br><a href=\"https:\/\/www.gemsli.at\/index.php\/winterprogramm\/schnee_genuss-momente-sicher-erleben\/\">mehr zu diesem Angebot<\/a><\/p>\n<\/div><\/div>\n\n\n\n<hr class=\"wp-block-separator has-alpha-channel-opacity is-style-wide\"\/>\n\n\n\n<h2 class=\"wp-block-heading\"><mark style=\"background-color:rgba(0, 0, 0, 0);color:#408ebf\" class=\"has-inline-color\">Frauen Power Tour<\/mark><\/h2>\n\n\n\n<div class=\"wp-block-media-text alignwide is-stacked-on-mobile\"><figure class=\"wp-block-media-text__media\"><img loading=\"lazy\" decoding=\"async\" width=\"1024\" height=\"575\" src=\"https:\/\/www.gemsli.at\/wp-content\/uploads\/2024\/01\/IMG_6863-1024x575.jpg\" alt=\"\" class=\"wp-image-2198 size-full\" srcset=\"https:\/\/www.gemsli.at\/wp-content\/uploads\/2024\/01\/IMG_6863-1024x575.jpg 1024w, https:\/\/www.gemsli.at\/wp-content\/uploads\/2024\/01\/IMG_6863-300x169.jpg 300w, https:\/\/www.gemsli.at\/wp-content\/uploads\/2024\/01\/IMG_6863-768x431.jpg 768w, https:\/\/www.gemsli.at\/wp-content\/uploads\/2024\/01\/IMG_6863-1536x863.jpg 1536w, https:\/\/www.gemsli.at\/wp-content\/uploads\/2024\/01\/IMG_6863-2048x1150.jpg 2048w\" sizes=\"auto, (max-width: 767px) 89vw, (max-width: 1000px) 54vw, (max-width: 1071px) 543px, 580px\" \/><\/figure><div class=\"wp-block-media-text__content\">\n<p><strong>Schnee_Genuss Momente<\/strong><br><strong>F\u00dcR WANDERWOMAN<\/strong><br><em>Einsteiger:innen\/Fortgeschrittene<\/em><br><br>Spa\u00df, Freude und ein gem\u00fctlicher Ausklang bei der Feuerschale f\u00fcr bergverliebte Frauen&#8230;<br><a href=\"https:\/\/www.gemsli.at\/index.php\/winterprogramm\/schnee_genuss-momente-fuer-wanderwomen\/\" data-type=\"URL\" data-id=\"https:\/\/www.gemsli.at\/index.php\/winterprogramm\/schnee_genuss-momente-fuer-wanderwomen\/\">mehr zu diesem Angebot<\/a><br><\/p>\n<\/div><\/div>\n\n\n\n<hr class=\"wp-block-separator has-css-opacity is-style-wide\"\/>\n\n\n\n<h2 class=\"wp-block-heading\"><mark style=\"background-color:rgba(0, 0, 0, 0);color:#408ebf\" class=\"has-inline-color\">Gipfelgl\u00fcck auf Schneeschuhen in den Schweizer Bergen <\/mark><\/h2>\n\n\n\n<div class=\"wp-block-media-text alignwide is-stacked-on-mobile\"><figure class=\"wp-block-media-text__media\"><img loading=\"lazy\" decoding=\"async\" width=\"1024\" height=\"575\" src=\"https:\/\/www.gemsli.at\/wp-content\/uploads\/2024\/12\/IMG_6000-1024x575.jpg\" alt=\"\" class=\"wp-image-2646 size-full\" srcset=\"https:\/\/www.gemsli.at\/wp-content\/uploads\/2024\/12\/IMG_6000-1024x575.jpg 1024w, https:\/\/www.gemsli.at\/wp-content\/uploads\/2024\/12\/IMG_6000-300x169.jpg 300w, https:\/\/www.gemsli.at\/wp-content\/uploads\/2024\/12\/IMG_6000-768x431.jpg 768w, https:\/\/www.gemsli.at\/wp-content\/uploads\/2024\/12\/IMG_6000-1536x863.jpg 1536w, https:\/\/www.gemsli.at\/wp-content\/uploads\/2024\/12\/IMG_6000-2048x1150.jpg 2048w\" sizes=\"auto, (max-width: 767px) 89vw, (max-width: 1000px) 54vw, (max-width: 1071px) 543px, 580px\" \/><\/figure><div class=\"wp-block-media-text__content\">\n<p><strong>Schnee_Genuss Momente ALPSTEIN<\/strong><br><em>Fortgeschrittene<\/em><\/p>\n\n\n\n<p>Sportliche und einsame Schneeschuhwanderung auf den Gulmen in der Schweiz&#8230;<br><a href=\"https:\/\/www.gemsli.at\/index.php\/winterprogramm\/schnee_genuss-momente-fuer-fortgeschrittene\/\" data-type=\"URL\" data-id=\"https:\/\/www.gemsli.at\/index.php\/winterprogramm\/schnee_genuss-momente-fuer-fortgeschrittene\/\">mehr zu diesem Angebot<\/a><\/p>\n<\/div><\/div>\n\n\n\n<hr class=\"wp-block-separator has-css-opacity is-style-wide\"\/>\n\n\n\n<h2 class=\"wp-block-heading\"><mark style=\"background-color:rgba(0, 0, 0, 0);color:#408ebf\" class=\"has-inline-color\">Naturerlebnis f\u00fcr Kinder<\/mark><\/h2>\n\n\n\n<div class=\"wp-block-media-text alignwide is-stacked-on-mobile\"><figure class=\"wp-block-media-text__media\"><img loading=\"lazy\" decoding=\"async\" width=\"1024\" height=\"768\" src=\"https:\/\/www.gemsli.at\/wp-content\/uploads\/2023\/12\/IMG_20231010_104648_low-1024x768.jpeg\" alt=\"\" class=\"wp-image-2122 size-full\" srcset=\"https:\/\/www.gemsli.at\/wp-content\/uploads\/2023\/12\/IMG_20231010_104648_low-1024x768.jpeg 1024w, https:\/\/www.gemsli.at\/wp-content\/uploads\/2023\/12\/IMG_20231010_104648_low-300x225.jpeg 300w, https:\/\/www.gemsli.at\/wp-content\/uploads\/2023\/12\/IMG_20231010_104648_low-768x576.jpeg 768w, https:\/\/www.gemsli.at\/wp-content\/uploads\/2023\/12\/IMG_20231010_104648_low-1536x1152.jpeg 1536w, https:\/\/www.gemsli.at\/wp-content\/uploads\/2023\/12\/IMG_20231010_104648_low-2048x1536.jpeg 2048w\" sizes=\"auto, (max-width: 767px) 89vw, (max-width: 1000px) 54vw, (max-width: 1071px) 543px, 580px\" \/><\/figure><div class=\"wp-block-media-text__content\">\n<p><strong>Natur_Vielfalt ERLEBNIS<\/strong><br><em>Familien und Kinder <\/em><\/p>\n\n\n\n<p>Ein spannendes und \u00fcberraschendes Naturerlebnis f\u00fcr Kinder.<br>Abenteuer, Wissen, Bewegung und vor allem viel Spa\u00df sind garantiert! <\/p>\n\n\n\n<p><a href=\"https:\/\/www.gemsli.at\/index.php\/natur_vielfalt-tag\/\" data-type=\"URL\" data-id=\"https:\/\/www.gemsli.at\/index.php\/natur_vielfalt-tag\/\">mehr zu diesem Angebot<\/a><\/p>\n<\/div><\/div>\n\n\n\n<h2 class=\"wp-block-heading\"><\/h2>\n\n\n\n<h2 class=\"wp-block-heading\"><mark style=\"background-color:rgba(0, 0, 0, 0);color:#408ebf\" class=\"has-inline-color\"><\/mark><\/h2>\n\n\n\n<h2 class=\"wp-block-heading\"><mark style=\"background-color:rgba(0, 0, 0, 0);color:#408ebf\" class=\"has-inline-color\"><\/mark><\/h2>\n\n\n\n<h2 class=\"wp-block-heading\"><mark style=\"background-color:rgba(0, 0, 0, 0);color:#408ebf\" class=\"has-inline-color\"><\/mark><\/h2>\n\n\n\n<div class=\"wp-block-buttons is-layout-flex wp-block-buttons-is-layout-flex\">\n<div class=\"wp-block-button\"><a class=\"wp-block-button__link has-background\" href=\"https:\/\/www.gemsli.at\/index.php\/kontakt\/\" style=\"background-color:#408ebf\">Freue mich auf deine Anfrage <\/a><\/div>\n<\/div>\n\n\n\n<p><\/p>\n","protected":false},"excerpt":{"rendered":"<p>Hier findest du eine Auswahl meiner pers\u00f6nlichen lieblings Winterwanderungen und Schneeschuhtouren, auf die ich Dich gerne mitnehme. Deine Wunsch-Tour ist nicht dabei? Dann schick mir einfach eine Anfrage. Erlebe unvergessliche Momente am Fu\u00dfe der 3000er Schnee_Genuss Momente SILVRETTAEinsteiger:innen\/Fortgeschrittene Schneeschuhtour vor m\u00e4chtiger Bergkulisse &#8230;Winterliches Bergerlebnis garantiert, auch bei wenig Schnee im Tal!weitere Infos und Termine Ruhige &hellip; <\/p>\n<p class=\"link-more\"><a href=\"https:\/\/www.gemsli.at\/index.php\/winterprogramm\/\" class=\"more-link\">Continue reading<span class=\"screen-reader-text\"> &#8222;Gemsli Wintererlebnisse&#8220;<\/span><\/a><\/p>\n","protected":false},"author":1,"featured_media":988,"parent":0,"menu_order":0,"comment_status":"closed","ping_status":"closed","template":"","meta":{"footnotes":""},"class_list":["post-910","page","type-page","status-publish","has-post-thumbnail","hentry"],"_links":{"self":[{"href":"https:\/\/www.gemsli.at\/index.php\/wp-json\/wp\/v2\/pages\/910","targetHints":{"allow":["GET"]}}],"collection":[{"href":"https:\/\/www.gemsli.at\/index.php\/wp-json\/wp\/v2\/pages"}],"about":[{"href":"https:\/\/www.gemsli.at\/index.php\/wp-json\/wp\/v2\/types\/page"}],"author":[{"embeddable":true,"href":"https:\/\/www.gemsli.at\/index.php\/wp-json\/wp\/v2\/users\/1"}],"replies":[{"embeddable":true,"href":"https:\/\/www.gemsli.at\/index.php\/wp-json\/wp\/v2\/comments?post=910"}],"version-history":[{"count":98,"href":"https:\/\/www.gemsli.at\/index.php\/wp-json\/wp\/v2\/pages\/910\/revisions"}],"predecessor-version":[{"id":3005,"href":"https:\/\/www.gemsli.at\/index.php\/wp-json\/wp\/v2\/pages\/910\/revisions\/3005"}],"wp:featuredmedia":[{"embeddable":true,"href":"https:\/\/www.gemsli.at\/index.php\/wp-json\/wp\/v2\/media\/988"}],"wp:attachment":[{"href":"https:\/\/www.gemsli.at\/index.php\/wp-json\/wp\/v2\/media?parent=910"}],"curies":[{"name":"wp","href":"https:\/\/api.w.org\/{rel}","templated":true}]}}