{"id":820,"date":"2021-08-06T14:41:23","date_gmt":"2021-08-06T12:41:23","guid":{"rendered":"https:\/\/www.gemsli.at\/?page_id=820"},"modified":"2024-12-06T16:44:15","modified_gmt":"2024-12-06T15:44:15","slug":"das-besondere-geschenk","status":"publish","type":"page","link":"https:\/\/www.gemsli.at\/index.php\/das-besondere-geschenk\/","title":{"rendered":"Geschenk-Gutscheine"},"content":{"rendered":"\n<p>Meine gef\u00fchrten Wanderungen sind nicht nur ein besonderes Erlebnis, sondern auch eine einzigartige Geschenkidee f\u00fcr besondere Anl\u00e4sse.<\/p>\n\n\n\n<p>Ob Halb- oder Tagestour, Fackel- oder Vollmondwanderung, mehrt\u00e4gige Privattour oder ein spannender Naturerlebnistag f\u00fcr Kids \u2013 unvergessliche Momente in der Natur erwarten die Beschenkten!<\/p>\n\n\n\n<h1 class=\"wp-block-heading\"><mark style=\"background-color:rgba(0, 0, 0, 0);color:#969650\" class=\"has-inline-color\">Ein besonderes Geschenk<\/mark><\/h1>\n\n\n\n<p>Gerne und oft sind meine Gemsli Wandergutscheine ein gesch\u00e4tztes Geburtstagsgeschenk, Hochzeitsgeschenk, Jubil\u00e4umsgeschenk, \u00dcberraschungsgeschenk oder einfach eine willkommene Aufmerksamkeit fu\u0308r liebe Bekannte und Freunde.<\/p>\n\n\n\n<figure class=\"wp-block-image size-large\"><img loading=\"lazy\" decoding=\"async\" width=\"1024\" height=\"576\" src=\"https:\/\/www.gemsli.at\/wp-content\/uploads\/2021\/12\/gemsli-Geschenkgutschein-1024x576.png\" alt=\"\" class=\"wp-image-1321\" srcset=\"https:\/\/www.gemsli.at\/wp-content\/uploads\/2021\/12\/gemsli-Geschenkgutschein-1024x576.png 1024w, https:\/\/www.gemsli.at\/wp-content\/uploads\/2021\/12\/gemsli-Geschenkgutschein-300x169.png 300w, https:\/\/www.gemsli.at\/wp-content\/uploads\/2021\/12\/gemsli-Geschenkgutschein-768x432.png 768w, https:\/\/www.gemsli.at\/wp-content\/uploads\/2021\/12\/gemsli-Geschenkgutschein.png 1334w\" sizes=\"auto, (max-width: 767px) 89vw, (max-width: 1000px) 54vw, (max-width: 1071px) 543px, 580px\" \/><\/figure>\n\n\n\n<p>Und alle, die sich dem wanderbaren Alpenerleben pers\u00f6nlich anschlie\u00dfen, machen sich damit auch als Schenkende gleich selbst noch die gr\u00f6\u00dfte Freude.<\/p>\n\n\n\n<figure class=\"wp-block-gallery has-nested-images columns-default is-cropped wp-block-gallery-1 is-layout-flex wp-block-gallery-is-layout-flex\">\n<figure class=\"wp-block-image size-large\"><img loading=\"lazy\" decoding=\"async\" width=\"2000\" height=\"1500\" data-id=\"2742\" src=\"https:\/\/www.gemsli.at\/wp-content\/uploads\/2024\/12\/20230311_142048.jpg\" alt=\"\" class=\"wp-image-2742\" srcset=\"https:\/\/www.gemsli.at\/wp-content\/uploads\/2024\/12\/20230311_142048.jpg 2000w, https:\/\/www.gemsli.at\/wp-content\/uploads\/2024\/12\/20230311_142048-300x225.jpg 300w, https:\/\/www.gemsli.at\/wp-content\/uploads\/2024\/12\/20230311_142048-1024x768.jpg 1024w, https:\/\/www.gemsli.at\/wp-content\/uploads\/2024\/12\/20230311_142048-768x576.jpg 768w, https:\/\/www.gemsli.at\/wp-content\/uploads\/2024\/12\/20230311_142048-1536x1152.jpg 1536w\" sizes=\"auto, (max-width: 767px) 89vw, (max-width: 1000px) 54vw, (max-width: 1071px) 543px, 580px\" \/><\/figure>\n\n\n\n<figure class=\"wp-block-image size-large\"><img loading=\"lazy\" decoding=\"async\" width=\"2560\" height=\"1707\" data-id=\"2717\" src=\"https:\/\/www.gemsli.at\/wp-content\/uploads\/2024\/12\/IMG_0240-scaled.jpg\" alt=\"\" class=\"wp-image-2717\" srcset=\"https:\/\/www.gemsli.at\/wp-content\/uploads\/2024\/12\/IMG_0240-scaled.jpg 2560w, https:\/\/www.gemsli.at\/wp-content\/uploads\/2024\/12\/IMG_0240-300x200.jpg 300w, https:\/\/www.gemsli.at\/wp-content\/uploads\/2024\/12\/IMG_0240-1024x683.jpg 1024w, https:\/\/www.gemsli.at\/wp-content\/uploads\/2024\/12\/IMG_0240-768x512.jpg 768w, https:\/\/www.gemsli.at\/wp-content\/uploads\/2024\/12\/IMG_0240-1536x1024.jpg 1536w, https:\/\/www.gemsli.at\/wp-content\/uploads\/2024\/12\/IMG_0240-2048x1365.jpg 2048w\" sizes=\"auto, (max-width: 767px) 89vw, (max-width: 1000px) 54vw, (max-width: 1071px) 543px, 580px\" \/><\/figure>\n<\/figure>\n\n\n\n<figure class=\"wp-block-gallery has-nested-images columns-default is-cropped wp-block-gallery-2 is-layout-flex wp-block-gallery-is-layout-flex\">\n<figure class=\"wp-block-image size-large\"><img loading=\"lazy\" decoding=\"async\" width=\"2560\" height=\"1438\" data-id=\"2198\" src=\"https:\/\/www.gemsli.at\/wp-content\/uploads\/2024\/01\/IMG_6863-scaled.jpg\" alt=\"\" class=\"wp-image-2198\" srcset=\"https:\/\/www.gemsli.at\/wp-content\/uploads\/2024\/01\/IMG_6863-scaled.jpg 2560w, https:\/\/www.gemsli.at\/wp-content\/uploads\/2024\/01\/IMG_6863-300x169.jpg 300w, https:\/\/www.gemsli.at\/wp-content\/uploads\/2024\/01\/IMG_6863-1024x575.jpg 1024w, https:\/\/www.gemsli.at\/wp-content\/uploads\/2024\/01\/IMG_6863-768x431.jpg 768w, https:\/\/www.gemsli.at\/wp-content\/uploads\/2024\/01\/IMG_6863-1536x863.jpg 1536w, https:\/\/www.gemsli.at\/wp-content\/uploads\/2024\/01\/IMG_6863-2048x1150.jpg 2048w\" sizes=\"auto, (max-width: 767px) 89vw, (max-width: 1000px) 54vw, (max-width: 1071px) 543px, 580px\" \/><\/figure>\n\n\n\n<figure class=\"wp-block-image size-large\"><img loading=\"lazy\" decoding=\"async\" width=\"1024\" height=\"768\" data-id=\"2157\" src=\"https:\/\/www.gemsli.at\/wp-content\/uploads\/2023\/12\/IMG-20230928-WA0022.jpg\" alt=\"\" class=\"wp-image-2157\" srcset=\"https:\/\/www.gemsli.at\/wp-content\/uploads\/2023\/12\/IMG-20230928-WA0022.jpg 1024w, https:\/\/www.gemsli.at\/wp-content\/uploads\/2023\/12\/IMG-20230928-WA0022-300x225.jpg 300w, https:\/\/www.gemsli.at\/wp-content\/uploads\/2023\/12\/IMG-20230928-WA0022-768x576.jpg 768w\" sizes=\"auto, (max-width: 767px) 89vw, (max-width: 1000px) 54vw, (max-width: 1071px) 543px, 580px\" \/><\/figure>\n\n\n\n<figure class=\"wp-block-image size-large\"><img loading=\"lazy\" decoding=\"async\" width=\"1920\" height=\"2560\" data-id=\"1375\" src=\"https:\/\/www.gemsli.at\/wp-content\/uploads\/2022\/01\/gemsli-Blog-Abenteuer_Fackelwanderung_3-scaled.jpg\" alt=\"\" class=\"wp-image-1375\" srcset=\"https:\/\/www.gemsli.at\/wp-content\/uploads\/2022\/01\/gemsli-Blog-Abenteuer_Fackelwanderung_3-scaled.jpg 1920w, https:\/\/www.gemsli.at\/wp-content\/uploads\/2022\/01\/gemsli-Blog-Abenteuer_Fackelwanderung_3-225x300.jpg 225w, https:\/\/www.gemsli.at\/wp-content\/uploads\/2022\/01\/gemsli-Blog-Abenteuer_Fackelwanderung_3-768x1024.jpg 768w, https:\/\/www.gemsli.at\/wp-content\/uploads\/2022\/01\/gemsli-Blog-Abenteuer_Fackelwanderung_3-1152x1536.jpg 1152w, https:\/\/www.gemsli.at\/wp-content\/uploads\/2022\/01\/gemsli-Blog-Abenteuer_Fackelwanderung_3-1536x2048.jpg 1536w\" sizes=\"auto, (max-width: 767px) 89vw, (max-width: 1000px) 54vw, (max-width: 1071px) 543px, 580px\" \/><\/figure>\n\n\n\n<figure class=\"wp-block-image size-large\"><img loading=\"lazy\" decoding=\"async\" width=\"1024\" height=\"575\" data-id=\"2215\" src=\"https:\/\/www.gemsli.at\/wp-content\/uploads\/2024\/01\/IMG_7015-Kopie-Kopie-1024x575.jpg\" alt=\"\" class=\"wp-image-2215\" srcset=\"https:\/\/www.gemsli.at\/wp-content\/uploads\/2024\/01\/IMG_7015-Kopie-Kopie-1024x575.jpg 1024w, https:\/\/www.gemsli.at\/wp-content\/uploads\/2024\/01\/IMG_7015-Kopie-Kopie-300x169.jpg 300w, https:\/\/www.gemsli.at\/wp-content\/uploads\/2024\/01\/IMG_7015-Kopie-Kopie-768x431.jpg 768w, https:\/\/www.gemsli.at\/wp-content\/uploads\/2024\/01\/IMG_7015-Kopie-Kopie-1536x863.jpg 1536w, https:\/\/www.gemsli.at\/wp-content\/uploads\/2024\/01\/IMG_7015-Kopie-Kopie-2048x1150.jpg 2048w\" sizes=\"auto, (max-width: 767px) 89vw, (max-width: 1000px) 54vw, (max-width: 1071px) 543px, 580px\" \/><\/figure>\n\n\n\n<figure class=\"wp-block-image size-large\"><img loading=\"lazy\" decoding=\"async\" width=\"2560\" height=\"1920\" data-id=\"434\" src=\"https:\/\/www.gemsli.at\/wp-content\/uploads\/2021\/05\/gemsli-Alpen_Blick_0-scaled.jpg\" alt=\"\" class=\"wp-image-434\" srcset=\"https:\/\/www.gemsli.at\/wp-content\/uploads\/2021\/05\/gemsli-Alpen_Blick_0-scaled.jpg 2560w, https:\/\/www.gemsli.at\/wp-content\/uploads\/2021\/05\/gemsli-Alpen_Blick_0-300x225.jpg 300w, https:\/\/www.gemsli.at\/wp-content\/uploads\/2021\/05\/gemsli-Alpen_Blick_0-1024x768.jpg 1024w, https:\/\/www.gemsli.at\/wp-content\/uploads\/2021\/05\/gemsli-Alpen_Blick_0-768x576.jpg 768w, https:\/\/www.gemsli.at\/wp-content\/uploads\/2021\/05\/gemsli-Alpen_Blick_0-1536x1152.jpg 1536w, https:\/\/www.gemsli.at\/wp-content\/uploads\/2021\/05\/gemsli-Alpen_Blick_0-2048x1536.jpg 2048w\" sizes=\"auto, (max-width: 767px) 89vw, (max-width: 1000px) 54vw, (max-width: 1071px) 543px, 580px\" \/><\/figure>\n<\/figure>\n\n\n\n<div class=\"wp-block-buttons is-layout-flex wp-block-buttons-is-layout-flex\">\n<div class=\"wp-block-button\"><a class=\"wp-block-button__link has-background\" href=\"https:\/\/www.gemsli.at\/index.php\/kontakt\/\" style=\"background-color:#969650\" target=\"_blank\" rel=\"noreferrer noopener\">Geschenkgutschein anfordern<\/a><\/div>\n<\/div>\n","protected":false},"excerpt":{"rendered":"<p>Meine gef\u00fchrten Wanderungen sind nicht nur ein besonderes Erlebnis, sondern auch eine einzigartige Geschenkidee f\u00fcr besondere Anl\u00e4sse. Ob Halb- oder Tagestour, Fackel- oder Vollmondwanderung, mehrt\u00e4gige Privattour oder ein spannender Naturerlebnistag f\u00fcr Kids \u2013 unvergessliche Momente in der Natur erwarten die Beschenkten! Ein besonderes Geschenk Gerne und oft sind meine Gemsli Wandergutscheine ein gesch\u00e4tztes Geburtstagsgeschenk, Hochzeitsgeschenk, &hellip; <\/p>\n<p class=\"link-more\"><a href=\"https:\/\/www.gemsli.at\/index.php\/das-besondere-geschenk\/\" class=\"more-link\">Continue reading<span class=\"screen-reader-text\"> &#8222;Geschenk-Gutscheine&#8220;<\/span><\/a><\/p>\n","protected":false},"author":1,"featured_media":812,"parent":0,"menu_order":0,"comment_status":"closed","ping_status":"closed","template":"","meta":{"footnotes":""},"class_list":["post-820","page","type-page","status-publish","has-post-thumbnail","hentry"],"_links":{"self":[{"href":"https:\/\/www.gemsli.at\/index.php\/wp-json\/wp\/v2\/pages\/820","targetHints":{"allow":["GET"]}}],"collection":[{"href":"https:\/\/www.gemsli.at\/index.php\/wp-json\/wp\/v2\/pages"}],"about":[{"href":"https:\/\/www.gemsli.at\/index.php\/wp-json\/wp\/v2\/types\/page"}],"author":[{"embeddable":true,"href":"https:\/\/www.gemsli.at\/index.php\/wp-json\/wp\/v2\/users\/1"}],"replies":[{"embeddable":true,"href":"https:\/\/www.gemsli.at\/index.php\/wp-json\/wp\/v2\/comments?post=820"}],"version-history":[{"count":25,"href":"https:\/\/www.gemsli.at\/index.php\/wp-json\/wp\/v2\/pages\/820\/revisions"}],"predecessor-version":[{"id":3028,"href":"https:\/\/www.gemsli.at\/index.php\/wp-json\/wp\/v2\/pages\/820\/revisions\/3028"}],"wp:featuredmedia":[{"embeddable":true,"href":"https:\/\/www.gemsli.at\/index.php\/wp-json\/wp\/v2\/media\/812"}],"wp:attachment":[{"href":"https:\/\/www.gemsli.at\/index.php\/wp-json\/wp\/v2\/media?parent=820"}],"curies":[{"name":"wp","href":"https:\/\/api.w.org\/{rel}","templated":true}]}}