{"id":714,"date":"2021-06-13T12:52:32","date_gmt":"2021-06-13T10:52:32","guid":{"rendered":"https:\/\/www.gemsli.at\/?page_id=714"},"modified":"2025-12-13T20:53:05","modified_gmt":"2025-12-13T19:53:05","slug":"alpen_blick-raetikon-tobelsee","status":"publish","type":"page","link":"https:\/\/www.gemsli.at\/index.php\/sommerprogramm\/alpen_blick-raetikon-tobelsee\/","title":{"rendered":"Alpen_Blick R\u00e4tikon: Tobelsee"},"content":{"rendered":"\n<h2 class=\"wp-block-heading\">Idyllische Panoramawanderung mit Blick auf die Drei Tu\u0308rme<\/h2>\n\n\n\n<p><strong>Individuelle Termine auf Anfrage<\/strong><br>Wandersaison Juni bis September<br><em>f\u00fcr Einsteiger:innen und Fortgeschrittene<\/em><\/p>\n\n\n\n<p>Tauche ein in die beeindruckende Bergwelt des Montafons und genie\u00dfe den Ausblick auf einen der sch\u00f6nsten Talschl\u00fcsse der Alpen.<\/p>\n\n\n\n<p>Mit Blick auf die imposanten Drei T\u00fcrme starten wir unsere Wanderung in Grabs. Der Weg f\u00fchrt uns \u00fcber einen aussichtsreichen R\u00fccken, der atemberaubende Panoramen bietet, bis zum idyllischen Tobelsee \u2013 ein verstecktes Juwel in den Bergen. <\/p>\n\n\n\n<p>W\u00e4hrend ich euch mit einem regionalen Picknick verw\u00f6hne, genie\u00dfen wir den beindruckenden Blick auf die Drei Tu\u0308rme und die Bergkulisse des R\u00e4tikon. Ein wahrer Sehnsuchtsort zum Verlieben.<br>Mutige G\u00e4ste g\u00f6nnen sich eine kurze Abku\u0308hlung im eiskalten und erfrischenden Bergwasser. Auf dem R\u00fcckweg passieren wir die malerische Alpilaalpe und gelangen wieder gemu\u0308tlich nach Grabs.<\/p>\n\n\n\n<figure class=\"wp-block-image size-large\"><img loading=\"lazy\" decoding=\"async\" width=\"768\" height=\"1024\" src=\"https:\/\/www.gemsli.at\/wp-content\/uploads\/2024\/12\/IMG_20210809_154027-768x1024.jpg\" alt=\"\" class=\"wp-image-2693\" srcset=\"https:\/\/www.gemsli.at\/wp-content\/uploads\/2024\/12\/IMG_20210809_154027-768x1024.jpg 768w, https:\/\/www.gemsli.at\/wp-content\/uploads\/2024\/12\/IMG_20210809_154027-225x300.jpg 225w, https:\/\/www.gemsli.at\/wp-content\/uploads\/2024\/12\/IMG_20210809_154027-1152x1536.jpg 1152w, https:\/\/www.gemsli.at\/wp-content\/uploads\/2024\/12\/IMG_20210809_154027-1536x2048.jpg 1536w, https:\/\/www.gemsli.at\/wp-content\/uploads\/2024\/12\/IMG_20210809_154027-scaled.jpg 1920w\" sizes=\"auto, (max-width: 767px) 89vw, (max-width: 1000px) 54vw, (max-width: 1071px) 543px, 580px\" \/><\/figure>\n\n\n\n<figure class=\"wp-block-image size-large\"><img loading=\"lazy\" decoding=\"async\" width=\"1024\" height=\"768\" src=\"https:\/\/www.gemsli.at\/wp-content\/uploads\/2024\/12\/IMG_0942-1024x768.jpg\" alt=\"\" class=\"wp-image-2694\" srcset=\"https:\/\/www.gemsli.at\/wp-content\/uploads\/2024\/12\/IMG_0942-1024x768.jpg 1024w, https:\/\/www.gemsli.at\/wp-content\/uploads\/2024\/12\/IMG_0942-300x225.jpg 300w, https:\/\/www.gemsli.at\/wp-content\/uploads\/2024\/12\/IMG_0942-768x576.jpg 768w, https:\/\/www.gemsli.at\/wp-content\/uploads\/2024\/12\/IMG_0942-1536x1152.jpg 1536w, https:\/\/www.gemsli.at\/wp-content\/uploads\/2024\/12\/IMG_0942-2048x1536.jpg 2048w\" sizes=\"auto, (max-width: 767px) 89vw, (max-width: 1000px) 54vw, (max-width: 1071px) 543px, 580px\" \/><\/figure>\n\n\n\n<p><strong>Treffpunkt nach Voranmeldung: <\/strong>um 09:00 Uhr beim Wanderparkplatz in Latschau<br><strong>Dauer:<\/strong> 6 Stunden, 850 hm, 8,5 km<br><strong>Preis:<\/strong> \u20ac 89 pro Person*<\/p>\n\n\n\n<p>Anmeldung auf Anfrage, bis sp\u00e4testens 9:00 Uhr des Vortages<\/p>\n\n\n\n<div class=\"wp-block-buttons is-layout-flex wp-block-buttons-is-layout-flex\">\n<div class=\"wp-block-button is-style-fill\"><a class=\"wp-block-button__link has-white-color has-text-color has-background\" href=\"mailto:alpenerleben@gemsli.at\" style=\"background-color:#969650\">Anfrage\/Anmeldung per E-Mail an &#8218;gemsli<\/a><\/div>\n<\/div>\n\n\n\n<p><br>*) Die angegebenen Preise gelten ab einer Teilnahme von 4 Personen. Ich fu\u0308hre<br>Kleingruppen gerne auf Anfrage.<\/p>\n","protected":false},"excerpt":{"rendered":"<p>Idyllische Panoramawanderung mit Blick auf die Drei Tu\u0308rme Individuelle Termine auf AnfrageWandersaison Juni bis Septemberf\u00fcr Einsteiger:innen und Fortgeschrittene Tauche ein in die beeindruckende Bergwelt des Montafons und genie\u00dfe den Ausblick auf einen der sch\u00f6nsten Talschl\u00fcsse der Alpen. Mit Blick auf die imposanten Drei T\u00fcrme starten wir unsere Wanderung in Grabs. Der Weg f\u00fchrt uns \u00fcber &hellip; <\/p>\n<p class=\"link-more\"><a href=\"https:\/\/www.gemsli.at\/index.php\/sommerprogramm\/alpen_blick-raetikon-tobelsee\/\" class=\"more-link\">Continue reading<span class=\"screen-reader-text\"> &#8222;Alpen_Blick R\u00e4tikon: Tobelsee&#8220;<\/span><\/a><\/p>\n","protected":false},"author":1,"featured_media":688,"parent":736,"menu_order":0,"comment_status":"closed","ping_status":"closed","template":"","meta":{"footnotes":""},"class_list":["post-714","page","type-page","status-publish","has-post-thumbnail","hentry"],"_links":{"self":[{"href":"https:\/\/www.gemsli.at\/index.php\/wp-json\/wp\/v2\/pages\/714","targetHints":{"allow":["GET"]}}],"collection":[{"href":"https:\/\/www.gemsli.at\/index.php\/wp-json\/wp\/v2\/pages"}],"about":[{"href":"https:\/\/www.gemsli.at\/index.php\/wp-json\/wp\/v2\/types\/page"}],"author":[{"embeddable":true,"href":"https:\/\/www.gemsli.at\/index.php\/wp-json\/wp\/v2\/users\/1"}],"replies":[{"embeddable":true,"href":"https:\/\/www.gemsli.at\/index.php\/wp-json\/wp\/v2\/comments?post=714"}],"version-history":[{"count":10,"href":"https:\/\/www.gemsli.at\/index.php\/wp-json\/wp\/v2\/pages\/714\/revisions"}],"predecessor-version":[{"id":2975,"href":"https:\/\/www.gemsli.at\/index.php\/wp-json\/wp\/v2\/pages\/714\/revisions\/2975"}],"up":[{"embeddable":true,"href":"https:\/\/www.gemsli.at\/index.php\/wp-json\/wp\/v2\/pages\/736"}],"wp:featuredmedia":[{"embeddable":true,"href":"https:\/\/www.gemsli.at\/index.php\/wp-json\/wp\/v2\/media\/688"}],"wp:attachment":[{"href":"https:\/\/www.gemsli.at\/index.php\/wp-json\/wp\/v2\/media?parent=714"}],"curies":[{"name":"wp","href":"https:\/\/api.w.org\/{rel}","templated":true}]}}