{"id":701,"date":"2021-06-13T12:18:24","date_gmt":"2021-06-13T10:18:24","guid":{"rendered":"https:\/\/www.gemsli.at\/?page_id=701"},"modified":"2025-12-13T21:37:14","modified_gmt":"2025-12-13T20:37:14","slug":"gipfel_buch-verwall-davenna","status":"publish","type":"page","link":"https:\/\/www.gemsli.at\/index.php\/sommerprogramm\/gipfel_buch-verwall-davenna\/","title":{"rendered":"Gipfel_Buch Verwall: Davenna"},"content":{"rendered":"\n<h2 class=\"wp-block-heading\">Ruhige Gipfeltour im Verwall<\/h2>\n\n\n\n<p><strong>Individuelle Termine auf Anfrage<\/strong><br>Wandersaison Juli bis November<br><em>f\u00fcr Fortgeschrittene <\/em><\/p>\n\n\n\n<p>Wir starten am Sonnenbalkon des Montafon und wandern u\u0308ber das historische Siedlungsgebiet eines ehemaligen Bergdorfes zum idyllischen Kirchlein Valleu. Weiter geht&#8217;s zuerst sehr steil bergauf und anschlie\u00dfend gemu\u0308tlich leicht ansteigend durch einen von Bergkiefern ges\u00e4umten Latschengu\u0308rtel zum Gipfel auf 1874 m u\u0308. M., der Davenna. <br>Durch dieses wundersch\u00f6ne Gebiet wandernd genie\u00dfen wir eine atemberaubende Aussicht auf den Walgau, das Lechquellgebirge, den R\u00e4tikon und das von m\u00e4chtigen Dolomitschutth\u00e4ngen und steilen Felsformationen gepr\u00e4gte Natura2000 Gebiet Davenna.<\/p>\n\n\n\n<p>Nach einer ausgiebigen Gipfelrast, bei der ich Euch mit einer regionalen `gemsli Jause mit hausgemachtem Brot verw\u00f6hne,  wandern wir vorbei an der Alpe Latons mit tollem Ausblick ins Klostertal. Abschlie\u00dfend fu\u0308hrt uns unsere Wanderung vorbei am bekannten Fritzensee, u\u0308ber geschichtstr\u00e4chtige Mais\u00e4\u00dflandschaften zum historischen Bergwerk und zuru\u0308ck zum Ausgangspunkt am Bartholom\u00e4berg.<\/p>\n\n\n\n<figure class=\"wp-block-gallery has-nested-images columns-default is-cropped wp-block-gallery-1 is-layout-flex wp-block-gallery-is-layout-flex\">\n<figure class=\"wp-block-image size-large\"><img loading=\"lazy\" decoding=\"async\" width=\"768\" height=\"1024\" data-id=\"1519\" src=\"https:\/\/www.gemsli.at\/wp-content\/uploads\/2022\/02\/Wanderfu\u0308hrerin_Anna-Peiker.jpg\" alt=\"\" class=\"wp-image-1519\" srcset=\"https:\/\/www.gemsli.at\/wp-content\/uploads\/2022\/02\/Wanderfu\u0308hrerin_Anna-Peiker.jpg 768w, https:\/\/www.gemsli.at\/wp-content\/uploads\/2022\/02\/Wanderfu\u0308hrerin_Anna-Peiker-225x300.jpg 225w\" sizes=\"auto, (max-width: 767px) 89vw, (max-width: 1000px) 54vw, (max-width: 1071px) 543px, 580px\" \/><\/figure>\n\n\n\n<figure class=\"wp-block-image size-large\"><img loading=\"lazy\" decoding=\"async\" width=\"1920\" height=\"2560\" data-id=\"817\" src=\"https:\/\/www.gemsli.at\/wp-content\/uploads\/2021\/08\/gemsli-Blog-Gipfel_Buch-Schesaplana-Bauernjause-scaled.jpg\" alt=\"\" class=\"wp-image-817\" srcset=\"https:\/\/www.gemsli.at\/wp-content\/uploads\/2021\/08\/gemsli-Blog-Gipfel_Buch-Schesaplana-Bauernjause-scaled.jpg 1920w, https:\/\/www.gemsli.at\/wp-content\/uploads\/2021\/08\/gemsli-Blog-Gipfel_Buch-Schesaplana-Bauernjause-225x300.jpg 225w, https:\/\/www.gemsli.at\/wp-content\/uploads\/2021\/08\/gemsli-Blog-Gipfel_Buch-Schesaplana-Bauernjause-768x1024.jpg 768w, https:\/\/www.gemsli.at\/wp-content\/uploads\/2021\/08\/gemsli-Blog-Gipfel_Buch-Schesaplana-Bauernjause-1152x1536.jpg 1152w, https:\/\/www.gemsli.at\/wp-content\/uploads\/2021\/08\/gemsli-Blog-Gipfel_Buch-Schesaplana-Bauernjause-1536x2048.jpg 1536w\" sizes=\"auto, (max-width: 767px) 89vw, (max-width: 1000px) 54vw, (max-width: 1071px) 543px, 580px\" \/><\/figure>\n<\/figure>\n\n\n\n<p><strong>Treffpunkt nach Voranmeldung: <\/strong><br>um 09:00 Uhr, Barockkirche Bartholom\u00e4berg<br><strong>Dauer:<\/strong> 8 Stunden, 1000 hm, 18 km<br><strong>Preis: <\/strong>\u20ac99 pro Person* inklusive `gemsli Jause<\/p>\n\n\n\n<p>Anmeldung auf Anfrage, bis sp\u00e4testens 9:00 Uhr des Vortages<\/p>\n\n\n\n<div class=\"wp-block-buttons is-layout-flex wp-block-buttons-is-layout-flex\">\n<div class=\"wp-block-button is-style-fill\"><a class=\"wp-block-button__link has-white-color has-text-color has-background\" href=\"mailto:alpenerleben@gemsli.at\" style=\"background-color:#969650\">Anfrage\/Anmeldung per E-Mail an &#8218;gemsli<\/a><\/div>\n<\/div>\n\n\n\n<p><br>*) Die angegebenen Preise gelten ab einer Teilnahme von 4 Personen. Ich fu\u0308hre<br>Kleingruppen gerne auf Anfrage.<\/p>\n","protected":false},"excerpt":{"rendered":"<p>Ruhige Gipfeltour im Verwall Individuelle Termine auf AnfrageWandersaison Juli bis Novemberf\u00fcr Fortgeschrittene Wir starten am Sonnenbalkon des Montafon und wandern u\u0308ber das historische Siedlungsgebiet eines ehemaligen Bergdorfes zum idyllischen Kirchlein Valleu. Weiter geht&#8217;s zuerst sehr steil bergauf und anschlie\u00dfend gemu\u0308tlich leicht ansteigend durch einen von Bergkiefern ges\u00e4umten Latschengu\u0308rtel zum Gipfel auf 1874 m u\u0308. M., &hellip; <\/p>\n<p class=\"link-more\"><a href=\"https:\/\/www.gemsli.at\/index.php\/sommerprogramm\/gipfel_buch-verwall-davenna\/\" class=\"more-link\">Continue reading<span class=\"screen-reader-text\"> &#8222;Gipfel_Buch Verwall: Davenna&#8220;<\/span><\/a><\/p>\n","protected":false},"author":1,"featured_media":690,"parent":736,"menu_order":0,"comment_status":"closed","ping_status":"closed","template":"","meta":{"footnotes":""},"class_list":["post-701","page","type-page","status-publish","has-post-thumbnail","hentry"],"_links":{"self":[{"href":"https:\/\/www.gemsli.at\/index.php\/wp-json\/wp\/v2\/pages\/701","targetHints":{"allow":["GET"]}}],"collection":[{"href":"https:\/\/www.gemsli.at\/index.php\/wp-json\/wp\/v2\/pages"}],"about":[{"href":"https:\/\/www.gemsli.at\/index.php\/wp-json\/wp\/v2\/types\/page"}],"author":[{"embeddable":true,"href":"https:\/\/www.gemsli.at\/index.php\/wp-json\/wp\/v2\/users\/1"}],"replies":[{"embeddable":true,"href":"https:\/\/www.gemsli.at\/index.php\/wp-json\/wp\/v2\/comments?post=701"}],"version-history":[{"count":13,"href":"https:\/\/www.gemsli.at\/index.php\/wp-json\/wp\/v2\/pages\/701\/revisions"}],"predecessor-version":[{"id":2988,"href":"https:\/\/www.gemsli.at\/index.php\/wp-json\/wp\/v2\/pages\/701\/revisions\/2988"}],"up":[{"embeddable":true,"href":"https:\/\/www.gemsli.at\/index.php\/wp-json\/wp\/v2\/pages\/736"}],"wp:featuredmedia":[{"embeddable":true,"href":"https:\/\/www.gemsli.at\/index.php\/wp-json\/wp\/v2\/media\/690"}],"wp:attachment":[{"href":"https:\/\/www.gemsli.at\/index.php\/wp-json\/wp\/v2\/media?parent=701"}],"curies":[{"name":"wp","href":"https:\/\/api.w.org\/{rel}","templated":true}]}}