{"id":628,"date":"2021-05-26T21:06:52","date_gmt":"2021-05-26T19:06:52","guid":{"rendered":"https:\/\/www.gemsli.at\/?page_id=628"},"modified":"2025-12-13T20:54:44","modified_gmt":"2025-12-13T19:54:44","slug":"alpen_blick-genusswanderung-bartholomaeberg","status":"publish","type":"page","link":"https:\/\/www.gemsli.at\/index.php\/sommerprogramm\/alpen_blick-genusswanderung-bartholomaeberg\/","title":{"rendered":"Alpen_Blick Genusswanderung"},"content":{"rendered":"\n<h2 class=\"wp-block-heading\">Panoramawanderung am Sonnenbalkon des Montafon<\/h2>\n\n\n\n<p><strong>Individuelle Termine auf Anfrage<\/strong><br>Wandersaison Mai bis November<br><em>f\u00fcr Jedermann &#8211; Gruppen, Erwachsene, Familien<\/em><\/p>\n\n\n\n<p>Wir wandern am Sonnenbalkon Bartholom\u00e4berg, u\u0308ber blu\u0308hende Alpwiesen und geschichtstr\u00e4chtige Mais\u00e4\u00dflandschaften.<br>An meinem Lieblingsplatz angekommen, haben wir eine tolle Aussicht von der Silvretta u\u0308ber den R\u00e4tikon bis hin zum Alpstein und u\u0308ber den Walgau ins Rheintal. Daher ist das Rellseck auch einer meiner absoluten Sehnsuchtsorte. <\/p>\n\n\n\n<p>Lass Dich vom Natur_Genuss verzaubern, erfahre n\u00e4heres u\u0308ber die Montafoner Lebensweise und Landwirtschaft. Zum Abschluss verw\u00f6hne ich dich mit einer `gemsli Jause mit regionalen Produkten aus dem Montafon und selbstgebackenem Brot.<\/p>\n\n\n\n<figure class=\"wp-block-gallery has-nested-images columns-default is-cropped wp-block-gallery-1 is-layout-flex wp-block-gallery-is-layout-flex\">\n<figure class=\"wp-block-image size-large\"><img loading=\"lazy\" decoding=\"async\" width=\"1920\" height=\"2560\" data-id=\"2693\" src=\"https:\/\/www.gemsli.at\/wp-content\/uploads\/2024\/12\/IMG_20210809_154027-scaled.jpg\" alt=\"\" class=\"wp-image-2693\" srcset=\"https:\/\/www.gemsli.at\/wp-content\/uploads\/2024\/12\/IMG_20210809_154027-scaled.jpg 1920w, https:\/\/www.gemsli.at\/wp-content\/uploads\/2024\/12\/IMG_20210809_154027-225x300.jpg 225w, https:\/\/www.gemsli.at\/wp-content\/uploads\/2024\/12\/IMG_20210809_154027-768x1024.jpg 768w, https:\/\/www.gemsli.at\/wp-content\/uploads\/2024\/12\/IMG_20210809_154027-1152x1536.jpg 1152w, https:\/\/www.gemsli.at\/wp-content\/uploads\/2024\/12\/IMG_20210809_154027-1536x2048.jpg 1536w\" sizes=\"auto, (max-width: 767px) 89vw, (max-width: 1000px) 54vw, (max-width: 1071px) 543px, 580px\" \/><\/figure>\n\n\n\n<figure class=\"wp-block-image size-large\"><img loading=\"lazy\" decoding=\"async\" width=\"2560\" height=\"1438\" data-id=\"2669\" src=\"https:\/\/www.gemsli.at\/wp-content\/uploads\/2024\/12\/IMG_2399-scaled.jpg\" alt=\"\" class=\"wp-image-2669\" srcset=\"https:\/\/www.gemsli.at\/wp-content\/uploads\/2024\/12\/IMG_2399-scaled.jpg 2560w, https:\/\/www.gemsli.at\/wp-content\/uploads\/2024\/12\/IMG_2399-300x169.jpg 300w, https:\/\/www.gemsli.at\/wp-content\/uploads\/2024\/12\/IMG_2399-1024x575.jpg 1024w, https:\/\/www.gemsli.at\/wp-content\/uploads\/2024\/12\/IMG_2399-768x431.jpg 768w, https:\/\/www.gemsli.at\/wp-content\/uploads\/2024\/12\/IMG_2399-1536x863.jpg 1536w, https:\/\/www.gemsli.at\/wp-content\/uploads\/2024\/12\/IMG_2399-2048x1150.jpg 2048w\" sizes=\"auto, (max-width: 767px) 89vw, (max-width: 1000px) 54vw, (max-width: 1071px) 543px, 580px\" \/><\/figure>\n\n\n\n<figure class=\"wp-block-image size-large\"><img loading=\"lazy\" decoding=\"async\" width=\"2560\" height=\"1920\" data-id=\"2672\" src=\"https:\/\/www.gemsli.at\/wp-content\/uploads\/2024\/12\/Fotomotiv-scaled.jpg\" alt=\"\" class=\"wp-image-2672\" srcset=\"https:\/\/www.gemsli.at\/wp-content\/uploads\/2024\/12\/Fotomotiv-scaled.jpg 2560w, https:\/\/www.gemsli.at\/wp-content\/uploads\/2024\/12\/Fotomotiv-300x225.jpg 300w, https:\/\/www.gemsli.at\/wp-content\/uploads\/2024\/12\/Fotomotiv-1024x768.jpg 1024w, https:\/\/www.gemsli.at\/wp-content\/uploads\/2024\/12\/Fotomotiv-768x576.jpg 768w, https:\/\/www.gemsli.at\/wp-content\/uploads\/2024\/12\/Fotomotiv-1536x1152.jpg 1536w, https:\/\/www.gemsli.at\/wp-content\/uploads\/2024\/12\/Fotomotiv-2048x1536.jpg 2048w\" sizes=\"auto, (max-width: 767px) 89vw, (max-width: 1000px) 54vw, (max-width: 1071px) 543px, 580px\" \/><\/figure>\n<\/figure>\n\n\n\n<figure class=\"wp-block-gallery has-nested-images columns-default is-cropped wp-block-gallery-2 is-layout-flex wp-block-gallery-is-layout-flex\">\n<figure class=\"wp-block-image size-large\"><img loading=\"lazy\" decoding=\"async\" width=\"2243\" height=\"1260\" data-id=\"1873\" src=\"https:\/\/www.gemsli.at\/wp-content\/uploads\/2022\/08\/gemsli-Blog-Alpen_Blick-Genusswanderung-04.jpg\" alt=\"\" class=\"wp-image-1873\" srcset=\"https:\/\/www.gemsli.at\/wp-content\/uploads\/2022\/08\/gemsli-Blog-Alpen_Blick-Genusswanderung-04.jpg 2243w, https:\/\/www.gemsli.at\/wp-content\/uploads\/2022\/08\/gemsli-Blog-Alpen_Blick-Genusswanderung-04-300x169.jpg 300w, https:\/\/www.gemsli.at\/wp-content\/uploads\/2022\/08\/gemsli-Blog-Alpen_Blick-Genusswanderung-04-1024x575.jpg 1024w, https:\/\/www.gemsli.at\/wp-content\/uploads\/2022\/08\/gemsli-Blog-Alpen_Blick-Genusswanderung-04-768x431.jpg 768w, https:\/\/www.gemsli.at\/wp-content\/uploads\/2022\/08\/gemsli-Blog-Alpen_Blick-Genusswanderung-04-1536x863.jpg 1536w, https:\/\/www.gemsli.at\/wp-content\/uploads\/2022\/08\/gemsli-Blog-Alpen_Blick-Genusswanderung-04-2048x1150.jpg 2048w\" sizes=\"auto, (max-width: 767px) 89vw, (max-width: 1000px) 54vw, (max-width: 1071px) 543px, 580px\" \/><\/figure>\n\n\n\n<figure class=\"wp-block-image size-large\"><img loading=\"lazy\" decoding=\"async\" width=\"2243\" height=\"1260\" data-id=\"1886\" src=\"https:\/\/www.gemsli.at\/wp-content\/uploads\/2022\/08\/gemsli-Blog-Alpen_Blick-Genusswanderung-09.jpg\" alt=\"\" class=\"wp-image-1886\" srcset=\"https:\/\/www.gemsli.at\/wp-content\/uploads\/2022\/08\/gemsli-Blog-Alpen_Blick-Genusswanderung-09.jpg 2243w, https:\/\/www.gemsli.at\/wp-content\/uploads\/2022\/08\/gemsli-Blog-Alpen_Blick-Genusswanderung-09-300x169.jpg 300w, https:\/\/www.gemsli.at\/wp-content\/uploads\/2022\/08\/gemsli-Blog-Alpen_Blick-Genusswanderung-09-1024x575.jpg 1024w, https:\/\/www.gemsli.at\/wp-content\/uploads\/2022\/08\/gemsli-Blog-Alpen_Blick-Genusswanderung-09-768x431.jpg 768w, https:\/\/www.gemsli.at\/wp-content\/uploads\/2022\/08\/gemsli-Blog-Alpen_Blick-Genusswanderung-09-1536x863.jpg 1536w, https:\/\/www.gemsli.at\/wp-content\/uploads\/2022\/08\/gemsli-Blog-Alpen_Blick-Genusswanderung-09-2048x1150.jpg 2048w\" sizes=\"auto, (max-width: 767px) 89vw, (max-width: 1000px) 54vw, (max-width: 1071px) 543px, 580px\" \/><\/figure>\n<\/figure>\n\n\n\n<p><strong>Treffpunkt nach Voranmeldung:<\/strong> Barockkirche Bartholom\u00e4berg<br><strong>Dauer: <\/strong> 4,5 Stunden, 410 hm, 6 km<br><strong>Preis: <\/strong> \u20ac 79  pro Person* inklusive `gemsli Jause<\/p>\n\n\n\n<p>Anmeldung auf Anfrage, bis sp\u00e4testens 9:00 Uhr des Vortages<\/p>\n\n\n\n<div class=\"wp-block-buttons is-layout-flex wp-block-buttons-is-layout-flex\">\n<div class=\"wp-block-button is-style-fill\"><a class=\"wp-block-button__link has-white-color has-text-color has-background\" href=\"mailto:alpenerleben@gemsli.at\" style=\"background-color:#969650\">Anfrage\/Anmeldung per E-Mail an &#8218;gemsli<\/a><\/div>\n<\/div>\n\n\n\n<p><\/p>\n\n\n\n<p>*) Die angegebenen Preise gelten ab einer Teilnahme von 4 Personen. Ich fu\u0308hre Kleingruppen gerne auf Anfrage.<\/p>\n","protected":false},"excerpt":{"rendered":"<p>Panoramawanderung am Sonnenbalkon des Montafon Individuelle Termine auf AnfrageWandersaison Mai bis Novemberf\u00fcr Jedermann &#8211; Gruppen, Erwachsene, Familien Wir wandern am Sonnenbalkon Bartholom\u00e4berg, u\u0308ber blu\u0308hende Alpwiesen und geschichtstr\u00e4chtige Mais\u00e4\u00dflandschaften.An meinem Lieblingsplatz angekommen, haben wir eine tolle Aussicht von der Silvretta u\u0308ber den R\u00e4tikon bis hin zum Alpstein und u\u0308ber den Walgau ins Rheintal. Daher ist das &hellip; <\/p>\n<p class=\"link-more\"><a href=\"https:\/\/www.gemsli.at\/index.php\/sommerprogramm\/alpen_blick-genusswanderung-bartholomaeberg\/\" class=\"more-link\">Continue reading<span class=\"screen-reader-text\"> &#8222;Alpen_Blick Genusswanderung&#8220;<\/span><\/a><\/p>\n","protected":false},"author":1,"featured_media":625,"parent":736,"menu_order":0,"comment_status":"closed","ping_status":"closed","template":"","meta":{"footnotes":""},"class_list":["post-628","page","type-page","status-publish","has-post-thumbnail","hentry"],"_links":{"self":[{"href":"https:\/\/www.gemsli.at\/index.php\/wp-json\/wp\/v2\/pages\/628","targetHints":{"allow":["GET"]}}],"collection":[{"href":"https:\/\/www.gemsli.at\/index.php\/wp-json\/wp\/v2\/pages"}],"about":[{"href":"https:\/\/www.gemsli.at\/index.php\/wp-json\/wp\/v2\/types\/page"}],"author":[{"embeddable":true,"href":"https:\/\/www.gemsli.at\/index.php\/wp-json\/wp\/v2\/users\/1"}],"replies":[{"embeddable":true,"href":"https:\/\/www.gemsli.at\/index.php\/wp-json\/wp\/v2\/comments?post=628"}],"version-history":[{"count":18,"href":"https:\/\/www.gemsli.at\/index.php\/wp-json\/wp\/v2\/pages\/628\/revisions"}],"predecessor-version":[{"id":2977,"href":"https:\/\/www.gemsli.at\/index.php\/wp-json\/wp\/v2\/pages\/628\/revisions\/2977"}],"up":[{"embeddable":true,"href":"https:\/\/www.gemsli.at\/index.php\/wp-json\/wp\/v2\/pages\/736"}],"wp:featuredmedia":[{"embeddable":true,"href":"https:\/\/www.gemsli.at\/index.php\/wp-json\/wp\/v2\/media\/625"}],"wp:attachment":[{"href":"https:\/\/www.gemsli.at\/index.php\/wp-json\/wp\/v2\/media?parent=628"}],"curies":[{"name":"wp","href":"https:\/\/api.w.org\/{rel}","templated":true}]}}