{"id":593,"date":"2021-05-26T18:54:53","date_gmt":"2021-05-26T16:54:53","guid":{"rendered":"https:\/\/www.gemsli.at\/?page_id=593"},"modified":"2025-12-13T20:54:04","modified_gmt":"2025-12-13T19:54:04","slug":"alpen_blick-bergkraeuter-und-blumenwanderung","status":"publish","type":"page","link":"https:\/\/www.gemsli.at\/index.php\/sommerprogramm\/alpen_blick-bergkraeuter-und-blumenwanderung\/","title":{"rendered":"Alpen_Blick Bergkr\u00e4uterwanderung"},"content":{"rendered":"\n<h2 class=\"wp-block-heading\">Mit allen Sinnen durch die Kr\u00e4uterwelt<\/h2>\n\n\n\n<p><strong>Individuelle Termine auf Anfrage<\/strong><br>In den Monaten Mai bis September<br><em>f\u00fcr Jedermann &#8211; Gruppen, Erwachsene, Familien<\/em><\/p>\n\n\n\n<p>Halt die Augen offen \u2013 \u00fcberall gibt es wunderbare Kr\u00e4uter zu entdecken! Gemeinsam tauchen wir in die artenreiche Kr\u00e4uterwelt des Montafons ein. Ich bringe Dir die Pflanzen spielerisch und mit Geschichten verkn\u00fcpft n\u00e4her und zeige Dir, was Du alles daraus zaubern kannst. <br><br>Bei der Alpen_Blick Bergkr\u00e4uterwanderung erlebst Du ein ganzheitliches, sinnliches Naturerlebnis \u2013 Du entdeckst heimische Kr\u00e4uter mit allen Sinnen, lauscht spannenden Geschichten zu und tauchst tief in die Welt der Bergkr\u00e4uter ein. Zum Abschluss stellen wir gemeinsam bei unserem Montafoner Bauernhaus zwei Kr\u00e4uterprodukte mit Kr\u00e4utern aus dem hauseigenen Garten her \u2013 eines zum Verkosten wie Kr\u00e4uterbutter, Topfen oder Buttermilch und eines zum Mitnehmen wie Kr\u00e4utersalz, Kr\u00e4uter\u00f6l oder -balsam. <\/p>\n\n\n\n<figure class=\"wp-block-gallery has-nested-images columns-default is-cropped wp-block-gallery-1 is-layout-flex wp-block-gallery-is-layout-flex\">\n<figure class=\"wp-block-image size-large\"><img loading=\"lazy\" decoding=\"async\" width=\"1024\" height=\"682\" data-id=\"2743\" src=\"https:\/\/www.gemsli.at\/wp-content\/uploads\/2024\/12\/Podcast-BTS-c-Marie-Rudigier-36-1024x682.jpg\" alt=\"\" class=\"wp-image-2743\" srcset=\"https:\/\/www.gemsli.at\/wp-content\/uploads\/2024\/12\/Podcast-BTS-c-Marie-Rudigier-36-1024x682.jpg 1024w, https:\/\/www.gemsli.at\/wp-content\/uploads\/2024\/12\/Podcast-BTS-c-Marie-Rudigier-36-300x200.jpg 300w, https:\/\/www.gemsli.at\/wp-content\/uploads\/2024\/12\/Podcast-BTS-c-Marie-Rudigier-36-768x512.jpg 768w, https:\/\/www.gemsli.at\/wp-content\/uploads\/2024\/12\/Podcast-BTS-c-Marie-Rudigier-36-1536x1024.jpg 1536w, https:\/\/www.gemsli.at\/wp-content\/uploads\/2024\/12\/Podcast-BTS-c-Marie-Rudigier-36.jpg 2000w\" sizes=\"auto, (max-width: 767px) 89vw, (max-width: 1000px) 54vw, (max-width: 1071px) 543px, 580px\" \/><\/figure>\n\n\n\n<figure class=\"wp-block-image size-large\"><img loading=\"lazy\" decoding=\"async\" width=\"683\" height=\"1024\" data-id=\"2762\" src=\"https:\/\/www.gemsli.at\/wp-content\/uploads\/2024\/12\/Podcast-BTS-c-Marie-Rudigier-22-683x1024.jpg\" alt=\"\" class=\"wp-image-2762\" srcset=\"https:\/\/www.gemsli.at\/wp-content\/uploads\/2024\/12\/Podcast-BTS-c-Marie-Rudigier-22-683x1024.jpg 683w, https:\/\/www.gemsli.at\/wp-content\/uploads\/2024\/12\/Podcast-BTS-c-Marie-Rudigier-22-200x300.jpg 200w, https:\/\/www.gemsli.at\/wp-content\/uploads\/2024\/12\/Podcast-BTS-c-Marie-Rudigier-22-768x1152.jpg 768w, https:\/\/www.gemsli.at\/wp-content\/uploads\/2024\/12\/Podcast-BTS-c-Marie-Rudigier-22-1024x1536.jpg 1024w, https:\/\/www.gemsli.at\/wp-content\/uploads\/2024\/12\/Podcast-BTS-c-Marie-Rudigier-22-1365x2048.jpg 1365w, https:\/\/www.gemsli.at\/wp-content\/uploads\/2024\/12\/Podcast-BTS-c-Marie-Rudigier-22-scaled.jpg 1707w\" sizes=\"auto, (max-width: 683px) 100vw, 683px\" \/><\/figure>\n\n\n\n<figure class=\"wp-block-image size-large\"><img loading=\"lazy\" decoding=\"async\" width=\"683\" height=\"1024\" data-id=\"2732\" src=\"https:\/\/www.gemsli.at\/wp-content\/uploads\/2024\/12\/Podcast-BTS-c-Marie-Rudigier-25-683x1024.jpg\" alt=\"\" class=\"wp-image-2732\" srcset=\"https:\/\/www.gemsli.at\/wp-content\/uploads\/2024\/12\/Podcast-BTS-c-Marie-Rudigier-25-683x1024.jpg 683w, https:\/\/www.gemsli.at\/wp-content\/uploads\/2024\/12\/Podcast-BTS-c-Marie-Rudigier-25-200x300.jpg 200w, https:\/\/www.gemsli.at\/wp-content\/uploads\/2024\/12\/Podcast-BTS-c-Marie-Rudigier-25-768x1152.jpg 768w, https:\/\/www.gemsli.at\/wp-content\/uploads\/2024\/12\/Podcast-BTS-c-Marie-Rudigier-25-1024x1536.jpg 1024w, https:\/\/www.gemsli.at\/wp-content\/uploads\/2024\/12\/Podcast-BTS-c-Marie-Rudigier-25-1365x2048.jpg 1365w, https:\/\/www.gemsli.at\/wp-content\/uploads\/2024\/12\/Podcast-BTS-c-Marie-Rudigier-25-scaled.jpg 1707w\" sizes=\"auto, (max-width: 683px) 100vw, 683px\" \/><\/figure>\n<\/figure>\n\n\n\n<figure class=\"wp-block-gallery has-nested-images columns-default is-cropped wp-block-gallery-2 is-layout-flex wp-block-gallery-is-layout-flex\">\n<figure class=\"wp-block-image size-large\"><img loading=\"lazy\" decoding=\"async\" width=\"2000\" height=\"1333\" data-id=\"2749\" src=\"https:\/\/www.gemsli.at\/wp-content\/uploads\/2024\/12\/Podcast-BTS-c-Marie-Rudigier-5.jpg\" alt=\"\" class=\"wp-image-2749\" srcset=\"https:\/\/www.gemsli.at\/wp-content\/uploads\/2024\/12\/Podcast-BTS-c-Marie-Rudigier-5.jpg 2000w, https:\/\/www.gemsli.at\/wp-content\/uploads\/2024\/12\/Podcast-BTS-c-Marie-Rudigier-5-300x200.jpg 300w, https:\/\/www.gemsli.at\/wp-content\/uploads\/2024\/12\/Podcast-BTS-c-Marie-Rudigier-5-1024x682.jpg 1024w, https:\/\/www.gemsli.at\/wp-content\/uploads\/2024\/12\/Podcast-BTS-c-Marie-Rudigier-5-768x512.jpg 768w, https:\/\/www.gemsli.at\/wp-content\/uploads\/2024\/12\/Podcast-BTS-c-Marie-Rudigier-5-1536x1024.jpg 1536w\" sizes=\"auto, (max-width: 767px) 89vw, (max-width: 1000px) 54vw, (max-width: 1071px) 543px, 580px\" \/><\/figure>\n\n\n\n<figure class=\"wp-block-image size-large\"><img loading=\"lazy\" decoding=\"async\" width=\"1024\" height=\"682\" data-id=\"2730\" src=\"https:\/\/www.gemsli.at\/wp-content\/uploads\/2024\/12\/Podcast-BTS-c-Marie-Rudigier-14-1024x682.jpg\" alt=\"\" class=\"wp-image-2730\" srcset=\"https:\/\/www.gemsli.at\/wp-content\/uploads\/2024\/12\/Podcast-BTS-c-Marie-Rudigier-14-1024x682.jpg 1024w, https:\/\/www.gemsli.at\/wp-content\/uploads\/2024\/12\/Podcast-BTS-c-Marie-Rudigier-14-300x200.jpg 300w, https:\/\/www.gemsli.at\/wp-content\/uploads\/2024\/12\/Podcast-BTS-c-Marie-Rudigier-14-768x512.jpg 768w, https:\/\/www.gemsli.at\/wp-content\/uploads\/2024\/12\/Podcast-BTS-c-Marie-Rudigier-14-1536x1024.jpg 1536w, https:\/\/www.gemsli.at\/wp-content\/uploads\/2024\/12\/Podcast-BTS-c-Marie-Rudigier-14.jpg 2000w\" sizes=\"auto, (max-width: 767px) 89vw, (max-width: 1000px) 54vw, (max-width: 1071px) 543px, 580px\" \/><\/figure>\n<\/figure>\n\n\n\n<p><strong>Treffpunkt bei Voranmeldung:<\/strong> bei der Barockkirche Bartholom\u00e4berg<br><strong>Dauer:<\/strong>   4 Stunden (gem\u00fctliche Kr\u00e4uterwanderung, Kr\u00e4uterverkostung und Herstellung von einem Kr\u00e4uterprodukt)<br><strong>Preis: <\/strong>  \u20ac 79 pro Person* inklusive Kr\u00e4uterverkostung und Kr\u00e4uterprodukt <\/p>\n\n\n\n<p>Anmeldung auf Anfrage, bis sp\u00e4testens 9:00 Uhr des Vortages<\/p>\n\n\n\n<div class=\"wp-block-buttons is-layout-flex wp-block-buttons-is-layout-flex\">\n<div class=\"wp-block-button is-style-fill\"><a class=\"wp-block-button__link has-white-color has-text-color has-background\" href=\"mailto:alpenerleben@gemsli.at\" style=\"background-color:#969650\">Anfrage\/Anmeldung per E-Mail an &#8218;gemsli<\/a><\/div>\n<\/div>\n\n\n\n<p><\/p>\n\n\n\n<p>*) Die angegebenen Preise gelten ab einer Teilnahme von 4 Personen. Ich fu\u0308hre<br>Kleingruppen gerne auf Anfrage.<\/p>\n","protected":false},"excerpt":{"rendered":"<p>Mit allen Sinnen durch die Kr\u00e4uterwelt Individuelle Termine auf AnfrageIn den Monaten Mai bis Septemberf\u00fcr Jedermann &#8211; Gruppen, Erwachsene, Familien Halt die Augen offen \u2013 \u00fcberall gibt es wunderbare Kr\u00e4uter zu entdecken! Gemeinsam tauchen wir in die artenreiche Kr\u00e4uterwelt des Montafons ein. Ich bringe Dir die Pflanzen spielerisch und mit Geschichten verkn\u00fcpft n\u00e4her und zeige &hellip; <\/p>\n<p class=\"link-more\"><a href=\"https:\/\/www.gemsli.at\/index.php\/sommerprogramm\/alpen_blick-bergkraeuter-und-blumenwanderung\/\" class=\"more-link\">Continue reading<span class=\"screen-reader-text\"> &#8222;Alpen_Blick Bergkr\u00e4uterwanderung&#8220;<\/span><\/a><\/p>\n","protected":false},"author":1,"featured_media":2731,"parent":736,"menu_order":0,"comment_status":"closed","ping_status":"closed","template":"","meta":{"footnotes":""},"class_list":["post-593","page","type-page","status-publish","has-post-thumbnail","hentry"],"_links":{"self":[{"href":"https:\/\/www.gemsli.at\/index.php\/wp-json\/wp\/v2\/pages\/593","targetHints":{"allow":["GET"]}}],"collection":[{"href":"https:\/\/www.gemsli.at\/index.php\/wp-json\/wp\/v2\/pages"}],"about":[{"href":"https:\/\/www.gemsli.at\/index.php\/wp-json\/wp\/v2\/types\/page"}],"author":[{"embeddable":true,"href":"https:\/\/www.gemsli.at\/index.php\/wp-json\/wp\/v2\/users\/1"}],"replies":[{"embeddable":true,"href":"https:\/\/www.gemsli.at\/index.php\/wp-json\/wp\/v2\/comments?post=593"}],"version-history":[{"count":24,"href":"https:\/\/www.gemsli.at\/index.php\/wp-json\/wp\/v2\/pages\/593\/revisions"}],"predecessor-version":[{"id":2976,"href":"https:\/\/www.gemsli.at\/index.php\/wp-json\/wp\/v2\/pages\/593\/revisions\/2976"}],"up":[{"embeddable":true,"href":"https:\/\/www.gemsli.at\/index.php\/wp-json\/wp\/v2\/pages\/736"}],"wp:featuredmedia":[{"embeddable":true,"href":"https:\/\/www.gemsli.at\/index.php\/wp-json\/wp\/v2\/media\/2731"}],"wp:attachment":[{"href":"https:\/\/www.gemsli.at\/index.php\/wp-json\/wp\/v2\/media?parent=593"}],"curies":[{"name":"wp","href":"https:\/\/api.w.org\/{rel}","templated":true}]}}