{"id":548,"date":"2021-05-25T14:36:14","date_gmt":"2021-05-25T12:36:14","guid":{"rendered":"https:\/\/www.gemsli.at\/?page_id=548"},"modified":"2025-12-12T22:21:42","modified_gmt":"2025-12-12T21:21:42","slug":"alpen_blick-vollmondwanderung","status":"publish","type":"page","link":"https:\/\/www.gemsli.at\/index.php\/sommerprogramm\/alpen_blick-vollmondwanderung\/","title":{"rendered":"Alpen_Blick Vollmondwanderung"},"content":{"rendered":"\n<h2 class=\"wp-block-heading\">Abenteuer Vollmondnacht<\/h2>\n\n\n\n<p><br><strong>Termine 2026<\/strong><\/p>\n\n\n\n<ul class=\"wp-block-list\"><li><strong><strong>Samstag, 3. Januar<\/strong>: <\/strong>18:00Uhr<\/li><li><strong><strong>Sonntag,  1. Februar<\/strong>: <\/strong>18:00 Uhr<\/li><li><strong><strong>Dienstag,  3. M\u00e4rz<\/strong>: <\/strong>18:30 Uhr<\/li><li><strong><strong>Donnerstag,  2. April<\/strong>: <\/strong>20:00 Uhr<\/li><li><strong>Sonntag, 31. Mai<\/strong>: 21:00 Uhr<\/li><li><strong>Dienstag, 30. Juni<\/strong>: 21:00 Uhr<\/li><li><strong>Mittwoch, 29. Juli<\/strong>: 21:30 Uhr<\/li><li><strong>Freitag, 28. August<\/strong>: 21:00 Uhr<\/li><li><strong>Samstag, 26. September<\/strong>: 20:00 Uhr<\/li><li><strong>Montag, 26. Oktober<\/strong>: 19:00 Uhr<\/li><li><strong>Dienstag, 24. November<\/strong>: 18:00 Uhr<\/li><li><strong>Mittwoch, 23. Dezember<\/strong>: 18:00 Uhr<br><br><em>Vollmondwanderung<\/em> <em>f\u00fcr Jedermann \u2013 Gruppen, Erwachsene, Familien,\u2026<\/em><\/li><\/ul>\n\n\n\n<p>Du wolltest schon immer ein ganz besonderes Wandererlebnis?<br>Dann ist die Vollmondwanderung genau das Richtige fu\u0308r Dich.<\/p>\n\n\n\n<p>Wir starten in der Abendd\u00e4mmerung mit Blick auf die markante Bergkulisse des R\u00e4tikon und beobachten, wie sich der Vollmond am Himmel erhebt.<br>Ohne Stirnlampe wandern wir durch die Stille der Vollmondnacht und sammeln ganz neue Eindru\u0308cke die wir mit allen Sinnen wahrnehmen. <br>W\u00e4hrend der Wanderung verw\u00f6hne ich euch mit einem warmen Fr\u00fcchtepunsch und selbstgebackenen Keksen.<br>Eine unvergessliche Erfahrung. Lass Dich u\u0308berraschen!<\/p>\n\n\n\n<figure class=\"wp-block-gallery has-nested-images columns-default is-cropped wp-block-gallery-1 is-layout-flex wp-block-gallery-is-layout-flex\">\n<figure class=\"wp-block-image size-large\"><img loading=\"lazy\" decoding=\"async\" width=\"1600\" height=\"2133\" data-id=\"1652\" src=\"https:\/\/www.gemsli.at\/wp-content\/uploads\/2022\/05\/gemsli-Blog_Stille-der-Vollmondnacht3.jpg\" alt=\"\" class=\"wp-image-1652\" srcset=\"https:\/\/www.gemsli.at\/wp-content\/uploads\/2022\/05\/gemsli-Blog_Stille-der-Vollmondnacht3.jpg 1600w, https:\/\/www.gemsli.at\/wp-content\/uploads\/2022\/05\/gemsli-Blog_Stille-der-Vollmondnacht3-225x300.jpg 225w, https:\/\/www.gemsli.at\/wp-content\/uploads\/2022\/05\/gemsli-Blog_Stille-der-Vollmondnacht3-768x1024.jpg 768w, https:\/\/www.gemsli.at\/wp-content\/uploads\/2022\/05\/gemsli-Blog_Stille-der-Vollmondnacht3-1152x1536.jpg 1152w, https:\/\/www.gemsli.at\/wp-content\/uploads\/2022\/05\/gemsli-Blog_Stille-der-Vollmondnacht3-1536x2048.jpg 1536w\" sizes=\"auto, (max-width: 767px) 89vw, (max-width: 1000px) 54vw, (max-width: 1071px) 543px, 580px\" \/><\/figure>\n\n\n\n<figure class=\"wp-block-image size-large\"><img loading=\"lazy\" decoding=\"async\" width=\"1024\" height=\"768\" data-id=\"1649\" src=\"https:\/\/www.gemsli.at\/wp-content\/uploads\/2022\/05\/gemsli-Blog_Stille-der-Vollmondnacht4-1024x768.jpg\" alt=\"\" class=\"wp-image-1649\" srcset=\"https:\/\/www.gemsli.at\/wp-content\/uploads\/2022\/05\/gemsli-Blog_Stille-der-Vollmondnacht4-1024x768.jpg 1024w, https:\/\/www.gemsli.at\/wp-content\/uploads\/2022\/05\/gemsli-Blog_Stille-der-Vollmondnacht4-300x225.jpg 300w, https:\/\/www.gemsli.at\/wp-content\/uploads\/2022\/05\/gemsli-Blog_Stille-der-Vollmondnacht4-768x576.jpg 768w, https:\/\/www.gemsli.at\/wp-content\/uploads\/2022\/05\/gemsli-Blog_Stille-der-Vollmondnacht4-1536x1152.jpg 1536w, https:\/\/www.gemsli.at\/wp-content\/uploads\/2022\/05\/gemsli-Blog_Stille-der-Vollmondnacht4-2048x1536.jpg 2048w\" sizes=\"auto, (max-width: 767px) 89vw, (max-width: 1000px) 54vw, (max-width: 1071px) 543px, 580px\" \/><\/figure>\n<\/figure>\n\n\n\n<figure class=\"wp-block-gallery has-nested-images columns-default is-cropped wp-block-gallery-2 is-layout-flex wp-block-gallery-is-layout-flex\">\n<figure class=\"wp-block-image size-large\"><img loading=\"lazy\" decoding=\"async\" width=\"2560\" height=\"1438\" data-id=\"1180\" src=\"https:\/\/www.gemsli.at\/wp-content\/uploads\/2021\/11\/gemsli-Alpen_Blick-Vollmondwanderung-scaled.jpg\" alt=\"\" class=\"wp-image-1180\" srcset=\"https:\/\/www.gemsli.at\/wp-content\/uploads\/2021\/11\/gemsli-Alpen_Blick-Vollmondwanderung-scaled.jpg 2560w, https:\/\/www.gemsli.at\/wp-content\/uploads\/2021\/11\/gemsli-Alpen_Blick-Vollmondwanderung-300x169.jpg 300w, https:\/\/www.gemsli.at\/wp-content\/uploads\/2021\/11\/gemsli-Alpen_Blick-Vollmondwanderung-1024x575.jpg 1024w, https:\/\/www.gemsli.at\/wp-content\/uploads\/2021\/11\/gemsli-Alpen_Blick-Vollmondwanderung-768x431.jpg 768w, https:\/\/www.gemsli.at\/wp-content\/uploads\/2021\/11\/gemsli-Alpen_Blick-Vollmondwanderung-1536x863.jpg 1536w, https:\/\/www.gemsli.at\/wp-content\/uploads\/2021\/11\/gemsli-Alpen_Blick-Vollmondwanderung-2048x1150.jpg 2048w\" sizes=\"auto, (max-width: 767px) 89vw, (max-width: 1000px) 54vw, (max-width: 1071px) 543px, 580px\" \/><\/figure>\n<\/figure>\n\n\n\n<p><strong>Treffpunkt bei Voranmeldung:<\/strong> <br>je nach Sonnenuntergang bei der Barockkirche Bartholom\u00e4berg<br><strong>Dauer:<\/strong>   2 h<br><strong>Preis:<\/strong>     \u20ac 59 pro Person*<\/p>\n\n\n\n<p>Anmeldung auf Anfrage, bis sp\u00e4testens 9:00 Uhr des Vortages<\/p>\n\n\n\n<div class=\"wp-block-buttons is-layout-flex wp-block-buttons-is-layout-flex\">\n<div class=\"wp-block-button is-style-fill\"><a class=\"wp-block-button__link has-white-color has-text-color has-background\" href=\"mailto:alpenerleben@gemsli.at\" style=\"background-color:#969650\">Anfrage\/Anmeldung per E-Mail an &#8218;gemsli<\/a><\/div>\n<\/div>\n\n\n\n<p><\/p>\n\n\n\n<p>*) Die angegebenen Preise gelten ab einer Teilnahme von 3 Personen. Ich fu\u0308hre<br>Kleingruppen gerne auf Anfrage.<\/p>\n","protected":false},"excerpt":{"rendered":"<p>Abenteuer Vollmondnacht Termine 2026 Samstag, 3. Januar: 18:00Uhr Sonntag, 1. Februar: 18:00 Uhr Dienstag, 3. M\u00e4rz: 18:30 Uhr Donnerstag, 2. April: 20:00 Uhr Sonntag, 31. Mai: 21:00 Uhr Dienstag, 30. Juni: 21:00 Uhr Mittwoch, 29. Juli: 21:30 Uhr Freitag, 28. August: 21:00 Uhr Samstag, 26. September: 20:00 Uhr Montag, 26. Oktober: 19:00 Uhr Dienstag, 24. &hellip; <\/p>\n<p class=\"link-more\"><a href=\"https:\/\/www.gemsli.at\/index.php\/sommerprogramm\/alpen_blick-vollmondwanderung\/\" class=\"more-link\">Continue reading<span class=\"screen-reader-text\"> &#8222;Alpen_Blick Vollmondwanderung&#8220;<\/span><\/a><\/p>\n","protected":false},"author":1,"featured_media":1180,"parent":736,"menu_order":0,"comment_status":"closed","ping_status":"closed","template":"","meta":{"footnotes":""},"class_list":["post-548","page","type-page","status-publish","has-post-thumbnail","hentry"],"_links":{"self":[{"href":"https:\/\/www.gemsli.at\/index.php\/wp-json\/wp\/v2\/pages\/548","targetHints":{"allow":["GET"]}}],"collection":[{"href":"https:\/\/www.gemsli.at\/index.php\/wp-json\/wp\/v2\/pages"}],"about":[{"href":"https:\/\/www.gemsli.at\/index.php\/wp-json\/wp\/v2\/types\/page"}],"author":[{"embeddable":true,"href":"https:\/\/www.gemsli.at\/index.php\/wp-json\/wp\/v2\/users\/1"}],"replies":[{"embeddable":true,"href":"https:\/\/www.gemsli.at\/index.php\/wp-json\/wp\/v2\/comments?post=548"}],"version-history":[{"count":48,"href":"https:\/\/www.gemsli.at\/index.php\/wp-json\/wp\/v2\/pages\/548\/revisions"}],"predecessor-version":[{"id":2925,"href":"https:\/\/www.gemsli.at\/index.php\/wp-json\/wp\/v2\/pages\/548\/revisions\/2925"}],"up":[{"embeddable":true,"href":"https:\/\/www.gemsli.at\/index.php\/wp-json\/wp\/v2\/pages\/736"}],"wp:featuredmedia":[{"embeddable":true,"href":"https:\/\/www.gemsli.at\/index.php\/wp-json\/wp\/v2\/media\/1180"}],"wp:attachment":[{"href":"https:\/\/www.gemsli.at\/index.php\/wp-json\/wp\/v2\/media?parent=548"}],"curies":[{"name":"wp","href":"https:\/\/api.w.org\/{rel}","templated":true}]}}