{"id":536,"date":"2021-05-25T14:06:30","date_gmt":"2021-05-25T12:06:30","guid":{"rendered":"https:\/\/www.gemsli.at\/?page_id=536"},"modified":"2025-12-13T20:56:42","modified_gmt":"2025-12-13T19:56:42","slug":"alpen_blick-abendwanderung-bartholomaeberg","status":"publish","type":"page","link":"https:\/\/www.gemsli.at\/index.php\/sommerprogramm\/alpen_blick-abendwanderung-bartholomaeberg\/","title":{"rendered":"Alpen_Blick Abendwanderung"},"content":{"rendered":"\n<h2 class=\"wp-block-heading\">Naturgenuss mit traumhaftem Sonnenuntergang<\/h2>\n\n\n\n<p><strong>Individuelle Termine auf Anfrage<\/strong><br>Wandersaison April bis Oktober<br>Abends &#8211; Uhrzeit variiert je nach Sonnenuntergang<br><em>f\u00fcr Jedermann &#8211; Gruppen, Erwachsene, Familien<\/em><\/p>\n\n\n\n<p>Wir wandern am Sonnenbalkon Bartholom\u00e4berg, u\u0308ber blu\u0308hende Alpwiesen und geschichtstr\u00e4chtige Mais\u00e4\u00dflandschaften. An meinem Lieblingsplatz angekommen, haben wir eine tolle Aussicht von der Silvretta u\u0308ber den R\u00e4tikon bis hin zum Alpstein und u\u0308ber den Walgau ins Rheintal. Daher ist das Rellseck auch einer meiner absoluten Sehnsuchtsorte.<br>Gemu\u0308tlich beobachten wir, wie die Sonne hinter der Bergkulisse verschwindet und genie\u00dfen den Ausblick und die Ruhe.<\/p>\n\n\n\n<p>Zum Abschluss verw\u00f6hne ich Dich mit einer traditionellen Bauernjause mit regionalen Produkten aus dem Montafon.<br>Jeder Sonnenuntergang ist einzigartig und wundersch\u00f6n!<\/p>\n\n\n\n<figure class=\"wp-block-gallery has-nested-images columns-default is-cropped wp-block-gallery-1 is-layout-flex wp-block-gallery-is-layout-flex\">\n<figure class=\"wp-block-image size-large\"><img loading=\"lazy\" decoding=\"async\" width=\"1024\" height=\"768\" data-id=\"2758\" src=\"https:\/\/www.gemsli.at\/wp-content\/uploads\/2024\/12\/IMG_20190730_203637-1024x768.jpg\" alt=\"\" class=\"wp-image-2758\" srcset=\"https:\/\/www.gemsli.at\/wp-content\/uploads\/2024\/12\/IMG_20190730_203637-1024x768.jpg 1024w, https:\/\/www.gemsli.at\/wp-content\/uploads\/2024\/12\/IMG_20190730_203637-300x225.jpg 300w, https:\/\/www.gemsli.at\/wp-content\/uploads\/2024\/12\/IMG_20190730_203637-768x576.jpg 768w, https:\/\/www.gemsli.at\/wp-content\/uploads\/2024\/12\/IMG_20190730_203637-1536x1152.jpg 1536w, https:\/\/www.gemsli.at\/wp-content\/uploads\/2024\/12\/IMG_20190730_203637-2048x1536.jpg 2048w\" sizes=\"auto, (max-width: 767px) 89vw, (max-width: 1000px) 54vw, (max-width: 1071px) 543px, 580px\" \/><\/figure>\n<\/figure>\n\n\n\n<figure class=\"wp-block-gallery has-nested-images columns-default is-cropped wp-block-gallery-2 is-layout-flex wp-block-gallery-is-layout-flex\">\n<figure class=\"wp-block-image size-large\"><img loading=\"lazy\" decoding=\"async\" width=\"2243\" height=\"1260\" data-id=\"1872\" src=\"https:\/\/www.gemsli.at\/wp-content\/uploads\/2022\/08\/gemsli-Blog-Alpen_Blick-Genusswanderung-03.jpg\" alt=\"\" class=\"wp-image-1872\" srcset=\"https:\/\/www.gemsli.at\/wp-content\/uploads\/2022\/08\/gemsli-Blog-Alpen_Blick-Genusswanderung-03.jpg 2243w, https:\/\/www.gemsli.at\/wp-content\/uploads\/2022\/08\/gemsli-Blog-Alpen_Blick-Genusswanderung-03-300x169.jpg 300w, https:\/\/www.gemsli.at\/wp-content\/uploads\/2022\/08\/gemsli-Blog-Alpen_Blick-Genusswanderung-03-1024x575.jpg 1024w, https:\/\/www.gemsli.at\/wp-content\/uploads\/2022\/08\/gemsli-Blog-Alpen_Blick-Genusswanderung-03-768x431.jpg 768w, https:\/\/www.gemsli.at\/wp-content\/uploads\/2022\/08\/gemsli-Blog-Alpen_Blick-Genusswanderung-03-1536x863.jpg 1536w, https:\/\/www.gemsli.at\/wp-content\/uploads\/2022\/08\/gemsli-Blog-Alpen_Blick-Genusswanderung-03-2048x1150.jpg 2048w\" sizes=\"auto, (max-width: 767px) 89vw, (max-width: 1000px) 54vw, (max-width: 1071px) 543px, 580px\" \/><\/figure>\n\n\n\n<figure class=\"wp-block-image size-large\"><img loading=\"lazy\" decoding=\"async\" width=\"2432\" height=\"1824\" data-id=\"759\" src=\"https:\/\/www.gemsli.at\/wp-content\/uploads\/2021\/06\/gemsli-Blog-Gipfel_Buch-Sonnenuntergang2.jpg\" alt=\"\" class=\"wp-image-759\" srcset=\"https:\/\/www.gemsli.at\/wp-content\/uploads\/2021\/06\/gemsli-Blog-Gipfel_Buch-Sonnenuntergang2.jpg 2432w, https:\/\/www.gemsli.at\/wp-content\/uploads\/2021\/06\/gemsli-Blog-Gipfel_Buch-Sonnenuntergang2-300x225.jpg 300w, https:\/\/www.gemsli.at\/wp-content\/uploads\/2021\/06\/gemsli-Blog-Gipfel_Buch-Sonnenuntergang2-1024x768.jpg 1024w, https:\/\/www.gemsli.at\/wp-content\/uploads\/2021\/06\/gemsli-Blog-Gipfel_Buch-Sonnenuntergang2-768x576.jpg 768w, https:\/\/www.gemsli.at\/wp-content\/uploads\/2021\/06\/gemsli-Blog-Gipfel_Buch-Sonnenuntergang2-1536x1152.jpg 1536w, https:\/\/www.gemsli.at\/wp-content\/uploads\/2021\/06\/gemsli-Blog-Gipfel_Buch-Sonnenuntergang2-2048x1536.jpg 2048w\" sizes=\"auto, (max-width: 767px) 89vw, (max-width: 1000px) 54vw, (max-width: 1071px) 543px, 580px\" \/><\/figure>\n<\/figure>\n\n\n\n<p><strong>Dauer:<\/strong> 3,5 Stunden, 410 hm, 6 km<br><strong>Preis:<\/strong> \u20ac 69 pro Person*<\/p>\n\n\n\n<p>Anmeldung auf Anfrage, bis sp\u00e4testens 9:00 Uhr des Vortages<\/p>\n\n\n\n<div class=\"wp-block-buttons is-layout-flex wp-block-buttons-is-layout-flex\">\n<div class=\"wp-block-button is-style-fill\"><a class=\"wp-block-button__link has-white-color has-text-color has-background\" href=\"mailto:alpenerleben@gemsli.at\" style=\"background-color:#969650\">Anfrage\/Anmeldung per E-Mail an &#8218;gemsli<\/a><\/div>\n<\/div>\n\n\n\n<p><\/p>\n\n\n\n<p>*) Die angegebenen Preise gelten ab einer Teilnahme von 4 Personen.<br>Ich fu\u0308hre Kleingruppen gerne auf Anfrage.<\/p>\n","protected":false},"excerpt":{"rendered":"<p>Naturgenuss mit traumhaftem Sonnenuntergang Individuelle Termine auf AnfrageWandersaison April bis OktoberAbends &#8211; Uhrzeit variiert je nach Sonnenuntergangf\u00fcr Jedermann &#8211; Gruppen, Erwachsene, Familien Wir wandern am Sonnenbalkon Bartholom\u00e4berg, u\u0308ber blu\u0308hende Alpwiesen und geschichtstr\u00e4chtige Mais\u00e4\u00dflandschaften. An meinem Lieblingsplatz angekommen, haben wir eine tolle Aussicht von der Silvretta u\u0308ber den R\u00e4tikon bis hin zum Alpstein und u\u0308ber den &hellip; <\/p>\n<p class=\"link-more\"><a href=\"https:\/\/www.gemsli.at\/index.php\/sommerprogramm\/alpen_blick-abendwanderung-bartholomaeberg\/\" class=\"more-link\">Continue reading<span class=\"screen-reader-text\"> &#8222;Alpen_Blick Abendwanderung&#8220;<\/span><\/a><\/p>\n","protected":false},"author":1,"featured_media":540,"parent":736,"menu_order":0,"comment_status":"closed","ping_status":"closed","template":"","meta":{"footnotes":""},"class_list":["post-536","page","type-page","status-publish","has-post-thumbnail","hentry"],"_links":{"self":[{"href":"https:\/\/www.gemsli.at\/index.php\/wp-json\/wp\/v2\/pages\/536","targetHints":{"allow":["GET"]}}],"collection":[{"href":"https:\/\/www.gemsli.at\/index.php\/wp-json\/wp\/v2\/pages"}],"about":[{"href":"https:\/\/www.gemsli.at\/index.php\/wp-json\/wp\/v2\/types\/page"}],"author":[{"embeddable":true,"href":"https:\/\/www.gemsli.at\/index.php\/wp-json\/wp\/v2\/users\/1"}],"replies":[{"embeddable":true,"href":"https:\/\/www.gemsli.at\/index.php\/wp-json\/wp\/v2\/comments?post=536"}],"version-history":[{"count":26,"href":"https:\/\/www.gemsli.at\/index.php\/wp-json\/wp\/v2\/pages\/536\/revisions"}],"predecessor-version":[{"id":2979,"href":"https:\/\/www.gemsli.at\/index.php\/wp-json\/wp\/v2\/pages\/536\/revisions\/2979"}],"up":[{"embeddable":true,"href":"https:\/\/www.gemsli.at\/index.php\/wp-json\/wp\/v2\/pages\/736"}],"wp:featuredmedia":[{"embeddable":true,"href":"https:\/\/www.gemsli.at\/index.php\/wp-json\/wp\/v2\/media\/540"}],"wp:attachment":[{"href":"https:\/\/www.gemsli.at\/index.php\/wp-json\/wp\/v2\/media?parent=536"}],"curies":[{"name":"wp","href":"https:\/\/api.w.org\/{rel}","templated":true}]}}