{"id":510,"date":"2021-05-22T11:08:01","date_gmt":"2021-05-22T09:08:01","guid":{"rendered":"https:\/\/www.gemsli.at\/?page_id=510"},"modified":"2023-11-29T09:55:35","modified_gmt":"2023-11-29T08:55:35","slug":"impressum","status":"publish","type":"page","link":"https:\/\/www.gemsli.at\/index.php\/kontakt\/impressum\/","title":{"rendered":"Impressum"},"content":{"rendered":"\n<p>Stefanie Peiker<br>Internationale Wanderf\u00fchrerin, Naturf\u00fchrerin <\/p>\n\n\n\n<p>Silvrettastra\u00dfe 54\/2<br>6780 Schruns<br>\u00d6sterreich<br><br>Tel:               +43 676 763 3925<br>E-Mail:        alpenerleben@gemsli.at  <br>Website:    www.gemsli.at<\/p>\n\n\n\n<p><\/p>\n\n\n\n<p><\/p>\n\n\n\n<p>Mitglied im Vorarlberger Bergf\u00fchrerverband<\/p>\n\n\n\n<p>Als Wanderf\u00fchrerin mit der Ausweis Nr. AT34016052 bin ich gem\u00e4\u00df \u00a723 des Vorarlberger Berf\u00fchrergesetzes LGBI 54\/2002 in der Fassung LGBI 19\/2020 zur Aus\u00fcbung der T\u00e4tigkeit als Wanderf\u00fchrerin berechtigt, Personen bei Bergwanderungen laut \u00a722 Abs (2) und (3) zu f\u00fchren, zu begleiten und zu unterrichten.<\/p>\n\n\n\n<h2 class=\"wp-block-heading\">Datenschutzerkl\u00e4rung<\/h2>\n\n\n\n<p><strong>Datenschutz<\/strong><br>Der Schutz Ihrer pers\u00f6nlichen Daten ist uns ein besonderes Anliegen. Wir verarbeiten Ihre Daten daher ausschlie\u00dflich auf Grundlage der gesetzlichen Bestimmungen (DSGVO, TKG 2003). Wenn Sie Kontakt mit uns aufnehmen, werden Ihre angegebenen Daten zwecks Bearbeitung der Anfrage und f\u00fcr den Fall von Anschlussfragen bei uns gespeichert. Diese Daten geben wir nicht ohne Ihre Einwilligung weiter. Auf Anforderung teilen wir Ihnen mit, ob und welche pers\u00f6nlichen Daten \u00fcber Sie bei uns gespeichert sind. Sollten trotz unserer Bem\u00fchungen um Datenrichtigkeit und Aktualit\u00e4t falsche Informationen gespeichert sein, werden wir diese auf Ihre Anforderung hin berichtigen. Sie haben jederzeit ein Recht auf Auskunft, Richtigstellung und L\u00f6schung Ihrer gespeicherten Daten unter den Voraussetzungen des \u00f6sterreichischen Datenschutzgesetzes (insbesondere \u00a7\u00a7 26 \u2013 28 DSG 2000).<\/p>\n\n\n\n<p><strong>Datenschutzerkl\u00e4rung f\u00fcr die Nutzung von Google Web Fonts<\/strong><br>Diese Webseite nutzt zur einheitlichen Darstellung von Schriftarten so genannte Web Fonts, die von Google bereitgestellt werden. Beim Aufruf einer Seite l\u00e4dt Ihr Browser die ben\u00f6tigten Web Fonts in ihren Browsercache, um Texte und Schriftarten korrekt anzuzeigen. Wenn Ihr Browser Web Fonts nicht unterst\u00fctzt, wird eine Standardschrift von Ihrem Computer genutzt.<\/p>\n\n\n\n<p>Weitere Informationen zu Google Web Fonts finden Sie unter&nbsp;<a href=\"https:\/\/developers.google.com\/fonts\/faq\">https:\/\/developers.google.com\/fonts\/faq<\/a>&nbsp;und in der Datenschutzerkl\u00e4rung von Google:&nbsp;<a href=\"https:\/\/www.google.com\/policies\/privacy\/\">https:\/\/www.google.com\/policies\/privacy\/<\/a><\/p>\n\n\n\n<p><strong>Zugriffsdaten<\/strong><br>Der Provider erhebt Daten \u00fcber jeden Zugriff auf diese Website in Form von \u201eServer-Logfiles\u201c. Diese beinhalten die Adresse (URL) der aufgerufenen Seite, Datum und Uhrzeit des Aufrufes, \u00fcbertragene Datenmenge, verwendetes Betriebssystem und Browserprogramm sowie die IP-Adresse, \u00fcber die der Zugriff erfolgt. Die Protokolldaten werden nur f\u00fcr statistische Auswertungen, zum Zweck der Optimierung des Angebotes sowie zur Fehlersuche herangezogen. Der Provider beh\u00e4lt sich allerdings vor, die Server-Logfiles nachtr\u00e4glich zu \u00fcberpr\u00fcfen, sollten konkrete Anhaltspunkte auf eine rechtswidrige Nutzung hinweisen.<\/p>\n\n\n\n<h2 class=\"wp-block-heading\">Discalaimer &#8211; rechtliche Hinweise<\/h2>\n\n\n\n<p><strong>Haftungsbeschr\u00e4nkung<\/strong><br>Die Inhalte dieser Website werden mit gr\u00f6\u00dftm\u00f6glicher Sorgfalt erstellt. Der Anbieter \u00fcbernimmt jedoch keine Gew\u00e4hr f\u00fcr die Richtigkeit, Vollst\u00e4ndigkeit und Aktualit\u00e4t der bereitgestellten Inhalte. Die Nutzung der Inhalte der Website erfolgt auf eigene Gefahr des Nutzers. Namentlich gekennzeichnete Beitr\u00e4ge geben die Meinung des jeweiligen Autors und nicht immer die Meinung des Anbieters wieder. Mit der reinen Nutzung der Website des Anbieters kommt keinerlei Vertragsverh\u00e4ltnis zwischen dem Nutzer und dem Anbieter zustande.<\/p>\n\n\n\n<p><strong>Externe Links<\/strong><br>Diese Website enth\u00e4lt Verkn\u00fcpfungen zu Websites Dritter (\u201eexterne Links\u201c). Diese Websites unterliegen der Haftung der jeweiligen Betreiber. Der Anbieter hat &#8218;gemsli bei der erstmaligen Verkn\u00fcpfung der externen Links die fremden Inhalte daraufhin \u00fcberpr\u00fcft, ob etwaige Rechtsverst\u00f6\u00dfe bestehen. Zu dem Zeitpunkt waren keine Rechtsverst\u00f6\u00dfe ersichtlich. Der Anbieter hat keinerlei Einfluss auf die aktuelle und zuk\u00fcnftige Gestaltung und auf die Inhalte der verkn\u00fcpften Seiten. Das Setzen von externen Links bedeutet nicht, dass sich der Anbieter die hinter dem Verweis oder Link liegenden Inhalte zu eigen macht. Eine st\u00e4ndige Kontrolle der externen Links ist f\u00fcr den Anbieter ohne konkrete Hinweise auf Rechtsverst\u00f6\u00dfe nicht zumutbar. Bei Kenntnis von Rechtsverst\u00f6\u00dfen werden jedoch derartige externe Links unverz\u00fcglich gel\u00f6scht.<\/p>\n\n\n\n<p><strong>Urheber- und Leistungsschutzrechte<\/strong><br>Die auf dieser Website ver\u00f6ffentlichten Inhalte unterliegen dem deutschen Urheber- und Leistungsschutzrecht. Jede vom deutschen Urheber- und Leistungsschutzrecht nicht zugelassene Verwertung bedarf der vorherigen schriftlichen Zustimmung des Anbieters oder jeweiligen Rechteinhabers. Dies gilt insbesondere f\u00fcr Vervielf\u00e4ltigung, Bearbeitung, \u00dcbersetzung, Einspeicherung, Verarbeitung bzw. Wiedergabe von Inhalten in Datenbanken oder anderen elektronischen Medien und Systemen. Inhalte und Rechte Dritter sind dabei als solche gekennzeichnet. Die unerlaubte Vervielf\u00e4ltigung oder Weitergabe einzelner Inhalte oder kompletter Seiten ist nicht gestattet und strafbar. Lediglich die Herstellung von Kopien und Downloads f\u00fcr den pers\u00f6nlichen, privaten und nicht kommerziellen Gebrauch ist erlaubt. Die Darstellung dieser Website in fremden Frames ist nur mit schriftlicher Erlaubnis zul\u00e4ssig.<\/p>\n\n\n\n<p><strong>Besondere Nutzungsbedingungen<\/strong><br>Soweit besondere Bedingungen f\u00fcr einzelne Nutzungen dieser Website von den vorgenannten Paragraphen abweichen, wird an entsprechender Stelle ausdr\u00fccklich darauf hingewiesen. In diesem Falle gelten im jeweiligen Einzelfall die besonderen Nutzungsbedingungen.<\/p>\n\n\n\n<p><strong>\u00a9 Bildmaterial<\/strong><br>Die Bilder der Website www.gemsli.at sind alleiniges Eigentum von Stefanie Peiker und d\u00fcrfen ohne vorherige schriftliche Genehmigung nicht verwendet werden!<\/p>\n","protected":false},"excerpt":{"rendered":"<p>Stefanie PeikerInternationale Wanderf\u00fchrerin, Naturf\u00fchrerin Silvrettastra\u00dfe 54\/26780 Schruns\u00d6sterreich Tel: +43 676 763 3925E-Mail: alpenerleben@gemsli.at Website: www.gemsli.at Mitglied im Vorarlberger Bergf\u00fchrerverband Als Wanderf\u00fchrerin mit der Ausweis Nr. AT34016052 bin ich gem\u00e4\u00df \u00a723 des Vorarlberger Berf\u00fchrergesetzes LGBI 54\/2002 in der Fassung LGBI 19\/2020 zur Aus\u00fcbung der T\u00e4tigkeit als Wanderf\u00fchrerin berechtigt, Personen bei Bergwanderungen laut \u00a722 Abs (2) und &hellip; <\/p>\n<p class=\"link-more\"><a href=\"https:\/\/www.gemsli.at\/index.php\/kontakt\/impressum\/\" class=\"more-link\">Continue reading<span class=\"screen-reader-text\"> &#8222;Impressum&#8220;<\/span><\/a><\/p>\n","protected":false},"author":1,"featured_media":0,"parent":60,"menu_order":0,"comment_status":"closed","ping_status":"closed","template":"","meta":{"footnotes":""},"class_list":["post-510","page","type-page","status-publish","hentry"],"_links":{"self":[{"href":"https:\/\/www.gemsli.at\/index.php\/wp-json\/wp\/v2\/pages\/510","targetHints":{"allow":["GET"]}}],"collection":[{"href":"https:\/\/www.gemsli.at\/index.php\/wp-json\/wp\/v2\/pages"}],"about":[{"href":"https:\/\/www.gemsli.at\/index.php\/wp-json\/wp\/v2\/types\/page"}],"author":[{"embeddable":true,"href":"https:\/\/www.gemsli.at\/index.php\/wp-json\/wp\/v2\/users\/1"}],"replies":[{"embeddable":true,"href":"https:\/\/www.gemsli.at\/index.php\/wp-json\/wp\/v2\/comments?post=510"}],"version-history":[{"count":13,"href":"https:\/\/www.gemsli.at\/index.php\/wp-json\/wp\/v2\/pages\/510\/revisions"}],"predecessor-version":[{"id":2088,"href":"https:\/\/www.gemsli.at\/index.php\/wp-json\/wp\/v2\/pages\/510\/revisions\/2088"}],"up":[{"embeddable":true,"href":"https:\/\/www.gemsli.at\/index.php\/wp-json\/wp\/v2\/pages\/60"}],"wp:attachment":[{"href":"https:\/\/www.gemsli.at\/index.php\/wp-json\/wp\/v2\/media?parent=510"}],"curies":[{"name":"wp","href":"https:\/\/api.w.org\/{rel}","templated":true}]}}