{"id":409,"date":"2021-05-21T19:09:02","date_gmt":"2021-05-21T17:09:02","guid":{"rendered":"https:\/\/www.gemsli.at\/?page_id=409"},"modified":"2024-12-06T12:25:02","modified_gmt":"2024-12-06T11:25:02","slug":"alpen_blick-wanderungen","status":"publish","type":"page","link":"https:\/\/www.gemsli.at\/index.php\/wanderangebot\/alpen_blick-wanderungen\/","title":{"rendered":"Alpen_Blick Wanderungen"},"content":{"rendered":"\n<p id=\"AlpenBlick\">Einfach genie\u00dfen: Leichte Touren f\u00fcr jeden<\/p>\n\n\n\n<figure class=\"wp-block-gallery has-nested-images columns-default is-cropped wp-block-gallery-1 is-layout-flex wp-block-gallery-is-layout-flex\">\n<figure class=\"wp-block-image size-large\"><img loading=\"lazy\" decoding=\"async\" width=\"1024\" height=\"575\" data-id=\"1869\" src=\"https:\/\/www.gemsli.at\/wp-content\/uploads\/2022\/08\/gemsli-Blog-Alpen_Blick-Genusswanderung-01-1024x575.jpg\" alt=\"\" class=\"wp-image-1869\" srcset=\"https:\/\/www.gemsli.at\/wp-content\/uploads\/2022\/08\/gemsli-Blog-Alpen_Blick-Genusswanderung-01-1024x575.jpg 1024w, https:\/\/www.gemsli.at\/wp-content\/uploads\/2022\/08\/gemsli-Blog-Alpen_Blick-Genusswanderung-01-300x169.jpg 300w, https:\/\/www.gemsli.at\/wp-content\/uploads\/2022\/08\/gemsli-Blog-Alpen_Blick-Genusswanderung-01-768x431.jpg 768w, https:\/\/www.gemsli.at\/wp-content\/uploads\/2022\/08\/gemsli-Blog-Alpen_Blick-Genusswanderung-01-1536x863.jpg 1536w, https:\/\/www.gemsli.at\/wp-content\/uploads\/2022\/08\/gemsli-Blog-Alpen_Blick-Genusswanderung-01-2048x1150.jpg 2048w\" sizes=\"auto, (max-width: 767px) 89vw, (max-width: 1000px) 54vw, (max-width: 1071px) 543px, 580px\" \/><\/figure>\n\n\n\n<figure class=\"wp-block-image size-large\"><img loading=\"lazy\" decoding=\"async\" width=\"1024\" height=\"768\" data-id=\"2758\" src=\"https:\/\/www.gemsli.at\/wp-content\/uploads\/2024\/12\/IMG_20190730_203637-1024x768.jpg\" alt=\"\" class=\"wp-image-2758\" srcset=\"https:\/\/www.gemsli.at\/wp-content\/uploads\/2024\/12\/IMG_20190730_203637-1024x768.jpg 1024w, https:\/\/www.gemsli.at\/wp-content\/uploads\/2024\/12\/IMG_20190730_203637-300x225.jpg 300w, https:\/\/www.gemsli.at\/wp-content\/uploads\/2024\/12\/IMG_20190730_203637-768x576.jpg 768w, https:\/\/www.gemsli.at\/wp-content\/uploads\/2024\/12\/IMG_20190730_203637-1536x1152.jpg 1536w, https:\/\/www.gemsli.at\/wp-content\/uploads\/2024\/12\/IMG_20190730_203637-2048x1536.jpg 2048w\" sizes=\"auto, (max-width: 767px) 89vw, (max-width: 1000px) 54vw, (max-width: 1071px) 543px, 580px\" \/><\/figure>\n\n\n\n<figure class=\"wp-block-image size-large\"><img loading=\"lazy\" decoding=\"async\" width=\"1024\" height=\"768\" data-id=\"442\" src=\"https:\/\/www.gemsli.at\/wp-content\/uploads\/2021\/05\/gemsli-Alpen_Blick_5-1024x768.jpg\" alt=\"\" class=\"wp-image-442\" srcset=\"https:\/\/www.gemsli.at\/wp-content\/uploads\/2021\/05\/gemsli-Alpen_Blick_5-1024x768.jpg 1024w, https:\/\/www.gemsli.at\/wp-content\/uploads\/2021\/05\/gemsli-Alpen_Blick_5-300x225.jpg 300w, https:\/\/www.gemsli.at\/wp-content\/uploads\/2021\/05\/gemsli-Alpen_Blick_5-768x576.jpg 768w, https:\/\/www.gemsli.at\/wp-content\/uploads\/2021\/05\/gemsli-Alpen_Blick_5-1536x1152.jpg 1536w, https:\/\/www.gemsli.at\/wp-content\/uploads\/2021\/05\/gemsli-Alpen_Blick_5-2048x1536.jpg 2048w\" sizes=\"auto, (max-width: 767px) 89vw, (max-width: 1000px) 54vw, (max-width: 1071px) 543px, 580px\" \/><\/figure>\n<\/figure>\n\n\n\n<h1 class=\"wp-block-heading\"><mark style=\"background-color:rgba(0, 0, 0, 0);color:#969650\" class=\"has-inline-color\">Lasst uns gemeinsam die Vielfalt und Sch\u00f6nheit der Alpen erwandern! Entdeckt Orte zum Genie\u00dfen, Staunen und Kr\u00e4fte tanken.<\/mark><\/h1>\n\n\n\n<h2 class=\"wp-block-heading\">Du bist gemu\u0308tlich, bist gern in der Natur unterwegs und der Genuss steht bei Dir im Vordergrund? Dann sind meine Alpen_Blick Wanderungen genau das Richtige fu\u0308r Dich.<\/h2>\n\n\n\n<p>In natu\u0308rlicher Ruhe erz\u00e4hle ich Dir interessantes u\u0308ber die Alpenflora, die Alpwirtschaft und<br>die umliegenden Berge. <br>Eine ideale Wanderung fu\u0308r Gro\u00df und Klein, um vom Alltag abzutauchen und in der Natur zu entspannen. Wir sind ca. 3-4 Stunden unterwegs und haben ausreichend Zeit die sch\u00f6ne Aussicht und die Bergwelt zu genie\u00dfen. <\/p>\n\n\n\n<p>Auch zum Tagesausklang ist die Alpen_Blick Wanderung ein ganz besonderes Erlebnis. Gerne offeriere ich Dir auch eine traditionelle Bauernjause oder u\u0308berrasche dich mit feinem<br>selbstgebackenem Kuchen.<\/p>\n\n\n\n<p>Alpen_Blick Wanderungen sind fu\u0308r jedermann geeignet, der gut zu Fu\u00df ist. <br>Ob Gro\u00dfeltern, Familien, Paare oder Gruppen &#8211; alle sind herzlich willkommen.<\/p>\n\n\n\n<figure class=\"wp-block-gallery has-nested-images columns-default is-cropped wp-block-gallery-2 is-layout-flex wp-block-gallery-is-layout-flex\">\n<figure class=\"wp-block-image size-large\"><img loading=\"lazy\" decoding=\"async\" width=\"1024\" height=\"682\" data-id=\"2749\" src=\"https:\/\/www.gemsli.at\/wp-content\/uploads\/2024\/12\/Podcast-BTS-c-Marie-Rudigier-5-1024x682.jpg\" alt=\"\" class=\"wp-image-2749\" srcset=\"https:\/\/www.gemsli.at\/wp-content\/uploads\/2024\/12\/Podcast-BTS-c-Marie-Rudigier-5-1024x682.jpg 1024w, https:\/\/www.gemsli.at\/wp-content\/uploads\/2024\/12\/Podcast-BTS-c-Marie-Rudigier-5-300x200.jpg 300w, https:\/\/www.gemsli.at\/wp-content\/uploads\/2024\/12\/Podcast-BTS-c-Marie-Rudigier-5-768x512.jpg 768w, https:\/\/www.gemsli.at\/wp-content\/uploads\/2024\/12\/Podcast-BTS-c-Marie-Rudigier-5-1536x1024.jpg 1536w, https:\/\/www.gemsli.at\/wp-content\/uploads\/2024\/12\/Podcast-BTS-c-Marie-Rudigier-5.jpg 2000w\" sizes=\"auto, (max-width: 767px) 89vw, (max-width: 1000px) 54vw, (max-width: 1071px) 543px, 580px\" \/><\/figure>\n\n\n\n<figure class=\"wp-block-image size-large\"><img loading=\"lazy\" decoding=\"async\" width=\"1024\" height=\"575\" data-id=\"1872\" src=\"https:\/\/www.gemsli.at\/wp-content\/uploads\/2022\/08\/gemsli-Blog-Alpen_Blick-Genusswanderung-03-1024x575.jpg\" alt=\"\" class=\"wp-image-1872\" srcset=\"https:\/\/www.gemsli.at\/wp-content\/uploads\/2022\/08\/gemsli-Blog-Alpen_Blick-Genusswanderung-03-1024x575.jpg 1024w, https:\/\/www.gemsli.at\/wp-content\/uploads\/2022\/08\/gemsli-Blog-Alpen_Blick-Genusswanderung-03-300x169.jpg 300w, https:\/\/www.gemsli.at\/wp-content\/uploads\/2022\/08\/gemsli-Blog-Alpen_Blick-Genusswanderung-03-768x431.jpg 768w, https:\/\/www.gemsli.at\/wp-content\/uploads\/2022\/08\/gemsli-Blog-Alpen_Blick-Genusswanderung-03-1536x863.jpg 1536w, https:\/\/www.gemsli.at\/wp-content\/uploads\/2022\/08\/gemsli-Blog-Alpen_Blick-Genusswanderung-03-2048x1150.jpg 2048w\" sizes=\"auto, (max-width: 767px) 89vw, (max-width: 1000px) 54vw, (max-width: 1071px) 543px, 580px\" \/><\/figure>\n\n\n\n<figure class=\"wp-block-image size-large\"><img loading=\"lazy\" decoding=\"async\" width=\"1024\" height=\"575\" data-id=\"1678\" src=\"https:\/\/www.gemsli.at\/wp-content\/uploads\/2022\/05\/gemsli-Blog_Alpen_Erleben-Tierwelterwachen_Gauertal07-1024x575.jpg\" alt=\"\" class=\"wp-image-1678\" srcset=\"https:\/\/www.gemsli.at\/wp-content\/uploads\/2022\/05\/gemsli-Blog_Alpen_Erleben-Tierwelterwachen_Gauertal07-1024x575.jpg 1024w, https:\/\/www.gemsli.at\/wp-content\/uploads\/2022\/05\/gemsli-Blog_Alpen_Erleben-Tierwelterwachen_Gauertal07-300x169.jpg 300w, https:\/\/www.gemsli.at\/wp-content\/uploads\/2022\/05\/gemsli-Blog_Alpen_Erleben-Tierwelterwachen_Gauertal07-768x432.jpg 768w, https:\/\/www.gemsli.at\/wp-content\/uploads\/2022\/05\/gemsli-Blog_Alpen_Erleben-Tierwelterwachen_Gauertal07-1536x863.jpg 1536w, https:\/\/www.gemsli.at\/wp-content\/uploads\/2022\/05\/gemsli-Blog_Alpen_Erleben-Tierwelterwachen_Gauertal07.jpg 1600w\" sizes=\"auto, (max-width: 767px) 89vw, (max-width: 1000px) 54vw, (max-width: 1071px) 543px, 580px\" \/><\/figure>\n<\/figure>\n\n\n\n<p><\/p>\n\n\n\n<h1 class=\"wp-block-heading\"><mark style=\"background-color:rgba(0, 0, 0, 0);color:#969650\" class=\"has-inline-color\">Wanderkategorien f\u00fcr jeden Geschmack<\/mark><\/h1>\n\n\n\n<p><mark style=\"background-color:rgba(0, 0, 0, 0);color:#464646\" class=\"has-inline-color\"><strong>Alpen_Blick Wanderungen<\/strong><\/mark><br>Lasst uns gemeinsam die Vielfalt und Sch\u00f6nheit der Alpen erwandern! Entdeckt Orte zum Genie\u00dfen, Staunen und Kr\u00e4fte tanken.<\/p>\n\n\n\n<p><strong><a href=\"https:\/\/www.gemsli.at\/index.php\/wanderangebot\/gipfel_buch-erlebnisse\/\" target=\"_blank\" rel=\"noreferrer noopener\">Gipfel_Buch Erlebnisse<\/a><\/strong><br>Gipfel erwandern und unbeschreibliches Gipfelgl\u00fcck genie\u00dfen!<\/p>\n\n\n\n<p><strong><a rel=\"noreferrer noopener\" href=\"https:\/\/www.gemsli.at\/index.php\/wanderangebot\/gemsli_marsch-touren\/\" target=\"_blank\">Gemsli_Marsch Touren<\/a><\/strong><br>Von H\u00fctte zu H\u00fctte wandern, Kilometer und H\u00f6henmeter sammeln \u2013 das ist unvergessliches Alpenerleben pur!<\/p>\n\n\n\n<p><strong><a href=\"https:\/\/www.gemsli.at\/index.php\/wanderangebot\/schnee_genuss-momente\/\">Schnee_Genuss Momente<\/a><\/strong><br>Die glitzernden Schneekristalle auf der sanften wei\u00dfen Schneepracht wecken Freude in jedermanns Herzen.<\/p>\n\n\n\n<p><strong><a href=\"https:\/\/www.gemsli.at\/index.php\/wanderangebot\/natur_vielfalt-tage\/\">Natur_Vielfalt Tage<\/a><\/strong><br>Gro\u00df und Klein, Jung und Alt, erwecken Neugier und erforschen das Naturerlebnis mit allen Sinnen.<\/p>\n\n\n\n<div class=\"wp-block-buttons is-layout-flex wp-block-buttons-is-layout-flex\">\n<div class=\"wp-block-button is-style-fill\"><a class=\"wp-block-button__link has-white-color has-text-color has-background\" href=\"https:\/\/www.gemsli.at\/index.php\/kontakt\/\" style=\"background-color:#969650\">Individuelle Wanderangebote auf Anfrage<\/a><\/div>\n<\/div>\n\n\n\n<p><\/p>\n","protected":false},"excerpt":{"rendered":"<p>Einfach genie\u00dfen: Leichte Touren f\u00fcr jeden Lasst uns gemeinsam die Vielfalt und Sch\u00f6nheit der Alpen erwandern! Entdeckt Orte zum Genie\u00dfen, Staunen und Kr\u00e4fte tanken. Du bist gemu\u0308tlich, bist gern in der Natur unterwegs und der Genuss steht bei Dir im Vordergrund? Dann sind meine Alpen_Blick Wanderungen genau das Richtige fu\u0308r Dich. In natu\u0308rlicher Ruhe erz\u00e4hle &hellip; <\/p>\n<p class=\"link-more\"><a href=\"https:\/\/www.gemsli.at\/index.php\/wanderangebot\/alpen_blick-wanderungen\/\" class=\"more-link\">Continue reading<span class=\"screen-reader-text\"> &#8222;Alpen_Blick Wanderungen&#8220;<\/span><\/a><\/p>\n","protected":false},"author":1,"featured_media":434,"parent":128,"menu_order":0,"comment_status":"closed","ping_status":"closed","template":"","meta":{"footnotes":""},"class_list":["post-409","page","type-page","status-publish","has-post-thumbnail","hentry"],"_links":{"self":[{"href":"https:\/\/www.gemsli.at\/index.php\/wp-json\/wp\/v2\/pages\/409","targetHints":{"allow":["GET"]}}],"collection":[{"href":"https:\/\/www.gemsli.at\/index.php\/wp-json\/wp\/v2\/pages"}],"about":[{"href":"https:\/\/www.gemsli.at\/index.php\/wp-json\/wp\/v2\/types\/page"}],"author":[{"embeddable":true,"href":"https:\/\/www.gemsli.at\/index.php\/wp-json\/wp\/v2\/users\/1"}],"replies":[{"embeddable":true,"href":"https:\/\/www.gemsli.at\/index.php\/wp-json\/wp\/v2\/comments?post=409"}],"version-history":[{"count":19,"href":"https:\/\/www.gemsli.at\/index.php\/wp-json\/wp\/v2\/pages\/409\/revisions"}],"predecessor-version":[{"id":2790,"href":"https:\/\/www.gemsli.at\/index.php\/wp-json\/wp\/v2\/pages\/409\/revisions\/2790"}],"up":[{"embeddable":true,"href":"https:\/\/www.gemsli.at\/index.php\/wp-json\/wp\/v2\/pages\/128"}],"wp:featuredmedia":[{"embeddable":true,"href":"https:\/\/www.gemsli.at\/index.php\/wp-json\/wp\/v2\/media\/434"}],"wp:attachment":[{"href":"https:\/\/www.gemsli.at\/index.php\/wp-json\/wp\/v2\/media?parent=409"}],"curies":[{"name":"wp","href":"https:\/\/api.w.org\/{rel}","templated":true}]}}