{"id":2863,"date":"2025-04-18T14:33:51","date_gmt":"2025-04-18T12:33:51","guid":{"rendered":"https:\/\/www.gemsli.at\/?page_id=2863"},"modified":"2025-12-13T20:24:45","modified_gmt":"2025-12-13T19:24:45","slug":"alpen_blick-naturerlebnis","status":"publish","type":"page","link":"https:\/\/www.gemsli.at\/index.php\/sommerprogramm\/alpen_blick-naturerlebnis\/","title":{"rendered":"Alpen_Blick Naturerlebnis"},"content":{"rendered":"\n<h2 class=\"wp-block-heading\">Gef\u00fchrte Exkursion in eines der Natura 2000-Gebiete im Montafon. <\/h2>\n\n\n\n<p><strong>Individuelle Termine auf Anfrage<\/strong><br>In den Monaten April bis November<br><em>f\u00fcr Einsteiger:innen\/Fortgeschrittene <\/em><\/p>\n\n\n\n<figure class=\"wp-block-gallery has-nested-images columns-default is-cropped wp-block-gallery-1 is-layout-flex wp-block-gallery-is-layout-flex\">\n<figure class=\"wp-block-image size-large\"><img loading=\"lazy\" decoding=\"async\" width=\"2432\" height=\"1824\" data-id=\"805\" src=\"https:\/\/www.gemsli.at\/wp-content\/uploads\/2021\/08\/gemsli-Blog-Ko\u0308nige-der-Alpen.jpg\" alt=\"\" class=\"wp-image-805\" srcset=\"https:\/\/www.gemsli.at\/wp-content\/uploads\/2021\/08\/gemsli-Blog-Ko\u0308nige-der-Alpen.jpg 2432w, https:\/\/www.gemsli.at\/wp-content\/uploads\/2021\/08\/gemsli-Blog-Ko\u0308nige-der-Alpen-300x225.jpg 300w, https:\/\/www.gemsli.at\/wp-content\/uploads\/2021\/08\/gemsli-Blog-Ko\u0308nige-der-Alpen-1024x768.jpg 1024w, https:\/\/www.gemsli.at\/wp-content\/uploads\/2021\/08\/gemsli-Blog-Ko\u0308nige-der-Alpen-768x576.jpg 768w, https:\/\/www.gemsli.at\/wp-content\/uploads\/2021\/08\/gemsli-Blog-Ko\u0308nige-der-Alpen-1536x1152.jpg 1536w, https:\/\/www.gemsli.at\/wp-content\/uploads\/2021\/08\/gemsli-Blog-Ko\u0308nige-der-Alpen-2048x1536.jpg 2048w\" sizes=\"auto, (max-width: 767px) 89vw, (max-width: 1000px) 54vw, (max-width: 1071px) 543px, 580px\" \/><\/figure>\n\n\n\n<figure class=\"wp-block-image size-large\"><img loading=\"lazy\" decoding=\"async\" width=\"1200\" height=\"1600\" data-id=\"1642\" src=\"https:\/\/www.gemsli.at\/wp-content\/uploads\/2022\/04\/gemsli-uebermich_So_1a.jpg\" alt=\"\" class=\"wp-image-1642\" srcset=\"https:\/\/www.gemsli.at\/wp-content\/uploads\/2022\/04\/gemsli-uebermich_So_1a.jpg 1200w, https:\/\/www.gemsli.at\/wp-content\/uploads\/2022\/04\/gemsli-uebermich_So_1a-225x300.jpg 225w, https:\/\/www.gemsli.at\/wp-content\/uploads\/2022\/04\/gemsli-uebermich_So_1a-768x1024.jpg 768w, https:\/\/www.gemsli.at\/wp-content\/uploads\/2022\/04\/gemsli-uebermich_So_1a-1152x1536.jpg 1152w\" sizes=\"auto, (max-width: 767px) 89vw, (max-width: 1000px) 54vw, (max-width: 1071px) 543px, 580px\" \/><\/figure>\n\n\n\n<figure class=\"wp-block-image size-large\"><img loading=\"lazy\" decoding=\"async\" width=\"1280\" height=\"719\" data-id=\"1792\" src=\"https:\/\/www.gemsli.at\/wp-content\/uploads\/2022\/07\/gemsli-Gipfel_Buch-Fellima\u0308nnle_03.jpg\" alt=\"\" class=\"wp-image-1792\" srcset=\"https:\/\/www.gemsli.at\/wp-content\/uploads\/2022\/07\/gemsli-Gipfel_Buch-Fellima\u0308nnle_03.jpg 1280w, https:\/\/www.gemsli.at\/wp-content\/uploads\/2022\/07\/gemsli-Gipfel_Buch-Fellima\u0308nnle_03-300x169.jpg 300w, https:\/\/www.gemsli.at\/wp-content\/uploads\/2022\/07\/gemsli-Gipfel_Buch-Fellima\u0308nnle_03-1024x575.jpg 1024w, https:\/\/www.gemsli.at\/wp-content\/uploads\/2022\/07\/gemsli-Gipfel_Buch-Fellima\u0308nnle_03-768x431.jpg 768w\" sizes=\"auto, (max-width: 767px) 89vw, (max-width: 1000px) 54vw, (max-width: 1071px) 543px, 580px\" \/><\/figure>\n<\/figure>\n\n\n\n<p>F\u00fcr alle, die Natur nicht nur sehen, sondern wirklich erleben wollen \u2013 abseits der bekannten Pfade.<br><br>Diese Exkursion f\u00fchrt dich in eines der acht Europaschutzgebiete im Montafon. Mit einem gesch\u00e4rften Blick f\u00fcr Details, viel Zeit zum Beobachten und einem Fernglas im Gep\u00e4ck entdecken wir die stille Vielfalt alpiner Lebensr\u00e4ume. Dich erwarten seltene Pflanzen wie fleischfressende Arten oder der kleinste Baum der Welt \u2013 und mit etwas Gl\u00fcck Sichtungen von G\u00e4mse, Falken oder sogar Steinadler. Eine exklusive Wanderung f\u00fcr Naturbegeisterte, die mit offenen Augen unterwegs sind und das Besondere entdecken wollen.<\/p>\n\n\n\n<figure class=\"wp-block-gallery has-nested-images columns-default is-cropped wp-block-gallery-2 is-layout-flex wp-block-gallery-is-layout-flex\">\n<figure class=\"wp-block-image size-large\"><img loading=\"lazy\" decoding=\"async\" width=\"1280\" height=\"1707\" data-id=\"1841\" src=\"https:\/\/www.gemsli.at\/wp-content\/uploads\/2022\/07\/gemsli-Natur_Vielfalt-05.jpg\" alt=\"\" class=\"wp-image-1841\" srcset=\"https:\/\/www.gemsli.at\/wp-content\/uploads\/2022\/07\/gemsli-Natur_Vielfalt-05.jpg 1280w, https:\/\/www.gemsli.at\/wp-content\/uploads\/2022\/07\/gemsli-Natur_Vielfalt-05-225x300.jpg 225w, https:\/\/www.gemsli.at\/wp-content\/uploads\/2022\/07\/gemsli-Natur_Vielfalt-05-768x1024.jpg 768w, https:\/\/www.gemsli.at\/wp-content\/uploads\/2022\/07\/gemsli-Natur_Vielfalt-05-1152x1536.jpg 1152w\" sizes=\"auto, (max-width: 767px) 89vw, (max-width: 1000px) 54vw, (max-width: 1071px) 543px, 580px\" \/><\/figure>\n\n\n\n<figure class=\"wp-block-image size-large\"><img loading=\"lazy\" decoding=\"async\" width=\"2560\" height=\"1438\" data-id=\"2382\" src=\"https:\/\/www.gemsli.at\/wp-content\/uploads\/2024\/02\/IMG_6703-scaled.jpg\" alt=\"\" class=\"wp-image-2382\" srcset=\"https:\/\/www.gemsli.at\/wp-content\/uploads\/2024\/02\/IMG_6703-scaled.jpg 2560w, https:\/\/www.gemsli.at\/wp-content\/uploads\/2024\/02\/IMG_6703-300x169.jpg 300w, https:\/\/www.gemsli.at\/wp-content\/uploads\/2024\/02\/IMG_6703-1024x575.jpg 1024w, https:\/\/www.gemsli.at\/wp-content\/uploads\/2024\/02\/IMG_6703-768x431.jpg 768w, https:\/\/www.gemsli.at\/wp-content\/uploads\/2024\/02\/IMG_6703-1536x863.jpg 1536w, https:\/\/www.gemsli.at\/wp-content\/uploads\/2024\/02\/IMG_6703-2048x1150.jpg 2048w\" sizes=\"auto, (max-width: 767px) 89vw, (max-width: 1000px) 54vw, (max-width: 1071px) 543px, 580px\" \/><\/figure>\n\n\n\n<figure class=\"wp-block-image size-large\"><img loading=\"lazy\" decoding=\"async\" width=\"1280\" height=\"719\" data-id=\"1863\" src=\"https:\/\/www.gemsli.at\/wp-content\/uploads\/2022\/08\/gemsli-Blog-Natur_Vielfalt-Alpjuesalpe-10.jpg\" alt=\"\" class=\"wp-image-1863\" srcset=\"https:\/\/www.gemsli.at\/wp-content\/uploads\/2022\/08\/gemsli-Blog-Natur_Vielfalt-Alpjuesalpe-10.jpg 1280w, https:\/\/www.gemsli.at\/wp-content\/uploads\/2022\/08\/gemsli-Blog-Natur_Vielfalt-Alpjuesalpe-10-300x169.jpg 300w, https:\/\/www.gemsli.at\/wp-content\/uploads\/2022\/08\/gemsli-Blog-Natur_Vielfalt-Alpjuesalpe-10-1024x575.jpg 1024w, https:\/\/www.gemsli.at\/wp-content\/uploads\/2022\/08\/gemsli-Blog-Natur_Vielfalt-Alpjuesalpe-10-768x431.jpg 768w\" sizes=\"auto, (max-width: 767px) 89vw, (max-width: 1000px) 54vw, (max-width: 1071px) 543px, 580px\" \/><\/figure>\n\n\n\n<figure class=\"wp-block-image size-large\"><img loading=\"lazy\" decoding=\"async\" width=\"1280\" height=\"1707\" data-id=\"1843\" src=\"https:\/\/www.gemsli.at\/wp-content\/uploads\/2022\/07\/gemsli-Natur_Vielfalt-07.jpg\" alt=\"\" class=\"wp-image-1843\" srcset=\"https:\/\/www.gemsli.at\/wp-content\/uploads\/2022\/07\/gemsli-Natur_Vielfalt-07.jpg 1280w, https:\/\/www.gemsli.at\/wp-content\/uploads\/2022\/07\/gemsli-Natur_Vielfalt-07-225x300.jpg 225w, https:\/\/www.gemsli.at\/wp-content\/uploads\/2022\/07\/gemsli-Natur_Vielfalt-07-768x1024.jpg 768w, https:\/\/www.gemsli.at\/wp-content\/uploads\/2022\/07\/gemsli-Natur_Vielfalt-07-1152x1536.jpg 1152w\" sizes=\"auto, (max-width: 767px) 89vw, (max-width: 1000px) 54vw, (max-width: 1071px) 543px, 580px\" \/><\/figure>\n\n\n\n<figure class=\"wp-block-image size-large\"><img loading=\"lazy\" decoding=\"async\" width=\"1600\" height=\"899\" data-id=\"1676\" src=\"https:\/\/www.gemsli.at\/wp-content\/uploads\/2022\/05\/gemsli-Blog_Alpen_Erleben-Tierwelterwachen_Gauertal05.jpg\" alt=\"\" class=\"wp-image-1676\" srcset=\"https:\/\/www.gemsli.at\/wp-content\/uploads\/2022\/05\/gemsli-Blog_Alpen_Erleben-Tierwelterwachen_Gauertal05.jpg 1600w, https:\/\/www.gemsli.at\/wp-content\/uploads\/2022\/05\/gemsli-Blog_Alpen_Erleben-Tierwelterwachen_Gauertal05-300x169.jpg 300w, https:\/\/www.gemsli.at\/wp-content\/uploads\/2022\/05\/gemsli-Blog_Alpen_Erleben-Tierwelterwachen_Gauertal05-1024x575.jpg 1024w, https:\/\/www.gemsli.at\/wp-content\/uploads\/2022\/05\/gemsli-Blog_Alpen_Erleben-Tierwelterwachen_Gauertal05-768x432.jpg 768w, https:\/\/www.gemsli.at\/wp-content\/uploads\/2022\/05\/gemsli-Blog_Alpen_Erleben-Tierwelterwachen_Gauertal05-1536x863.jpg 1536w\" sizes=\"auto, (max-width: 767px) 89vw, (max-width: 1000px) 54vw, (max-width: 1071px) 543px, 580px\" \/><\/figure>\n\n\n\n<figure class=\"wp-block-image size-large\"><img loading=\"lazy\" decoding=\"async\" width=\"1080\" height=\"810\" data-id=\"592\" src=\"https:\/\/www.gemsli.at\/wp-content\/uploads\/2021\/05\/gemsli-Alpen_Blick-Kraeuter_Blumen_Bartholomaeberg_3.jpg\" alt=\"\" class=\"wp-image-592\" srcset=\"https:\/\/www.gemsli.at\/wp-content\/uploads\/2021\/05\/gemsli-Alpen_Blick-Kraeuter_Blumen_Bartholomaeberg_3.jpg 1080w, https:\/\/www.gemsli.at\/wp-content\/uploads\/2021\/05\/gemsli-Alpen_Blick-Kraeuter_Blumen_Bartholomaeberg_3-300x225.jpg 300w, https:\/\/www.gemsli.at\/wp-content\/uploads\/2021\/05\/gemsli-Alpen_Blick-Kraeuter_Blumen_Bartholomaeberg_3-1024x768.jpg 1024w, https:\/\/www.gemsli.at\/wp-content\/uploads\/2021\/05\/gemsli-Alpen_Blick-Kraeuter_Blumen_Bartholomaeberg_3-768x576.jpg 768w\" sizes=\"auto, (max-width: 767px) 89vw, (max-width: 1000px) 54vw, (max-width: 1071px) 543px, 580px\" \/><\/figure>\n<\/figure>\n\n\n\n<p><strong>Treffpunkt bei Voranmeldung:<\/strong> je nach Wetterlage und Saison, wird bei Buchung vereinbart<br><strong>Dauer:<\/strong>   5-6 Stunden<br><strong>Preis: <\/strong>  \u20ac 99 pro Person*<\/p>\n\n\n\n<p>Anmeldung auf Anfrage, bis sp\u00e4testens 9:00 Uhr des Vortages<\/p>\n\n\n\n<div class=\"wp-block-buttons is-layout-flex wp-block-buttons-is-layout-flex\">\n<div class=\"wp-block-button is-style-fill\"><a class=\"wp-block-button__link has-white-color has-text-color has-background\" href=\"mailto:alpenerleben@gemsli.at\" style=\"background-color:#969650\">Anfrage\/Anmeldung per E-Mail an &#8218;gemsli<\/a><\/div>\n<\/div>\n\n\n\n<p><\/p>\n\n\n\n<p>*) Die angegebenen Preise gelten ab einer Teilnahme von 4 Personen. Ich fu\u0308hre<br>Kleingruppen gerne auf Anfrage.<\/p>\n","protected":false},"excerpt":{"rendered":"<p>Gef\u00fchrte Exkursion in eines der Natura 2000-Gebiete im Montafon. Individuelle Termine auf AnfrageIn den Monaten April bis Novemberf\u00fcr Einsteiger:innen\/Fortgeschrittene F\u00fcr alle, die Natur nicht nur sehen, sondern wirklich erleben wollen \u2013 abseits der bekannten Pfade. Diese Exkursion f\u00fchrt dich in eines der acht Europaschutzgebiete im Montafon. Mit einem gesch\u00e4rften Blick f\u00fcr Details, viel Zeit zum &hellip; <\/p>\n<p class=\"link-more\"><a href=\"https:\/\/www.gemsli.at\/index.php\/sommerprogramm\/alpen_blick-naturerlebnis\/\" class=\"more-link\">Continue reading<span class=\"screen-reader-text\"> &#8222;Alpen_Blick Naturerlebnis&#8220;<\/span><\/a><\/p>\n","protected":false},"author":1,"featured_media":2864,"parent":736,"menu_order":0,"comment_status":"closed","ping_status":"closed","template":"","meta":{"footnotes":""},"class_list":["post-2863","page","type-page","status-publish","has-post-thumbnail","hentry"],"_links":{"self":[{"href":"https:\/\/www.gemsli.at\/index.php\/wp-json\/wp\/v2\/pages\/2863","targetHints":{"allow":["GET"]}}],"collection":[{"href":"https:\/\/www.gemsli.at\/index.php\/wp-json\/wp\/v2\/pages"}],"about":[{"href":"https:\/\/www.gemsli.at\/index.php\/wp-json\/wp\/v2\/types\/page"}],"author":[{"embeddable":true,"href":"https:\/\/www.gemsli.at\/index.php\/wp-json\/wp\/v2\/users\/1"}],"replies":[{"embeddable":true,"href":"https:\/\/www.gemsli.at\/index.php\/wp-json\/wp\/v2\/comments?post=2863"}],"version-history":[{"count":5,"href":"https:\/\/www.gemsli.at\/index.php\/wp-json\/wp\/v2\/pages\/2863\/revisions"}],"predecessor-version":[{"id":2970,"href":"https:\/\/www.gemsli.at\/index.php\/wp-json\/wp\/v2\/pages\/2863\/revisions\/2970"}],"up":[{"embeddable":true,"href":"https:\/\/www.gemsli.at\/index.php\/wp-json\/wp\/v2\/pages\/736"}],"wp:featuredmedia":[{"embeddable":true,"href":"https:\/\/www.gemsli.at\/index.php\/wp-json\/wp\/v2\/media\/2864"}],"wp:attachment":[{"href":"https:\/\/www.gemsli.at\/index.php\/wp-json\/wp\/v2\/media?parent=2863"}],"curies":[{"name":"wp","href":"https:\/\/api.w.org\/{rel}","templated":true}]}}