{"id":2314,"date":"2024-01-09T23:07:36","date_gmt":"2024-01-09T22:07:36","guid":{"rendered":"https:\/\/www.gemsli.at\/?page_id=2314"},"modified":"2026-01-19T11:28:28","modified_gmt":"2026-01-19T10:28:28","slug":"natur_vielfalt-tag","status":"publish","type":"page","link":"https:\/\/www.gemsli.at\/index.php\/winterprogramm\/natur_vielfalt-tag\/","title":{"rendered":"Natur_Vielfalt Nachmittag"},"content":{"rendered":"\n<h2 class=\"wp-block-heading\">Eine spannendes, \u00fcberraschendes und beeindruckendes Naturerlebnis.<\/h2>\n\n\n\n<p><strong>Termine <\/strong>&#8211; individuell auf Anfrage<br><strong>Angebot ganzj\u00e4hrig buchbar<\/strong><br><em>f\u00fcr Familien und Kinder<\/em><\/p>\n\n\n\n<h3 class=\"wp-block-heading\">Augen auf, es gibt so viel Sch\u00f6nes zu entdecken! <\/h3>\n\n\n\n<p>Erkunde die Geheimnisse der Natur und erlebe den Lebensraum Wald mit allen Sinnen.<\/p>\n\n\n\n<p>Wir gehen auf Entdeckungsreise und lernen den Wald auf ganz besondere Art und Weise kennen. &nbsp;Schlie\u00dfen Freundschaft mit Waldbewohnern, entdecken Tierspuren\u2026.<\/p>\n\n\n\n<p>Abenteuer, Wissen, Bewegung und vor allem viel Spa\u00df in der Natur sind garantiert!<\/p>\n\n\n\n<figure class=\"wp-block-image size-large\"><img loading=\"lazy\" decoding=\"async\" width=\"1024\" height=\"768\" src=\"https:\/\/www.gemsli.at\/wp-content\/uploads\/2023\/12\/IMG_20231010_104648_low-1-1024x768.jpeg\" alt=\"\" class=\"wp-image-2155\" srcset=\"https:\/\/www.gemsli.at\/wp-content\/uploads\/2023\/12\/IMG_20231010_104648_low-1-1024x768.jpeg 1024w, https:\/\/www.gemsli.at\/wp-content\/uploads\/2023\/12\/IMG_20231010_104648_low-1-300x225.jpeg 300w, https:\/\/www.gemsli.at\/wp-content\/uploads\/2023\/12\/IMG_20231010_104648_low-1-768x576.jpeg 768w, https:\/\/www.gemsli.at\/wp-content\/uploads\/2023\/12\/IMG_20231010_104648_low-1-1536x1152.jpeg 1536w, https:\/\/www.gemsli.at\/wp-content\/uploads\/2023\/12\/IMG_20231010_104648_low-1-2048x1536.jpeg 2048w\" sizes=\"auto, (max-width: 767px) 89vw, (max-width: 1000px) 54vw, (max-width: 1071px) 543px, 580px\" \/><\/figure>\n\n\n\n<figure class=\"wp-block-gallery has-nested-images columns-default is-cropped wp-block-gallery-1 is-layout-flex wp-block-gallery-is-layout-flex\">\n<figure class=\"wp-block-image size-large\"><img loading=\"lazy\" decoding=\"async\" width=\"1920\" height=\"2560\" data-id=\"2146\" src=\"https:\/\/www.gemsli.at\/wp-content\/uploads\/2023\/12\/IMG_20220526_100326_low-scaled.jpeg\" alt=\"\" class=\"wp-image-2146\" srcset=\"https:\/\/www.gemsli.at\/wp-content\/uploads\/2023\/12\/IMG_20220526_100326_low-scaled.jpeg 1920w, https:\/\/www.gemsli.at\/wp-content\/uploads\/2023\/12\/IMG_20220526_100326_low-225x300.jpeg 225w, https:\/\/www.gemsli.at\/wp-content\/uploads\/2023\/12\/IMG_20220526_100326_low-768x1024.jpeg 768w, https:\/\/www.gemsli.at\/wp-content\/uploads\/2023\/12\/IMG_20220526_100326_low-1152x1536.jpeg 1152w, https:\/\/www.gemsli.at\/wp-content\/uploads\/2023\/12\/IMG_20220526_100326_low-1536x2048.jpeg 1536w\" sizes=\"auto, (max-width: 767px) 89vw, (max-width: 1000px) 54vw, (max-width: 1071px) 543px, 580px\" \/><\/figure>\n\n\n\n<figure class=\"wp-block-image size-large\"><img loading=\"lazy\" decoding=\"async\" width=\"768\" height=\"1024\" data-id=\"2152\" src=\"https:\/\/www.gemsli.at\/wp-content\/uploads\/2023\/12\/IMG_20230621_121312_low-768x1024.jpeg\" alt=\"\" class=\"wp-image-2152\" srcset=\"https:\/\/www.gemsli.at\/wp-content\/uploads\/2023\/12\/IMG_20230621_121312_low-768x1024.jpeg 768w, https:\/\/www.gemsli.at\/wp-content\/uploads\/2023\/12\/IMG_20230621_121312_low-225x300.jpeg 225w, https:\/\/www.gemsli.at\/wp-content\/uploads\/2023\/12\/IMG_20230621_121312_low-1152x1536.jpeg 1152w, https:\/\/www.gemsli.at\/wp-content\/uploads\/2023\/12\/IMG_20230621_121312_low-1536x2048.jpeg 1536w, https:\/\/www.gemsli.at\/wp-content\/uploads\/2023\/12\/IMG_20230621_121312_low-scaled.jpeg 1920w\" sizes=\"auto, (max-width: 767px) 89vw, (max-width: 1000px) 54vw, (max-width: 1071px) 543px, 580px\" \/><\/figure>\n\n\n\n<figure class=\"wp-block-image size-full\"><img loading=\"lazy\" decoding=\"async\" width=\"1024\" height=\"768\" data-id=\"2157\" src=\"https:\/\/www.gemsli.at\/wp-content\/uploads\/2023\/12\/IMG-20230928-WA0022.jpg\" alt=\"\" class=\"wp-image-2157\" srcset=\"https:\/\/www.gemsli.at\/wp-content\/uploads\/2023\/12\/IMG-20230928-WA0022.jpg 1024w, https:\/\/www.gemsli.at\/wp-content\/uploads\/2023\/12\/IMG-20230928-WA0022-300x225.jpg 300w, https:\/\/www.gemsli.at\/wp-content\/uploads\/2023\/12\/IMG-20230928-WA0022-768x576.jpg 768w\" sizes=\"auto, (max-width: 767px) 89vw, (max-width: 1000px) 54vw, (max-width: 1071px) 543px, 580px\" \/><\/figure>\n<\/figure>\n\n\n\n<p><strong>Anforderungen:<\/strong><br>Festes wasserdichtes Schuhwerk, Handschuhe, Kappe, der Witterung angepasste warme Bekleidung, Tee, Jause. <\/p>\n\n\n\n<p><strong>Treffpunkt bei Voranmeldung: <\/strong>Wird individuell vereinbart.<br><strong>Dauer:<\/strong> 3 Stunden<br><strong>Preis:<\/strong> \u20ac 49* pro Kind<\/p>\n\n\n\n<p>Termine sind auf Anfrage buchbar.<br>*) Die angegebenen Preise gelten ab einer Teilnahme von 4 Personen. Ich fu\u0308hre<br>Kleingruppen gerne auf Anfrage.<br><\/p>\n\n\n\n<div class=\"wp-block-buttons is-layout-flex wp-block-buttons-is-layout-flex\">\n<div class=\"wp-block-button\"><a class=\"wp-block-button__link has-background wp-element-button\" href=\"mailto:alpenerleben@gemsli.at?subject=Natur_Vielfalt%20Nachmittag\" style=\"background-color:#408ebf\">Anfrage\/Anmeldung per E-Mail an \u2018gemsli<\/a><\/div>\n<\/div>\n","protected":false},"excerpt":{"rendered":"<p>Eine spannendes, \u00fcberraschendes und beeindruckendes Naturerlebnis. Termine &#8211; individuell auf AnfrageAngebot ganzj\u00e4hrig buchbarf\u00fcr Familien und Kinder Augen auf, es gibt so viel Sch\u00f6nes zu entdecken! Erkunde die Geheimnisse der Natur und erlebe den Lebensraum Wald mit allen Sinnen. Wir gehen auf Entdeckungsreise und lernen den Wald auf ganz besondere Art und Weise kennen. &nbsp;Schlie\u00dfen Freundschaft &hellip; <\/p>\n<p class=\"link-more\"><a href=\"https:\/\/www.gemsli.at\/index.php\/winterprogramm\/natur_vielfalt-tag\/\" class=\"more-link\">Continue reading<span class=\"screen-reader-text\"> &#8222;Natur_Vielfalt Nachmittag&#8220;<\/span><\/a><\/p>\n","protected":false},"author":1,"featured_media":0,"parent":910,"menu_order":0,"comment_status":"closed","ping_status":"closed","template":"","meta":{"footnotes":""},"class_list":["post-2314","page","type-page","status-publish","hentry"],"_links":{"self":[{"href":"https:\/\/www.gemsli.at\/index.php\/wp-json\/wp\/v2\/pages\/2314","targetHints":{"allow":["GET"]}}],"collection":[{"href":"https:\/\/www.gemsli.at\/index.php\/wp-json\/wp\/v2\/pages"}],"about":[{"href":"https:\/\/www.gemsli.at\/index.php\/wp-json\/wp\/v2\/types\/page"}],"author":[{"embeddable":true,"href":"https:\/\/www.gemsli.at\/index.php\/wp-json\/wp\/v2\/users\/1"}],"replies":[{"embeddable":true,"href":"https:\/\/www.gemsli.at\/index.php\/wp-json\/wp\/v2\/comments?post=2314"}],"version-history":[{"count":18,"href":"https:\/\/www.gemsli.at\/index.php\/wp-json\/wp\/v2\/pages\/2314\/revisions"}],"predecessor-version":[{"id":3021,"href":"https:\/\/www.gemsli.at\/index.php\/wp-json\/wp\/v2\/pages\/2314\/revisions\/3021"}],"up":[{"embeddable":true,"href":"https:\/\/www.gemsli.at\/index.php\/wp-json\/wp\/v2\/pages\/910"}],"wp:attachment":[{"href":"https:\/\/www.gemsli.at\/index.php\/wp-json\/wp\/v2\/media?parent=2314"}],"curies":[{"name":"wp","href":"https:\/\/api.w.org\/{rel}","templated":true}]}}