{"id":2219,"date":"2024-01-06T21:33:49","date_gmt":"2024-01-06T20:33:49","guid":{"rendered":"https:\/\/www.gemsli.at\/?page_id=2219"},"modified":"2026-01-19T11:56:24","modified_gmt":"2026-01-19T10:56:24","slug":"schnee_genuss-momente-auf-der-silvretta","status":"publish","type":"page","link":"https:\/\/www.gemsli.at\/index.php\/winterprogramm\/schnee_genuss-momente-auf-der-silvretta\/","title":{"rendered":"Schnee_Genuss Tage auf der Silvretta"},"content":{"rendered":"\n<h2 class=\"wp-block-heading\"><mark style=\"background-color:rgba(0, 0, 0, 0);color:#408ebf\" class=\"has-inline-color\">Genusstage<\/mark><mark style=\"background-color:rgba(0, 0, 0, 0);color:#408ebf\" class=\"has-inline-color\"> auf Schneeschuhen<\/mark><\/h2>\n\n\n\n<p><strong>Termine<\/strong> \u2013 individuell auf Anfrage<br><strong>Wintersaison Ende Dezember bis Anfang Mai<\/strong><br><em>Routenwahl felxibel \u2013 geeignet f\u00fcr Anf\u00e4nger:innen und Fortgeschrittene<\/em><\/p>\n\n\n\n<p><strong>Winterliches Bergerlebnis garantiert, auch bei wenig Schnee im Tal!<\/strong><\/p>\n\n\n\n<h3 class=\"wp-block-heading\">Zwei Tage Schneeschuhwandern auf der Silvretta <br>inklusive LVS Training und Tourenplanung<br><\/h3>\n\n\n\n<p><em>Die ideale Vorbereitung f\u00fcr all jene, die in Zukunft sicher alleine mit Schneeschuhen unterwegs sein m\u00f6chten.<\/em><\/p>\n\n\n\n<p>Unser erster Tag beginnt mit einer abenteuerlichen Fahrt mit der Vermuntbahn sowie mit dem Tunnelbus auf die Silvretta Bielerh\u00f6he.<\/p>\n\n\n\n<p>Beim Madlenerhaus angekommen, \u00fcben wir den Umgang mit der LVS Ausr\u00fcstung, um im Ernstfall richtig effektiv zu reagieren und einen Versch\u00fctteten zu finden und auszugraben. Am Nachmittag unternehmen wir eine genussvolle Schneeschuhwanderung und setzten das erlente in der Praxis um. Weiters bereiten wir am Abend die Tourenplanung f\u00fcr den n\u00e4chsten Tag vor und \u00fcben das Lesen vom Lawinenlagebericht f\u00fcr eine sichere Risikoeinsch\u00e4tzung. Zum Abendessen werden wir mit einem feinen 4-G\u00e4nge Men\u00fc vom Madlnerhaus kulinarisch verw\u00f6hnt.<\/p>\n\n\n\n<p>Am folgenden Tag unternehmen wir eine ganzt\u00e4gige Schneeschuhwanderung. Gecoached k\u00f6nnen die Teilnehmer:innen abseits von markierten Wegen \u00fcben um selbst\u00e4ndig und sicher Schneeschuhtouren im freien Gel\u00e4nde zu unternehmen. Der Genuss kommt dabei keinesfalls zu kurz, wir sind ganztags in der unber\u00fchrten Winterlandschaft unterwegs und haben ausreichend Zeit zum Genie\u00dfen.<\/p>\n\n\n\n<p>Je nach Verh\u00e4ltnis und Wetter f\u00fchrt unsere Schneeschuhtour Richtung Bieltal, Hennekopf, Chromertal oder Saarbr\u00fccker H\u00fctte. Wir genie\u00dfen die Ruhe und atemberaubende Ausblicke am Fu\u00dfe der 3000er.<\/p>\n\n\n\n<figure class=\"wp-block-gallery has-nested-images columns-default is-cropped wp-block-gallery-1 is-layout-flex wp-block-gallery-is-layout-flex\">\n<figure class=\"wp-block-image size-large\"><img loading=\"lazy\" decoding=\"async\" width=\"1024\" height=\"575\" data-id=\"2250\" src=\"https:\/\/www.gemsli.at\/wp-content\/uploads\/2024\/01\/IMG_6816-1-1024x575.jpg\" alt=\"\" class=\"wp-image-2250\" srcset=\"https:\/\/www.gemsli.at\/wp-content\/uploads\/2024\/01\/IMG_6816-1-1024x575.jpg 1024w, https:\/\/www.gemsli.at\/wp-content\/uploads\/2024\/01\/IMG_6816-1-300x169.jpg 300w, https:\/\/www.gemsli.at\/wp-content\/uploads\/2024\/01\/IMG_6816-1-768x431.jpg 768w, https:\/\/www.gemsli.at\/wp-content\/uploads\/2024\/01\/IMG_6816-1-1536x863.jpg 1536w, https:\/\/www.gemsli.at\/wp-content\/uploads\/2024\/01\/IMG_6816-1-2048x1150.jpg 2048w\" sizes=\"auto, (max-width: 767px) 89vw, (max-width: 1000px) 54vw, (max-width: 1071px) 543px, 580px\" \/><\/figure>\n<\/figure>\n\n\n\n<figure class=\"wp-block-gallery has-nested-images columns-1 is-cropped wp-block-gallery-2 is-layout-flex wp-block-gallery-is-layout-flex\">\n<figure class=\"wp-block-image size-large\"><img loading=\"lazy\" decoding=\"async\" width=\"1024\" height=\"575\" data-id=\"2199\" src=\"https:\/\/www.gemsli.at\/wp-content\/uploads\/2024\/01\/IMG_6889-1024x575.jpg\" alt=\"\" class=\"wp-image-2199\" srcset=\"https:\/\/www.gemsli.at\/wp-content\/uploads\/2024\/01\/IMG_6889-1024x575.jpg 1024w, https:\/\/www.gemsli.at\/wp-content\/uploads\/2024\/01\/IMG_6889-300x169.jpg 300w, https:\/\/www.gemsli.at\/wp-content\/uploads\/2024\/01\/IMG_6889-768x431.jpg 768w, https:\/\/www.gemsli.at\/wp-content\/uploads\/2024\/01\/IMG_6889-1536x863.jpg 1536w, https:\/\/www.gemsli.at\/wp-content\/uploads\/2024\/01\/IMG_6889-2048x1150.jpg 2048w\" sizes=\"auto, (max-width: 767px) 89vw, (max-width: 1000px) 54vw, (max-width: 1071px) 543px, 580px\" \/><\/figure>\n<\/figure>\n\n\n\n<p><strong>Anforderungen:<\/strong><br>Ausdauer und Kondition f\u00fcr zwei Tage Schneeschuhwandern, kn\u00f6chelhohe wasserdichte Wanderschuhe, warme Sport- oder Wanderbekleidung, Tee, Jause<br><br><strong>Ausr\u00fcstung<\/strong>: Schneeschuhe und St\u00f6cke, Lawinenausru\u0308stung (Schaufel, Sonde, Pieps) &#8211; Alles kannst du nat\u00fcrlich \u00fcber mich ausleihen.<br><br><strong>Dauer:<\/strong> 2 Tage<br><strong>Preis:<\/strong> \u20ac210 pro Person*<\/p>\n\n\n\n<p>*) Die angegebenen Preise gelten ab einer Teilnahme von 4 Personen. Ich fu\u0308hre<br>Kleingruppen gerne auf Anfrage.<\/p>\n\n\n\n<div class=\"wp-block-buttons is-layout-flex wp-block-buttons-is-layout-flex\">\n<div class=\"wp-block-button\"><a class=\"wp-block-button__link has-background\" href=\"https:\/\/www.alpenverein.at\/vorarlberg\/veranstaltungen\/detail.php?veranstaltungID=6fee5cfc-1ccd-4a77-8ecd-7747554cd795&amp;oa=1\" style=\"background-color:#408ebf\" target=\"_blank\" rel=\"noreferrer noopener\">Hier geht`s zur Anmeldung<\/a><\/div>\n<\/div>\n\n\n\n<p><\/p>\n","protected":false},"excerpt":{"rendered":"<p>Genusstage auf Schneeschuhen Termine \u2013 individuell auf AnfrageWintersaison Ende Dezember bis Anfang MaiRoutenwahl felxibel \u2013 geeignet f\u00fcr Anf\u00e4nger:innen und Fortgeschrittene Winterliches Bergerlebnis garantiert, auch bei wenig Schnee im Tal! Zwei Tage Schneeschuhwandern auf der Silvretta inklusive LVS Training und Tourenplanung Die ideale Vorbereitung f\u00fcr all jene, die in Zukunft sicher alleine mit Schneeschuhen unterwegs sein &hellip; <\/p>\n<p class=\"link-more\"><a href=\"https:\/\/www.gemsli.at\/index.php\/winterprogramm\/schnee_genuss-momente-auf-der-silvretta\/\" class=\"more-link\">Continue reading<span class=\"screen-reader-text\"> &#8222;Schnee_Genuss Tage auf der Silvretta&#8220;<\/span><\/a><\/p>\n","protected":false},"author":1,"featured_media":0,"parent":910,"menu_order":0,"comment_status":"closed","ping_status":"closed","template":"","meta":{"footnotes":""},"class_list":["post-2219","page","type-page","status-publish","hentry"],"_links":{"self":[{"href":"https:\/\/www.gemsli.at\/index.php\/wp-json\/wp\/v2\/pages\/2219","targetHints":{"allow":["GET"]}}],"collection":[{"href":"https:\/\/www.gemsli.at\/index.php\/wp-json\/wp\/v2\/pages"}],"about":[{"href":"https:\/\/www.gemsli.at\/index.php\/wp-json\/wp\/v2\/types\/page"}],"author":[{"embeddable":true,"href":"https:\/\/www.gemsli.at\/index.php\/wp-json\/wp\/v2\/users\/1"}],"replies":[{"embeddable":true,"href":"https:\/\/www.gemsli.at\/index.php\/wp-json\/wp\/v2\/comments?post=2219"}],"version-history":[{"count":15,"href":"https:\/\/www.gemsli.at\/index.php\/wp-json\/wp\/v2\/pages\/2219\/revisions"}],"predecessor-version":[{"id":2964,"href":"https:\/\/www.gemsli.at\/index.php\/wp-json\/wp\/v2\/pages\/2219\/revisions\/2964"}],"up":[{"embeddable":true,"href":"https:\/\/www.gemsli.at\/index.php\/wp-json\/wp\/v2\/pages\/910"}],"wp:attachment":[{"href":"https:\/\/www.gemsli.at\/index.php\/wp-json\/wp\/v2\/media?parent=2219"}],"curies":[{"name":"wp","href":"https:\/\/api.w.org\/{rel}","templated":true}]}}