{"id":2213,"date":"2024-01-06T21:12:07","date_gmt":"2024-01-06T20:12:07","guid":{"rendered":"https:\/\/www.gemsli.at\/?page_id=2213"},"modified":"2026-01-19T11:56:10","modified_gmt":"2026-01-19T10:56:10","slug":"schnee_genuss-momente-fuer-fortgeschrittene","status":"publish","type":"page","link":"https:\/\/www.gemsli.at\/index.php\/winterprogramm\/schnee_genuss-momente-fuer-fortgeschrittene\/","title":{"rendered":"Schnee_Genuss Momente f\u00fcr Fortgeschrittene"},"content":{"rendered":"\n<h2 class=\"wp-block-heading\"><mark style=\"background-color:rgba(0, 0, 0, 0);color:#408ebf\" class=\"has-inline-color\">Gipfelgl\u00fcck auf Schneeschuhen im Alpstein<\/mark><\/h2>\n\n\n\n<p><strong>Termine<\/strong> \u2013 individuell auf Anfrage<br><strong>Wintersaison Dezember bis April<\/strong><\/p>\n\n\n\n<h3 class=\"wp-block-heading\">Du bist gerne mit den Schneeschuhen unterwegs und m\u00f6chtest zur Abwechslung eine neue Region kennenlernen?<\/h3>\n\n\n\n<p>Wir starten gemeinsam eine sportliche und einsame Schneeschuhtour in der Schweiz. Von Wildhaus gegt es zum Gipfelkreuz des 1998m hohen Gulmlen. Lass dich am Gipfel mit einer traditonellen `gemsli Jause und einem atemberaubenden Blick auf das schweizer Rheintal, die h\u00f6chsten Gipfel des Alpstein und die Churfirsten verzaubern. <\/p>\n\n\n\n<figure class=\"wp-block-gallery has-nested-images columns-default is-cropped wp-block-gallery-1 is-layout-flex wp-block-gallery-is-layout-flex\">\n<figure class=\"wp-block-image size-large\"><img loading=\"lazy\" decoding=\"async\" width=\"2560\" height=\"1438\" data-id=\"2647\" src=\"https:\/\/www.gemsli.at\/wp-content\/uploads\/2024\/12\/IMG_6022-scaled.jpg\" alt=\"\" class=\"wp-image-2647\" srcset=\"https:\/\/www.gemsli.at\/wp-content\/uploads\/2024\/12\/IMG_6022-scaled.jpg 2560w, https:\/\/www.gemsli.at\/wp-content\/uploads\/2024\/12\/IMG_6022-300x169.jpg 300w, https:\/\/www.gemsli.at\/wp-content\/uploads\/2024\/12\/IMG_6022-1024x575.jpg 1024w, https:\/\/www.gemsli.at\/wp-content\/uploads\/2024\/12\/IMG_6022-768x431.jpg 768w, https:\/\/www.gemsli.at\/wp-content\/uploads\/2024\/12\/IMG_6022-1536x863.jpg 1536w, https:\/\/www.gemsli.at\/wp-content\/uploads\/2024\/12\/IMG_6022-2048x1150.jpg 2048w\" sizes=\"auto, (max-width: 767px) 89vw, (max-width: 1000px) 54vw, (max-width: 1071px) 543px, 580px\" \/><\/figure>\n<\/figure>\n\n\n\n<figure class=\"wp-block-gallery has-nested-images columns-default is-cropped wp-block-gallery-2 is-layout-flex wp-block-gallery-is-layout-flex\">\n<figure class=\"wp-block-image size-large\"><img loading=\"lazy\" decoding=\"async\" width=\"1024\" height=\"575\" data-id=\"2215\" src=\"https:\/\/www.gemsli.at\/wp-content\/uploads\/2024\/01\/IMG_7015-Kopie-Kopie-1024x575.jpg\" alt=\"\" class=\"wp-image-2215\" srcset=\"https:\/\/www.gemsli.at\/wp-content\/uploads\/2024\/01\/IMG_7015-Kopie-Kopie-1024x575.jpg 1024w, https:\/\/www.gemsli.at\/wp-content\/uploads\/2024\/01\/IMG_7015-Kopie-Kopie-300x169.jpg 300w, https:\/\/www.gemsli.at\/wp-content\/uploads\/2024\/01\/IMG_7015-Kopie-Kopie-768x431.jpg 768w, https:\/\/www.gemsli.at\/wp-content\/uploads\/2024\/01\/IMG_7015-Kopie-Kopie-1536x863.jpg 1536w, https:\/\/www.gemsli.at\/wp-content\/uploads\/2024\/01\/IMG_7015-Kopie-Kopie-2048x1150.jpg 2048w\" sizes=\"auto, (max-width: 767px) 89vw, (max-width: 1000px) 54vw, (max-width: 1071px) 543px, 580px\" \/><\/figure>\n<\/figure>\n\n\n\n<p><strong>Anforderungen:<\/strong><br>Sehr gute Kondition und Ausdauer, kn\u00f6chelhohe wasserdichte Wanderschuhe, warme Sport- oder Wanderbekleidung, Tee, Jause f\u00fcr zwischendurch.<br><br><strong>Ausr\u00fcstung:<\/strong><br>Schneeschuhe und St\u00f6cke, Lawinenausru\u0308stung (Schaufel, Sonde, Pieps) &#8211; Alles kannst du nat\u00fcrlich \u00fcber mich ausgeliehen.<\/p>\n\n\n\n<p>Einzel- oder Gruppenwanderung<br><strong>Dauer:<\/strong> ca. 6h, 900hm, 12 km<br><strong>Preis:<\/strong> \u20ac 99* pro Person<\/p>\n\n\n\n<p>Anmeldung und Terminvereinbarung auf Anfrage<\/p>\n\n\n\n<div class=\"wp-block-buttons is-layout-flex wp-block-buttons-is-layout-flex\">\n<div class=\"wp-block-button\"><a class=\"wp-block-button__link has-background wp-element-button\" href=\"mailto:alpenerleben@gemsli.at?subject=Schnee_Genuss%20Momente%20f\u00fcr%20Fortgeschrittene%20\/%20Schneeschuhtour%20Alpstein\" style=\"background-color:#408ebf\" target=\"_blank\" rel=\"noreferrer noopener\">Anfrage\/Anmeldung per E-Mail an \u2018gemsli<\/a><\/div>\n<\/div>\n\n\n\n<p>*) Die angegebenen Preise gelten ab einer Teilnahme von 4 Personen. Ich fu\u0308hre<br>Kleingruppen gerne auf Anfrage.<\/p>\n","protected":false},"excerpt":{"rendered":"<p>Gipfelgl\u00fcck auf Schneeschuhen im Alpstein Termine \u2013 individuell auf AnfrageWintersaison Dezember bis April Du bist gerne mit den Schneeschuhen unterwegs und m\u00f6chtest zur Abwechslung eine neue Region kennenlernen? Wir starten gemeinsam eine sportliche und einsame Schneeschuhtour in der Schweiz. Von Wildhaus gegt es zum Gipfelkreuz des 1998m hohen Gulmlen. Lass dich am Gipfel mit einer &hellip; <\/p>\n<p class=\"link-more\"><a href=\"https:\/\/www.gemsli.at\/index.php\/winterprogramm\/schnee_genuss-momente-fuer-fortgeschrittene\/\" class=\"more-link\">Continue reading<span class=\"screen-reader-text\"> &#8222;Schnee_Genuss Momente f\u00fcr Fortgeschrittene&#8220;<\/span><\/a><\/p>\n","protected":false},"author":1,"featured_media":0,"parent":910,"menu_order":0,"comment_status":"closed","ping_status":"closed","template":"","meta":{"footnotes":""},"class_list":["post-2213","page","type-page","status-publish","hentry"],"_links":{"self":[{"href":"https:\/\/www.gemsli.at\/index.php\/wp-json\/wp\/v2\/pages\/2213","targetHints":{"allow":["GET"]}}],"collection":[{"href":"https:\/\/www.gemsli.at\/index.php\/wp-json\/wp\/v2\/pages"}],"about":[{"href":"https:\/\/www.gemsli.at\/index.php\/wp-json\/wp\/v2\/types\/page"}],"author":[{"embeddable":true,"href":"https:\/\/www.gemsli.at\/index.php\/wp-json\/wp\/v2\/users\/1"}],"replies":[{"embeddable":true,"href":"https:\/\/www.gemsli.at\/index.php\/wp-json\/wp\/v2\/comments?post=2213"}],"version-history":[{"count":14,"href":"https:\/\/www.gemsli.at\/index.php\/wp-json\/wp\/v2\/pages\/2213\/revisions"}],"predecessor-version":[{"id":3016,"href":"https:\/\/www.gemsli.at\/index.php\/wp-json\/wp\/v2\/pages\/2213\/revisions\/3016"}],"up":[{"embeddable":true,"href":"https:\/\/www.gemsli.at\/index.php\/wp-json\/wp\/v2\/pages\/910"}],"wp:attachment":[{"href":"https:\/\/www.gemsli.at\/index.php\/wp-json\/wp\/v2\/media?parent=2213"}],"curies":[{"name":"wp","href":"https:\/\/api.w.org\/{rel}","templated":true}]}}