{"id":2181,"date":"2024-01-06T18:42:46","date_gmt":"2024-01-06T17:42:46","guid":{"rendered":"https:\/\/www.gemsli.at\/?page_id=2181"},"modified":"2026-01-19T11:55:59","modified_gmt":"2026-01-19T10:55:59","slug":"schnee_genuss-momente-fuer-einsteiger","status":"publish","type":"page","link":"https:\/\/www.gemsli.at\/index.php\/winterprogramm\/schnee_genuss-momente-fuer-einsteiger\/","title":{"rendered":"Schnee_Genuss Momente"},"content":{"rendered":"\n<h1 class=\"wp-block-heading\">Erste Schneeschuherlebnisse<\/h1>\n\n\n\n<h2 class=\"wp-block-heading\"><mark style=\"background-color:rgba(0, 0, 0, 0);color:#408ebf\" class=\"has-inline-color\">Die ersten Schritte auf Schneeschuhen<\/mark><\/h2>\n\n\n\n<p><strong>Termine<\/strong> \u2013 individuell auf Anfrage<br><strong>Wintersaison Dezember bis April<\/strong><br><em>Einsteiger:innen<\/em><br> <br>Du wolltest schon immer das Schneeschuhwandern ausprobieren?<\/p>\n\n\n\n<p>Mach mit mir die ersten Schritte auf Schneeschuhen und erlebe wunderbare Schnee_Genuss Momente.  Es erwartet dich eine leichte Genusswanderung auf Schneeschuhen in Gargellen, dem h\u00f6chstgelegenen Ort des Montafon.<br><br>Wir schnallen unsere Schneeschuhe an und lernen die Grundlagen des Schneeschuhwanderns (Gehtechnik, Spurenanlage, Ausr\u00fcstung, Risikoeinsch\u00e4tzung, naturvertr\u00e4glicher Wintersport, &#8230;). <\/p>\n\n\n\n<p>Bei dieser gem\u00fctlichen Schneeschuhwanderung kommen wir in den vollen Schneeschuhgenuss.<\/p>\n\n\n\n<figure class=\"wp-block-gallery has-nested-images columns-default is-cropped wp-block-gallery-1 is-layout-flex wp-block-gallery-is-layout-flex\">\n<figure class=\"wp-block-image size-large\"><img loading=\"lazy\" decoding=\"async\" width=\"1024\" height=\"768\" data-id=\"2936\" src=\"https:\/\/www.gemsli.at\/wp-content\/uploads\/2025\/12\/MVIMG_20251208_125007-1024x768.jpg\" alt=\"\" class=\"wp-image-2936\" srcset=\"https:\/\/www.gemsli.at\/wp-content\/uploads\/2025\/12\/MVIMG_20251208_125007-1024x768.jpg 1024w, https:\/\/www.gemsli.at\/wp-content\/uploads\/2025\/12\/MVIMG_20251208_125007-300x225.jpg 300w, https:\/\/www.gemsli.at\/wp-content\/uploads\/2025\/12\/MVIMG_20251208_125007-768x576.jpg 768w, https:\/\/www.gemsli.at\/wp-content\/uploads\/2025\/12\/MVIMG_20251208_125007-1536x1152.jpg 1536w, https:\/\/www.gemsli.at\/wp-content\/uploads\/2025\/12\/MVIMG_20251208_125007-2048x1536.jpg 2048w\" sizes=\"auto, (max-width: 767px) 89vw, (max-width: 1000px) 54vw, (max-width: 1071px) 543px, 580px\" \/><\/figure>\n<\/figure>\n\n\n\n<figure class=\"wp-block-gallery has-nested-images columns-1 is-cropped wp-block-gallery-2 is-layout-flex wp-block-gallery-is-layout-flex\">\n<figure class=\"wp-block-image size-large\"><img loading=\"lazy\" decoding=\"async\" width=\"1024\" height=\"575\" data-id=\"2189\" src=\"https:\/\/www.gemsli.at\/wp-content\/uploads\/2024\/01\/IMG_9653-Kopie-1024x575.jpg\" alt=\"\" class=\"wp-image-2189\" srcset=\"https:\/\/www.gemsli.at\/wp-content\/uploads\/2024\/01\/IMG_9653-Kopie-1024x575.jpg 1024w, https:\/\/www.gemsli.at\/wp-content\/uploads\/2024\/01\/IMG_9653-Kopie-300x169.jpg 300w, https:\/\/www.gemsli.at\/wp-content\/uploads\/2024\/01\/IMG_9653-Kopie-768x431.jpg 768w, https:\/\/www.gemsli.at\/wp-content\/uploads\/2024\/01\/IMG_9653-Kopie-1536x863.jpg 1536w, https:\/\/www.gemsli.at\/wp-content\/uploads\/2024\/01\/IMG_9653-Kopie-2048x1150.jpg 2048w\" sizes=\"auto, (max-width: 767px) 89vw, (max-width: 1000px) 54vw, (max-width: 1071px) 543px, 580px\" \/><\/figure>\n<\/figure>\n\n\n\n<div class=\"wp-block-group\"><div class=\"wp-block-group__inner-container is-layout-flow wp-block-group-is-layout-flow\">\n<figure class=\"wp-block-image size-large\"><img loading=\"lazy\" decoding=\"async\" width=\"1024\" height=\"768\" src=\"https:\/\/www.gemsli.at\/wp-content\/uploads\/2025\/12\/MVIMG_20251208_125247-1-1024x768.jpg\" alt=\"\" class=\"wp-image-2942\" srcset=\"https:\/\/www.gemsli.at\/wp-content\/uploads\/2025\/12\/MVIMG_20251208_125247-1-1024x768.jpg 1024w, https:\/\/www.gemsli.at\/wp-content\/uploads\/2025\/12\/MVIMG_20251208_125247-1-300x225.jpg 300w, https:\/\/www.gemsli.at\/wp-content\/uploads\/2025\/12\/MVIMG_20251208_125247-1-768x576.jpg 768w, https:\/\/www.gemsli.at\/wp-content\/uploads\/2025\/12\/MVIMG_20251208_125247-1-1536x1152.jpg 1536w, https:\/\/www.gemsli.at\/wp-content\/uploads\/2025\/12\/MVIMG_20251208_125247-1-2048x1536.jpg 2048w\" sizes=\"auto, (max-width: 767px) 89vw, (max-width: 1000px) 54vw, (max-width: 1071px) 543px, 580px\" \/><\/figure>\n<\/div><\/div>\n\n\n\n<p><strong>Anforderungen:<\/strong><br>Geeignet f\u00fcr all jene die noch keine oder nur wenig Erfahrung im Schneeschuhwandern mitbringen. Festes wasserdichtes Schuhwerk, warme Sportbekleidung, Tee.<br><br><strong>Ausr\u00fcstung<\/strong>: Schneeschuhe und Wanderst\u00f6cke mit Winterteller \u2013 Alles kannst du nat\u00fcrlich \u00fcber mich ausleihen.<\/p>\n\n\n\n<p><strong>Treffpunkt:<\/strong> Gargellen, wird individuell bei Buchung vereinbart.<br><strong>Dauer:<\/strong> ca. 3 Stunden<br><strong>Preis:<\/strong> \u20ac 79,00 pro Person<br><\/p>\n\n\n\n<div class=\"wp-block-buttons is-layout-flex wp-block-buttons-is-layout-flex\">\n<div class=\"wp-block-button\"><a class=\"wp-block-button__link has-background wp-element-button\" href=\"mailto:alpenerleben@gemsli.at?subject=Schnee_Genuss%20Momente%20\/%20erste%20Schneeschuherlebnisse\" style=\"background-color:#408ebf\" target=\"_blank\" rel=\"noreferrer noopener\">Anfrage\/Anmeldung per E-Mail an \u2018gemsli<\/a><\/div>\n<\/div>\n\n\n\n<p>*) Die angegebenen Preise gelten ab einer Teilnahme von 4 Personen. Ich fu\u0308hre<br>Kleingruppen gerne auf Anfrage.<\/p>\n","protected":false},"excerpt":{"rendered":"<p>Erste Schneeschuherlebnisse Die ersten Schritte auf Schneeschuhen Termine \u2013 individuell auf AnfrageWintersaison Dezember bis AprilEinsteiger:innen Du wolltest schon immer das Schneeschuhwandern ausprobieren? Mach mit mir die ersten Schritte auf Schneeschuhen und erlebe wunderbare Schnee_Genuss Momente. Es erwartet dich eine leichte Genusswanderung auf Schneeschuhen in Gargellen, dem h\u00f6chstgelegenen Ort des Montafon. Wir schnallen unsere Schneeschuhe an &hellip; <\/p>\n<p class=\"link-more\"><a href=\"https:\/\/www.gemsli.at\/index.php\/winterprogramm\/schnee_genuss-momente-fuer-einsteiger\/\" class=\"more-link\">Continue reading<span class=\"screen-reader-text\"> &#8222;Schnee_Genuss Momente&#8220;<\/span><\/a><\/p>\n","protected":false},"author":1,"featured_media":0,"parent":910,"menu_order":0,"comment_status":"closed","ping_status":"closed","template":"","meta":{"footnotes":""},"class_list":["post-2181","page","type-page","status-publish","hentry"],"_links":{"self":[{"href":"https:\/\/www.gemsli.at\/index.php\/wp-json\/wp\/v2\/pages\/2181","targetHints":{"allow":["GET"]}}],"collection":[{"href":"https:\/\/www.gemsli.at\/index.php\/wp-json\/wp\/v2\/pages"}],"about":[{"href":"https:\/\/www.gemsli.at\/index.php\/wp-json\/wp\/v2\/types\/page"}],"author":[{"embeddable":true,"href":"https:\/\/www.gemsli.at\/index.php\/wp-json\/wp\/v2\/users\/1"}],"replies":[{"embeddable":true,"href":"https:\/\/www.gemsli.at\/index.php\/wp-json\/wp\/v2\/comments?post=2181"}],"version-history":[{"count":15,"href":"https:\/\/www.gemsli.at\/index.php\/wp-json\/wp\/v2\/pages\/2181\/revisions"}],"predecessor-version":[{"id":3017,"href":"https:\/\/www.gemsli.at\/index.php\/wp-json\/wp\/v2\/pages\/2181\/revisions\/3017"}],"up":[{"embeddable":true,"href":"https:\/\/www.gemsli.at\/index.php\/wp-json\/wp\/v2\/pages\/910"}],"wp:attachment":[{"href":"https:\/\/www.gemsli.at\/index.php\/wp-json\/wp\/v2\/media?parent=2181"}],"curies":[{"name":"wp","href":"https:\/\/api.w.org\/{rel}","templated":true}]}}