{"id":2117,"date":"2023-12-02T13:43:40","date_gmt":"2023-12-02T12:43:40","guid":{"rendered":"https:\/\/www.gemsli.at\/?page_id=2117"},"modified":"2024-12-06T12:31:33","modified_gmt":"2024-12-06T11:31:33","slug":"natur_vielfalt-tage","status":"publish","type":"page","link":"https:\/\/www.gemsli.at\/index.php\/wanderangebot\/natur_vielfalt-tage\/","title":{"rendered":"Natur_Vielfalt Tage"},"content":{"rendered":"\n<p>Spannend, \u00fcberraschend, beeindruckend<\/p>\n\n\n\n<figure class=\"wp-block-gallery has-nested-images columns-default is-cropped wp-block-gallery-1 is-layout-flex wp-block-gallery-is-layout-flex\">\n<figure class=\"wp-block-image size-large\"><img loading=\"lazy\" decoding=\"async\" width=\"2560\" height=\"1920\" data-id=\"2154\" src=\"https:\/\/www.gemsli.at\/wp-content\/uploads\/2023\/12\/IMG_20230720_085312_low-scaled.jpeg\" alt=\"\" class=\"wp-image-2154\" srcset=\"https:\/\/www.gemsli.at\/wp-content\/uploads\/2023\/12\/IMG_20230720_085312_low-scaled.jpeg 2560w, https:\/\/www.gemsli.at\/wp-content\/uploads\/2023\/12\/IMG_20230720_085312_low-300x225.jpeg 300w, https:\/\/www.gemsli.at\/wp-content\/uploads\/2023\/12\/IMG_20230720_085312_low-1024x768.jpeg 1024w, https:\/\/www.gemsli.at\/wp-content\/uploads\/2023\/12\/IMG_20230720_085312_low-768x576.jpeg 768w, https:\/\/www.gemsli.at\/wp-content\/uploads\/2023\/12\/IMG_20230720_085312_low-1536x1152.jpeg 1536w, https:\/\/www.gemsli.at\/wp-content\/uploads\/2023\/12\/IMG_20230720_085312_low-2048x1536.jpeg 2048w\" sizes=\"auto, (max-width: 767px) 89vw, (max-width: 1000px) 54vw, (max-width: 1071px) 543px, 580px\" \/><\/figure>\n\n\n\n<figure class=\"wp-block-image size-large\"><img loading=\"lazy\" decoding=\"async\" width=\"1920\" height=\"2560\" data-id=\"2146\" src=\"https:\/\/www.gemsli.at\/wp-content\/uploads\/2023\/12\/IMG_20220526_100326_low-scaled.jpeg\" alt=\"\" class=\"wp-image-2146\" srcset=\"https:\/\/www.gemsli.at\/wp-content\/uploads\/2023\/12\/IMG_20220526_100326_low-scaled.jpeg 1920w, https:\/\/www.gemsli.at\/wp-content\/uploads\/2023\/12\/IMG_20220526_100326_low-225x300.jpeg 225w, https:\/\/www.gemsli.at\/wp-content\/uploads\/2023\/12\/IMG_20220526_100326_low-768x1024.jpeg 768w, https:\/\/www.gemsli.at\/wp-content\/uploads\/2023\/12\/IMG_20220526_100326_low-1152x1536.jpeg 1152w, https:\/\/www.gemsli.at\/wp-content\/uploads\/2023\/12\/IMG_20220526_100326_low-1536x2048.jpeg 1536w\" sizes=\"auto, (max-width: 767px) 89vw, (max-width: 1000px) 54vw, (max-width: 1071px) 543px, 580px\" \/><\/figure>\n\n\n\n<figure class=\"wp-block-image size-large\"><img loading=\"lazy\" decoding=\"async\" width=\"2560\" height=\"1920\" data-id=\"2124\" src=\"https:\/\/www.gemsli.at\/wp-content\/uploads\/2023\/12\/IMG_20220505_100458_low-scaled.jpeg\" alt=\"\" class=\"wp-image-2124\" srcset=\"https:\/\/www.gemsli.at\/wp-content\/uploads\/2023\/12\/IMG_20220505_100458_low-scaled.jpeg 2560w, https:\/\/www.gemsli.at\/wp-content\/uploads\/2023\/12\/IMG_20220505_100458_low-300x225.jpeg 300w, https:\/\/www.gemsli.at\/wp-content\/uploads\/2023\/12\/IMG_20220505_100458_low-1024x768.jpeg 1024w, https:\/\/www.gemsli.at\/wp-content\/uploads\/2023\/12\/IMG_20220505_100458_low-768x576.jpeg 768w, https:\/\/www.gemsli.at\/wp-content\/uploads\/2023\/12\/IMG_20220505_100458_low-1536x1152.jpeg 1536w, https:\/\/www.gemsli.at\/wp-content\/uploads\/2023\/12\/IMG_20220505_100458_low-2048x1536.jpeg 2048w\" sizes=\"auto, (max-width: 767px) 89vw, (max-width: 1000px) 54vw, (max-width: 1071px) 543px, 580px\" \/><\/figure>\n<\/figure>\n\n\n\n<h1 class=\"has-text-color wp-block-heading\" style=\"color:#969650\">Augen auf, es gibt so viel Sch\u00f6nes zu entdecken! Erkunde die Geheimnisse der Natur und erlebe die Lebensr\u00e4ume Wasser, Wald, Wiese, Moor, Boden und Gebirge.&nbsp;<\/h1>\n\n\n\n<h2 class=\"wp-block-heading\">F\u00fcr Naturinteressierte geeignet \u2013 insbesondere Kinder, Jugendliche, Familien und Gruppen&nbsp;<\/h2>\n\n\n\n<p>Du bist naturinteressiert, bist gern drau\u00dfen unterwegs und m\u00f6chtest die Natur erforschen? Dann ist ein Natur_Vielfalt Tage genau das Richtige f\u00fcr Dich und\/oder deine Kids.&nbsp;<\/p>\n\n\n\n<div class=\"wp-block-group\"><div class=\"wp-block-group__inner-container is-layout-flow wp-block-group-is-layout-flow\">\n<figure class=\"wp-block-gallery has-nested-images columns-default is-cropped wp-block-gallery-2 is-layout-flex wp-block-gallery-is-layout-flex\">\n<figure class=\"wp-block-image size-large\"><img loading=\"lazy\" decoding=\"async\" width=\"1920\" height=\"2560\" data-id=\"2123\" src=\"https:\/\/www.gemsli.at\/wp-content\/uploads\/2023\/12\/IMG_20220505_100309_low-scaled.jpeg\" alt=\"\" class=\"wp-image-2123\" srcset=\"https:\/\/www.gemsli.at\/wp-content\/uploads\/2023\/12\/IMG_20220505_100309_low-scaled.jpeg 1920w, https:\/\/www.gemsli.at\/wp-content\/uploads\/2023\/12\/IMG_20220505_100309_low-225x300.jpeg 225w, https:\/\/www.gemsli.at\/wp-content\/uploads\/2023\/12\/IMG_20220505_100309_low-768x1024.jpeg 768w, https:\/\/www.gemsli.at\/wp-content\/uploads\/2023\/12\/IMG_20220505_100309_low-1152x1536.jpeg 1152w, https:\/\/www.gemsli.at\/wp-content\/uploads\/2023\/12\/IMG_20220505_100309_low-1536x2048.jpeg 1536w\" sizes=\"auto, (max-width: 767px) 89vw, (max-width: 1000px) 54vw, (max-width: 1071px) 543px, 580px\" \/><\/figure>\n\n\n\n<figure class=\"wp-block-image size-large\"><img loading=\"lazy\" decoding=\"async\" width=\"1200\" height=\"1600\" data-id=\"2158\" src=\"https:\/\/www.gemsli.at\/wp-content\/uploads\/2023\/12\/IMG-20231009-WA0089.jpg\" alt=\"\" class=\"wp-image-2158\" srcset=\"https:\/\/www.gemsli.at\/wp-content\/uploads\/2023\/12\/IMG-20231009-WA0089.jpg 1200w, https:\/\/www.gemsli.at\/wp-content\/uploads\/2023\/12\/IMG-20231009-WA0089-225x300.jpg 225w, https:\/\/www.gemsli.at\/wp-content\/uploads\/2023\/12\/IMG-20231009-WA0089-768x1024.jpg 768w, https:\/\/www.gemsli.at\/wp-content\/uploads\/2023\/12\/IMG-20231009-WA0089-1152x1536.jpg 1152w\" sizes=\"auto, (max-width: 767px) 89vw, (max-width: 1000px) 54vw, (max-width: 1071px) 543px, 580px\" \/><\/figure>\n\n\n\n<figure class=\"wp-block-image size-large\"><img loading=\"lazy\" decoding=\"async\" width=\"1920\" height=\"2560\" data-id=\"2149\" src=\"https:\/\/www.gemsli.at\/wp-content\/uploads\/2023\/12\/IMG_20230621_091401_low-scaled.jpeg\" alt=\"\" class=\"wp-image-2149\" srcset=\"https:\/\/www.gemsli.at\/wp-content\/uploads\/2023\/12\/IMG_20230621_091401_low-scaled.jpeg 1920w, https:\/\/www.gemsli.at\/wp-content\/uploads\/2023\/12\/IMG_20230621_091401_low-225x300.jpeg 225w, https:\/\/www.gemsli.at\/wp-content\/uploads\/2023\/12\/IMG_20230621_091401_low-768x1024.jpeg 768w, https:\/\/www.gemsli.at\/wp-content\/uploads\/2023\/12\/IMG_20230621_091401_low-1152x1536.jpeg 1152w, https:\/\/www.gemsli.at\/wp-content\/uploads\/2023\/12\/IMG_20230621_091401_low-1536x2048.jpeg 1536w\" sizes=\"auto, (max-width: 767px) 89vw, (max-width: 1000px) 54vw, (max-width: 1071px) 543px, 580px\" \/><\/figure>\n\n\n\n<figure class=\"wp-block-image size-large\"><img loading=\"lazy\" decoding=\"async\" width=\"768\" height=\"1024\" data-id=\"2156\" src=\"https:\/\/www.gemsli.at\/wp-content\/uploads\/2023\/12\/IMG-20230928-WA0015.jpg\" alt=\"\" class=\"wp-image-2156\" srcset=\"https:\/\/www.gemsli.at\/wp-content\/uploads\/2023\/12\/IMG-20230928-WA0015.jpg 768w, https:\/\/www.gemsli.at\/wp-content\/uploads\/2023\/12\/IMG-20230928-WA0015-225x300.jpg 225w\" sizes=\"auto, (max-width: 767px) 89vw, (max-width: 1000px) 54vw, (max-width: 1071px) 543px, 580px\" \/><\/figure>\n\n\n\n<figure class=\"wp-block-image size-large\"><img loading=\"lazy\" decoding=\"async\" width=\"1920\" height=\"2560\" data-id=\"2148\" src=\"https:\/\/www.gemsli.at\/wp-content\/uploads\/2023\/12\/IMG_20230530_155046_low-scaled.jpeg\" alt=\"\" class=\"wp-image-2148\" srcset=\"https:\/\/www.gemsli.at\/wp-content\/uploads\/2023\/12\/IMG_20230530_155046_low-scaled.jpeg 1920w, https:\/\/www.gemsli.at\/wp-content\/uploads\/2023\/12\/IMG_20230530_155046_low-225x300.jpeg 225w, https:\/\/www.gemsli.at\/wp-content\/uploads\/2023\/12\/IMG_20230530_155046_low-768x1024.jpeg 768w, https:\/\/www.gemsli.at\/wp-content\/uploads\/2023\/12\/IMG_20230530_155046_low-1152x1536.jpeg 1152w, https:\/\/www.gemsli.at\/wp-content\/uploads\/2023\/12\/IMG_20230530_155046_low-1536x2048.jpeg 1536w\" sizes=\"auto, (max-width: 767px) 89vw, (max-width: 1000px) 54vw, (max-width: 1071px) 543px, 580px\" \/><\/figure>\n\n\n\n<figure class=\"wp-block-image size-large\"><img loading=\"lazy\" decoding=\"async\" width=\"1024\" height=\"768\" data-id=\"2157\" src=\"https:\/\/www.gemsli.at\/wp-content\/uploads\/2023\/12\/IMG-20230928-WA0022.jpg\" alt=\"\" class=\"wp-image-2157\" srcset=\"https:\/\/www.gemsli.at\/wp-content\/uploads\/2023\/12\/IMG-20230928-WA0022.jpg 1024w, https:\/\/www.gemsli.at\/wp-content\/uploads\/2023\/12\/IMG-20230928-WA0022-300x225.jpg 300w, https:\/\/www.gemsli.at\/wp-content\/uploads\/2023\/12\/IMG-20230928-WA0022-768x576.jpg 768w\" sizes=\"auto, (max-width: 767px) 89vw, (max-width: 1000px) 54vw, (max-width: 1071px) 543px, 580px\" \/><\/figure>\n<\/figure>\n<\/div><\/div>\n\n\n\n<p>Du gehst mit mir in die Natur und lernst auf spielerische Art und Weise die Lebensr\u00e4ume kennen und schlie\u00dft Freundschaft mit ihren Bewohnern. Abenteuer, Wissen, Bewegung und vor allem viel Spa\u00df in der Natur sind garantiert!&nbsp;<\/p>\n\n\n\n<p>Ein idealer Outdoortag f\u00fcr Gro\u00df und Klein, um mit allen Sinnen die Natur zu entdecken.&nbsp;<br>Wir sind ca. 3 &#8211; 4 Stunden unterwegs und haben ausreichend Zeit, um in aller Ruhe Naturerfahrungen zu sammeln.<\/p>\n\n\n\n<figure class=\"wp-block-gallery has-nested-images columns-default is-cropped wp-block-gallery-3 is-layout-flex wp-block-gallery-is-layout-flex\">\n<figure class=\"wp-block-image size-large\"><img loading=\"lazy\" decoding=\"async\" width=\"1024\" height=\"682\" data-id=\"2743\" src=\"https:\/\/www.gemsli.at\/wp-content\/uploads\/2024\/12\/Podcast-BTS-c-Marie-Rudigier-36-1024x682.jpg\" alt=\"\" class=\"wp-image-2743\" srcset=\"https:\/\/www.gemsli.at\/wp-content\/uploads\/2024\/12\/Podcast-BTS-c-Marie-Rudigier-36-1024x682.jpg 1024w, https:\/\/www.gemsli.at\/wp-content\/uploads\/2024\/12\/Podcast-BTS-c-Marie-Rudigier-36-300x200.jpg 300w, https:\/\/www.gemsli.at\/wp-content\/uploads\/2024\/12\/Podcast-BTS-c-Marie-Rudigier-36-768x512.jpg 768w, https:\/\/www.gemsli.at\/wp-content\/uploads\/2024\/12\/Podcast-BTS-c-Marie-Rudigier-36-1536x1024.jpg 1536w, https:\/\/www.gemsli.at\/wp-content\/uploads\/2024\/12\/Podcast-BTS-c-Marie-Rudigier-36.jpg 2000w\" sizes=\"auto, (max-width: 767px) 89vw, (max-width: 1000px) 54vw, (max-width: 1071px) 543px, 580px\" \/><\/figure>\n\n\n\n<figure class=\"wp-block-image size-large\"><img loading=\"lazy\" decoding=\"async\" width=\"1920\" height=\"2560\" data-id=\"2152\" src=\"https:\/\/www.gemsli.at\/wp-content\/uploads\/2023\/12\/IMG_20230621_121312_low-scaled.jpeg\" alt=\"\" class=\"wp-image-2152\" srcset=\"https:\/\/www.gemsli.at\/wp-content\/uploads\/2023\/12\/IMG_20230621_121312_low-scaled.jpeg 1920w, https:\/\/www.gemsli.at\/wp-content\/uploads\/2023\/12\/IMG_20230621_121312_low-225x300.jpeg 225w, https:\/\/www.gemsli.at\/wp-content\/uploads\/2023\/12\/IMG_20230621_121312_low-768x1024.jpeg 768w, https:\/\/www.gemsli.at\/wp-content\/uploads\/2023\/12\/IMG_20230621_121312_low-1152x1536.jpeg 1152w, https:\/\/www.gemsli.at\/wp-content\/uploads\/2023\/12\/IMG_20230621_121312_low-1536x2048.jpeg 1536w\" sizes=\"auto, (max-width: 767px) 89vw, (max-width: 1000px) 54vw, (max-width: 1071px) 543px, 580px\" \/><\/figure>\n<\/figure>\n\n\n\n<p>Gerne offeriere ich auch eine Jause mit hausgemachter Kr\u00e4uterbutter, selbstgebackenem Brot und einer s\u00fc\u00dfen \u00dcberraschung. &nbsp;<\/p>\n\n\n\n<p>Natur_Vielfalt Tage sind f\u00fcr Jung und Alt geeignet. &nbsp;<br>Ob Kinder, Gro\u00dfeltern, Familien, Paare oder Gruppen \u2013 alle sind herzlich willkommen.<\/p>\n\n\n\n<p><strong>Treffpunkt<\/strong>: wird individuell vereinbart <br><strong>Dauer: <\/strong> 3-4 Stunden<br><strong>Preis: <\/strong> \u20ac 49  pro Person*<\/p>\n\n\n\n<p>Anmeldung auf Anfrage<\/p>\n\n\n\n<p>*) Die angegebenen Preise gelten ab einer Teilnahme von 4-6 Personen. Ich fu\u0308hre Kleingruppen gerne auf Anfrage.<br>Gruppenrabatt f\u00fcr gr\u00f6\u00dfere Gruppen (Schulklassen, Geburtstage, &#8230;) auf Anfrage. <\/p>\n\n\n\n<div class=\"wp-block-buttons is-layout-flex wp-block-buttons-is-layout-flex\">\n<div class=\"wp-block-button is-style-fill\"><a class=\"wp-block-button__link has-white-color has-text-color has-background\" href=\"mailto:alpenerleben@gemsli.at\" style=\"background-color:#969650\">Anfrage\/Anmeldung per E-Mail an &#8218;gemsli<\/a><\/div>\n<\/div>\n\n\n\n<h1 class=\"has-text-color wp-block-heading\" style=\"color:#969650\">Wanderkategorien f\u00fcr jeden Geschmack<\/h1>\n\n\n\n<p><strong><a href=\"https:\/\/www.gemsli.at\/index.php\/wanderangebot\/alpen_blick-wanderungen\/\">Alpen_Blick Wanderungen<\/a><\/strong><br>Lasst uns gemeinsam die Vielfalt und Sch\u00f6nheit der Alpen erwandern! Entdeckt Orte zum Genie\u00dfen, Staunen und Kr\u00e4fte tanken.<\/p>\n\n\n\n<p><strong><a rel=\"noreferrer noopener\" href=\"https:\/\/www.gemsli.at\/index.php\/wanderangebot\/gipfel_buch-erlebnisse\/\" target=\"_blank\">Gipfel_Buch Erlebnisse<\/a><\/strong><br>Gipfel erwandern und unbeschreibliches Gipfelgl\u00fcck genie\u00dfen!<\/p>\n\n\n\n<p><strong><a rel=\"noreferrer noopener\" href=\"https:\/\/www.gemsli.at\/index.php\/wanderangebot\/gemsli_marsch-touren\/\" target=\"_blank\">Gemsli_Marsch Touren<\/a><\/strong><br>Von H\u00fctte zu H\u00fctte wandern, Kilometer und H\u00f6henmeter sammeln \u2013 das ist unvergessliches Alpenerleben pur!<\/p>\n\n\n\n<p><strong><a href=\"https:\/\/www.gemsli.at\/index.php\/wanderangebot\/schnee_genuss-momente\/\">Schnee_Genuss Momente<\/a><\/strong><br>Die glitzernden Schneekristalle auf der sanften wei\u00dfen Schneepracht wecken Freude in jedermanns Herzen.<\/p>\n\n\n\n<p><strong>Natur_Vielfalt Tage<\/strong><br>Gro\u00df und Klein, Jung und Alt, erwecken Neugier und erforschen das Naturerlebnis mit allen Sinnen.<\/p>\n\n\n\n<div class=\"wp-block-buttons is-layout-flex wp-block-buttons-is-layout-flex\">\n<div class=\"wp-block-button is-style-fill\"><a class=\"wp-block-button__link has-background\" href=\"https:\/\/www.gemsli.at\/index.php\/kontakt\/\" style=\"background-color:#969650\">Individuelle Wanderangebote auf Anfrage<\/a><\/div>\n<\/div>\n","protected":false},"excerpt":{"rendered":"<p>Spannend, \u00fcberraschend, beeindruckend Augen auf, es gibt so viel Sch\u00f6nes zu entdecken! Erkunde die Geheimnisse der Natur und erlebe die Lebensr\u00e4ume Wasser, Wald, Wiese, Moor, Boden und Gebirge.&nbsp; F\u00fcr Naturinteressierte geeignet \u2013 insbesondere Kinder, Jugendliche, Familien und Gruppen&nbsp; Du bist naturinteressiert, bist gern drau\u00dfen unterwegs und m\u00f6chtest die Natur erforschen? Dann ist ein Natur_Vielfalt Tage &hellip; <\/p>\n<p class=\"link-more\"><a href=\"https:\/\/www.gemsli.at\/index.php\/wanderangebot\/natur_vielfalt-tage\/\" class=\"more-link\">Continue reading<span class=\"screen-reader-text\"> &#8222;Natur_Vielfalt Tage&#8220;<\/span><\/a><\/p>\n","protected":false},"author":1,"featured_media":2122,"parent":128,"menu_order":5,"comment_status":"closed","ping_status":"closed","template":"","meta":{"footnotes":""},"class_list":["post-2117","page","type-page","status-publish","has-post-thumbnail","hentry"],"_links":{"self":[{"href":"https:\/\/www.gemsli.at\/index.php\/wp-json\/wp\/v2\/pages\/2117","targetHints":{"allow":["GET"]}}],"collection":[{"href":"https:\/\/www.gemsli.at\/index.php\/wp-json\/wp\/v2\/pages"}],"about":[{"href":"https:\/\/www.gemsli.at\/index.php\/wp-json\/wp\/v2\/types\/page"}],"author":[{"embeddable":true,"href":"https:\/\/www.gemsli.at\/index.php\/wp-json\/wp\/v2\/users\/1"}],"replies":[{"embeddable":true,"href":"https:\/\/www.gemsli.at\/index.php\/wp-json\/wp\/v2\/comments?post=2117"}],"version-history":[{"count":16,"href":"https:\/\/www.gemsli.at\/index.php\/wp-json\/wp\/v2\/pages\/2117\/revisions"}],"predecessor-version":[{"id":2794,"href":"https:\/\/www.gemsli.at\/index.php\/wp-json\/wp\/v2\/pages\/2117\/revisions\/2794"}],"up":[{"embeddable":true,"href":"https:\/\/www.gemsli.at\/index.php\/wp-json\/wp\/v2\/pages\/128"}],"wp:featuredmedia":[{"embeddable":true,"href":"https:\/\/www.gemsli.at\/index.php\/wp-json\/wp\/v2\/media\/2122"}],"wp:attachment":[{"href":"https:\/\/www.gemsli.at\/index.php\/wp-json\/wp\/v2\/media?parent=2117"}],"curies":[{"name":"wp","href":"https:\/\/api.w.org\/{rel}","templated":true}]}}