{"id":2046,"date":"2023-08-31T20:57:25","date_gmt":"2023-08-31T18:57:25","guid":{"rendered":"https:\/\/www.gemsli.at\/?page_id=2046"},"modified":"2025-12-13T22:36:38","modified_gmt":"2025-12-13T21:36:38","slug":"gemsli_marsch-huttentour-durch-die-slowakische-hohe-tatra","status":"publish","type":"page","link":"https:\/\/www.gemsli.at\/index.php\/sommerprogramm\/gemsli_marsch-huttentour-durch-die-slowakische-hohe-tatra\/","title":{"rendered":"Gemsli_Marsch H\u00fcttentour: 7-t\u00e4gig &#8222;Hohe Tatra&#8220;"},"content":{"rendered":"\n<h2 class=\"wp-block-heading\">Durch urw\u00fcchsige Landschaften der slowakischen &#8222;Hohen Tatra&#8220; &#8211; eine 1-w\u00f6chige H\u00fcttentour im kleinsten Hochgebirge Europas<\/h2>\n\n\n\n<p><strong>Termin:  <\/strong>individuell auf Anfrage<br>Wandersaison Juli bis September<br><em>Fortgeschrittene<\/em><\/p>\n\n\n\n<p>Du hast Wandererfahrung, warst schon auf H\u00fcttentour und bist bereit f\u00fcr ein internationales Erlebnis? Dann komm mit!<\/p>\n\n\n\n<p>Es erwartet dich ein sehr eindrucksvoller und landschaftlich atemberaubende Teilabschnitt der slowakischen Hohen Tatra.<br><br>Bei dieser gef\u00fchrten Mehrtagestour entdeckst du mit deiner Natur- und Wanderf\u00fchrerin herrlichen Blumen wie z.B. das Alpenedelwei\u00df, wanderst an den h\u00f6chsten Gipfeln der Slowakei vorbei und triffst auf wundersch\u00f6ne charakteristische Bergseen. Auch sehr seltene Tiere haben in der Hohen Tatra ihre Heimat: Steinadler, Braunb\u00e4r, Tatragebirgsgemse oder Tatramurmeltier.<\/p>\n\n\n\n<figure class=\"wp-block-gallery has-nested-images columns-default is-cropped wp-block-gallery-1 is-layout-flex wp-block-gallery-is-layout-flex\">\n<figure class=\"wp-block-image size-large\"><img loading=\"lazy\" decoding=\"async\" width=\"2560\" height=\"1707\" data-id=\"2109\" src=\"https:\/\/www.gemsli.at\/wp-content\/uploads\/2023\/12\/Heli-04070_c_Helmut-Duering_low-scaled.jpeg\" alt=\"\" class=\"wp-image-2109\" srcset=\"https:\/\/www.gemsli.at\/wp-content\/uploads\/2023\/12\/Heli-04070_c_Helmut-Duering_low-scaled.jpeg 2560w, https:\/\/www.gemsli.at\/wp-content\/uploads\/2023\/12\/Heli-04070_c_Helmut-Duering_low-300x200.jpeg 300w, https:\/\/www.gemsli.at\/wp-content\/uploads\/2023\/12\/Heli-04070_c_Helmut-Duering_low-1024x683.jpeg 1024w, https:\/\/www.gemsli.at\/wp-content\/uploads\/2023\/12\/Heli-04070_c_Helmut-Duering_low-768x512.jpeg 768w, https:\/\/www.gemsli.at\/wp-content\/uploads\/2023\/12\/Heli-04070_c_Helmut-Duering_low-1536x1024.jpeg 1536w, https:\/\/www.gemsli.at\/wp-content\/uploads\/2023\/12\/Heli-04070_c_Helmut-Duering_low-2048x1365.jpeg 2048w\" sizes=\"auto, (max-width: 767px) 89vw, (max-width: 1000px) 54vw, (max-width: 1071px) 543px, 580px\" \/><\/figure>\n\n\n\n<figure class=\"wp-block-image size-large\"><img loading=\"lazy\" decoding=\"async\" width=\"1920\" height=\"2560\" data-id=\"2098\" src=\"https:\/\/www.gemsli.at\/wp-content\/uploads\/2023\/12\/IMG_20230921_155600-scaled.jpg\" alt=\"\" class=\"wp-image-2098\" srcset=\"https:\/\/www.gemsli.at\/wp-content\/uploads\/2023\/12\/IMG_20230921_155600-scaled.jpg 1920w, https:\/\/www.gemsli.at\/wp-content\/uploads\/2023\/12\/IMG_20230921_155600-225x300.jpg 225w, https:\/\/www.gemsli.at\/wp-content\/uploads\/2023\/12\/IMG_20230921_155600-768x1024.jpg 768w, https:\/\/www.gemsli.at\/wp-content\/uploads\/2023\/12\/IMG_20230921_155600-1152x1536.jpg 1152w, https:\/\/www.gemsli.at\/wp-content\/uploads\/2023\/12\/IMG_20230921_155600-1536x2048.jpg 1536w\" sizes=\"auto, (max-width: 767px) 89vw, (max-width: 1000px) 54vw, (max-width: 1071px) 543px, 580px\" \/><\/figure>\n\n\n\n<figure class=\"wp-block-image size-large\"><img loading=\"lazy\" decoding=\"async\" width=\"2560\" height=\"1707\" data-id=\"2108\" src=\"https:\/\/www.gemsli.at\/wp-content\/uploads\/2023\/12\/Heli-04063-2_c_Helmut-Dueringer_low-scaled.jpeg\" alt=\"\" class=\"wp-image-2108\" srcset=\"https:\/\/www.gemsli.at\/wp-content\/uploads\/2023\/12\/Heli-04063-2_c_Helmut-Dueringer_low-scaled.jpeg 2560w, https:\/\/www.gemsli.at\/wp-content\/uploads\/2023\/12\/Heli-04063-2_c_Helmut-Dueringer_low-300x200.jpeg 300w, https:\/\/www.gemsli.at\/wp-content\/uploads\/2023\/12\/Heli-04063-2_c_Helmut-Dueringer_low-1024x683.jpeg 1024w, https:\/\/www.gemsli.at\/wp-content\/uploads\/2023\/12\/Heli-04063-2_c_Helmut-Dueringer_low-768x512.jpeg 768w, https:\/\/www.gemsli.at\/wp-content\/uploads\/2023\/12\/Heli-04063-2_c_Helmut-Dueringer_low-1536x1024.jpeg 1536w, https:\/\/www.gemsli.at\/wp-content\/uploads\/2023\/12\/Heli-04063-2_c_Helmut-Dueringer_low-2048x1365.jpeg 2048w\" sizes=\"auto, (max-width: 767px) 89vw, (max-width: 1000px) 54vw, (max-width: 1071px) 543px, 580px\" \/><\/figure>\n<\/figure>\n\n\n\n<h2 class=\"wp-block-heading\">Programm*<\/h2>\n\n\n\n<p><strong>Tag 1<\/strong><br>Anreise von Bludenz nach Poprad<\/p>\n\n\n\n<p><strong>Tag 2<\/strong><br>Vysok\u00e9 Tatry \u2013 Ke\u017emarsk\u00e9 \u2013 Plesnivec &#8211; B\u00fdval\u00e1 Ke\u017emarsk\u00e1<strong> &#8211; <\/strong>Chata pri Zelenom plese<br>12 km, 4,5 h reine Gehzeit, 700 hm Aufstieg, 130 hm Abstieg \u2013 ca. 6 h Gesamtzeit<\/p>\n\n\n\n<p><strong>Tag 3<\/strong><br>Chata pri Zelenom plese &#8211; Sedlo pod Svi\u0161\u0165ovkou &#8211; Skalnat\u00e1 chata &#8211; Zamkovsk\u00e9ho Chata &#8211; Teryho chata<br>12 km, 5,5 h reine Gehzeit, 1050 hm Aufstieg, 600 hm Abstieg \u2013 ca. 7 h Gesamtzeit<\/p>\n\n\n\n<p><strong>Tag 4<\/strong><br>Teryho chata &#8211; Rainerova chata &#8211; Sliezsky Dom<br>12 km, 5 h reine Gehzeit, 510 hm Aufstieg, 840 hm Abstieg \u2013 ca. 6,5 h Gesamtzeit<\/p>\n\n\n\n<p><strong>Tag 5<\/strong><br>Sliezsky Dom &#8211; Batizovsk\u00e9 pleso &#8211; Sedlo pod Ostrvou &#8211; Horsk\u00fd Hotel &#8211; Chata pod Rysmi<br>15 km, 6,5 h reine Gehzeit, 1200 hm Aufstieg, 590 hm Abstieg \u2013 ca. 8 h Gesamtzeit<\/p>\n\n\n\n<p><strong>Tag 6<\/strong><br>Chata pod Rysmi &#8211; Popradsk\u00e9 pleso &#8211; \u0160trbsk\u00e9 Pleso<br>10 km, 3 h 10 Gehzeit, 80 hm Aufstieg, 1000 hm Abstieg \u2013 ca. 4 h Gesamtzeit<\/p>\n\n\n\n<p>Im Anschluss R\u00fcckreise \u00fcber Poprad nach Bludenz (R\u00fcckfahrt 16:25 Uhr ab Poprad, 2 x umsteigen)<\/p>\n\n\n\n<p><strong>Tag 7<\/strong><br>R\u00fcckkehr nach Bludenz um ca. 7:30 Uhr<\/p>\n\n\n\n<p>* bei Schlechtwetter kann die Tour abge\u00e4ndert werden<br><\/p>\n\n\n\n<p><strong>Preis:<\/strong>   \u20ac 699,00 pro Person** <br>bei ausgebuchter Tour mit 6 TeilnehmerInnen.<\/p>\n\n\n\n<h2 class=\"wp-block-heading\">Teilnahme Voraussetzungen<\/h2>\n\n\n\n<p>Sehr gute Grundkondition und Trittsicherheit!<br>Mittelschweres hochalpines Gel\u00e4nde mit steileren und l\u00e4ngeren Auf- und Abstiegen, schmale Wege durchsetzt mit Wurzeln, Steinen und Blockgel\u00e4nde.<\/p>\n\n\n\n<p><strong>Inkludierte Leistungen:<\/strong><br>F\u00fchrung durch staatlich gepr\u00fcfte internationale Wander- und Naturf\u00fchrerin<strong><br><\/strong>Komplette Organisation<strong><br><\/strong>Pers\u00f6nliche Beratung im Vorfeld<\/p>\n\n\n\n<p><strong>Zusatzkosten:<\/strong><br>Kosten f\u00fcr An- und Abreise, \u00dcbernachtung und Halbpension auf der H\u00fctte, Verpflegung untertags und Bus<\/p>\n\n\n\n<p><strong>Treffpunkt nach Voranmeldung und Buchung:<\/strong><br>Am 1. Tag 07:10 Uhr Bahnhof Bludenz; <br>Zug Abfahrt 7:30 Uhr Bludenz, Ankunft Poprad 20:00 Uhr<\/p>\n\n\n\n<p><strong>Unterkunft:<\/strong><br>6 \u00dcbernachtungen in Gasth\u00e4usern oder H\u00fctten (Penzion atrium, Chata pri Zelenom plese, Teryho chata, Sliezsky Dom, Chata pod Rysmi) mit Halbpension (in Doppelzimmer, Mehrbettzimmer bzw. Lager; je nach Verf\u00fcgbarkeit)<\/p>\n\n\n\n<p><strong>R\u00fcckfahrt:<\/strong><br>Am vorletzten Tag um 16:25 Uhr ab Poprad, Ankunft in Bludenz am n\u00e4chsten Morgen um 7:25 Uhr<\/p>\n\n\n\n<div class=\"wp-block-buttons is-layout-flex wp-block-buttons-is-layout-flex\">\n<div class=\"wp-block-button is-style-fill\"><a class=\"wp-block-button__link has-white-color has-text-color has-background\" href=\"mailto:alpenerleben@gemsli.at\" style=\"background-color:#969650\" target=\"_blank\" rel=\"noreferrer noopener\">Anfrage\/Anmeldung per E-Mail an &#8218;gemsli<\/a><\/div>\n<\/div>\n\n\n\n<p><br>**) Die angegebenen Preise gelten ab einer Teilnahme von 6 Personen zzgl. Reisekosten, Hu\u0308ttenu\u0308bernachtung, Verpflegung und Bustransfer. <\/p>\n\n\n\n<p><br>Ich fu\u0308hre Kleingruppen gerne auf Anfrage.<\/p>\n","protected":false},"excerpt":{"rendered":"<p>Durch urw\u00fcchsige Landschaften der slowakischen &#8222;Hohen Tatra&#8220; &#8211; eine 1-w\u00f6chige H\u00fcttentour im kleinsten Hochgebirge Europas Termin: individuell auf AnfrageWandersaison Juli bis SeptemberFortgeschrittene Du hast Wandererfahrung, warst schon auf H\u00fcttentour und bist bereit f\u00fcr ein internationales Erlebnis? Dann komm mit! Es erwartet dich ein sehr eindrucksvoller und landschaftlich atemberaubende Teilabschnitt der slowakischen Hohen Tatra. Bei dieser &hellip; <\/p>\n<p class=\"link-more\"><a href=\"https:\/\/www.gemsli.at\/index.php\/sommerprogramm\/gemsli_marsch-huttentour-durch-die-slowakische-hohe-tatra\/\" class=\"more-link\">Continue reading<span class=\"screen-reader-text\"> &#8222;Gemsli_Marsch H\u00fcttentour: 7-t\u00e4gig &#8222;Hohe Tatra&#8220;&#8220;<\/span><\/a><\/p>\n","protected":false},"author":1,"featured_media":2109,"parent":736,"menu_order":0,"comment_status":"closed","ping_status":"closed","template":"","meta":{"footnotes":""},"class_list":["post-2046","page","type-page","status-publish","has-post-thumbnail","hentry"],"_links":{"self":[{"href":"https:\/\/www.gemsli.at\/index.php\/wp-json\/wp\/v2\/pages\/2046","targetHints":{"allow":["GET"]}}],"collection":[{"href":"https:\/\/www.gemsli.at\/index.php\/wp-json\/wp\/v2\/pages"}],"about":[{"href":"https:\/\/www.gemsli.at\/index.php\/wp-json\/wp\/v2\/types\/page"}],"author":[{"embeddable":true,"href":"https:\/\/www.gemsli.at\/index.php\/wp-json\/wp\/v2\/users\/1"}],"replies":[{"embeddable":true,"href":"https:\/\/www.gemsli.at\/index.php\/wp-json\/wp\/v2\/comments?post=2046"}],"version-history":[{"count":31,"href":"https:\/\/www.gemsli.at\/index.php\/wp-json\/wp\/v2\/pages\/2046\/revisions"}],"predecessor-version":[{"id":3000,"href":"https:\/\/www.gemsli.at\/index.php\/wp-json\/wp\/v2\/pages\/2046\/revisions\/3000"}],"up":[{"embeddable":true,"href":"https:\/\/www.gemsli.at\/index.php\/wp-json\/wp\/v2\/pages\/736"}],"wp:featuredmedia":[{"embeddable":true,"href":"https:\/\/www.gemsli.at\/index.php\/wp-json\/wp\/v2\/media\/2109"}],"wp:attachment":[{"href":"https:\/\/www.gemsli.at\/index.php\/wp-json\/wp\/v2\/media?parent=2046"}],"curies":[{"name":"wp","href":"https:\/\/api.w.org\/{rel}","templated":true}]}}