{"id":1765,"date":"2022-07-16T14:50:32","date_gmt":"2022-07-16T12:50:32","guid":{"rendered":"https:\/\/www.gemsli.at\/?page_id=1765"},"modified":"2025-12-13T20:49:07","modified_gmt":"2025-12-13T19:49:07","slug":"gipfel_buch-verwall-fellimaennle","status":"publish","type":"page","link":"https:\/\/www.gemsli.at\/index.php\/sommerprogramm\/gipfel_buch-verwall-fellimaennle\/","title":{"rendered":"Gipfel_Buch Verwall: Fellim\u00e4nnle"},"content":{"rendered":"\n<h2 class=\"wp-block-heading\">Ein ganz besonderes Naturjuwel<\/h2>\n\n\n\n<p><strong>Individuelle Termine auf Anfrage<\/strong><br>Wandersaison Ende Juni bis Ende September<br><em>f\u00fcr Fortgeschrittene<\/em><br>\u00a0<br>Diese einsame Wanderung f\u00fchrt vom Genie\u00dferberg Kristberg vorbei am wildromantischen Hochmoor Wildried zur eindrucksvoll gelegenen Alpe Gretsch und weiter <strong>in das gr\u00f6\u00dfte Natura2000 Gebiet Vorarlbergs: Das Verwall.<\/strong><\/p>\n\n\n\n<div class=\"wp-block-columns is-layout-flex wp-container-core-columns-is-layout-9d6595d7 wp-block-columns-is-layout-flex\">\n<div class=\"wp-block-column is-layout-flow wp-block-column-is-layout-flow\" style=\"flex-basis:100%\">\n<div class=\"wp-block-group\"><div class=\"wp-block-group__inner-container is-layout-flow wp-block-group-is-layout-flow\">\n<figure class=\"wp-block-gallery has-nested-images columns-1 is-cropped wp-block-gallery-1 is-layout-flex wp-block-gallery-is-layout-flex\">\n<figure class=\"wp-block-image size-large\"><img loading=\"lazy\" decoding=\"async\" width=\"1024\" height=\"575\" data-id=\"1792\" src=\"https:\/\/www.gemsli.at\/wp-content\/uploads\/2022\/07\/gemsli-Gipfel_Buch-Fellima\u0308nnle_03-1024x575.jpg\" alt=\"\" class=\"wp-image-1792\" srcset=\"https:\/\/www.gemsli.at\/wp-content\/uploads\/2022\/07\/gemsli-Gipfel_Buch-Fellima\u0308nnle_03-1024x575.jpg 1024w, https:\/\/www.gemsli.at\/wp-content\/uploads\/2022\/07\/gemsli-Gipfel_Buch-Fellima\u0308nnle_03-300x169.jpg 300w, https:\/\/www.gemsli.at\/wp-content\/uploads\/2022\/07\/gemsli-Gipfel_Buch-Fellima\u0308nnle_03-768x431.jpg 768w, https:\/\/www.gemsli.at\/wp-content\/uploads\/2022\/07\/gemsli-Gipfel_Buch-Fellima\u0308nnle_03.jpg 1280w\" sizes=\"auto, (max-width: 767px) 89vw, (max-width: 1000px) 54vw, (max-width: 1071px) 543px, 580px\" \/><\/figure>\n\n\n\n<figure class=\"wp-block-image size-large\"><img loading=\"lazy\" decoding=\"async\" width=\"1024\" height=\"575\" data-id=\"1807\" src=\"https:\/\/www.gemsli.at\/wp-content\/uploads\/2022\/07\/gemsli-Gipfel_Buch-Fellima\u0308nnle_06-1024x575.jpg\" alt=\"\" class=\"wp-image-1807\" srcset=\"https:\/\/www.gemsli.at\/wp-content\/uploads\/2022\/07\/gemsli-Gipfel_Buch-Fellima\u0308nnle_06-1024x575.jpg 1024w, https:\/\/www.gemsli.at\/wp-content\/uploads\/2022\/07\/gemsli-Gipfel_Buch-Fellima\u0308nnle_06-300x168.jpg 300w, https:\/\/www.gemsli.at\/wp-content\/uploads\/2022\/07\/gemsli-Gipfel_Buch-Fellima\u0308nnle_06-768x431.jpg 768w, https:\/\/www.gemsli.at\/wp-content\/uploads\/2022\/07\/gemsli-Gipfel_Buch-Fellima\u0308nnle_06-1536x863.jpg 1536w, https:\/\/www.gemsli.at\/wp-content\/uploads\/2022\/07\/gemsli-Gipfel_Buch-Fellima\u0308nnle_06-2048x1150.jpg 2048w\" sizes=\"auto, (max-width: 767px) 89vw, (max-width: 1000px) 54vw, (max-width: 1071px) 543px, 580px\" \/><\/figure>\n\n\n\n<figure class=\"wp-block-image size-large\"><img loading=\"lazy\" decoding=\"async\" width=\"1024\" height=\"575\" data-id=\"1808\" src=\"https:\/\/www.gemsli.at\/wp-content\/uploads\/2022\/07\/gemsli-Gipfel_Buch-Fellima\u0308nnle_07-1024x575.jpg\" alt=\"\" class=\"wp-image-1808\" srcset=\"https:\/\/www.gemsli.at\/wp-content\/uploads\/2022\/07\/gemsli-Gipfel_Buch-Fellima\u0308nnle_07-1024x575.jpg 1024w, https:\/\/www.gemsli.at\/wp-content\/uploads\/2022\/07\/gemsli-Gipfel_Buch-Fellima\u0308nnle_07-300x168.jpg 300w, https:\/\/www.gemsli.at\/wp-content\/uploads\/2022\/07\/gemsli-Gipfel_Buch-Fellima\u0308nnle_07-768x431.jpg 768w, https:\/\/www.gemsli.at\/wp-content\/uploads\/2022\/07\/gemsli-Gipfel_Buch-Fellima\u0308nnle_07-1536x863.jpg 1536w, https:\/\/www.gemsli.at\/wp-content\/uploads\/2022\/07\/gemsli-Gipfel_Buch-Fellima\u0308nnle_07-2048x1150.jpg 2048w\" sizes=\"auto, (max-width: 767px) 89vw, (max-width: 1000px) 54vw, (max-width: 1071px) 543px, 580px\" \/><\/figure>\n\n\n\n<figure class=\"wp-block-image size-large\"><img loading=\"lazy\" decoding=\"async\" width=\"1024\" height=\"575\" data-id=\"1794\" src=\"https:\/\/www.gemsli.at\/wp-content\/uploads\/2022\/07\/gemsli-Gipfel_Buch-Fellima\u0308nnle_05-1024x575.jpg\" alt=\"\" class=\"wp-image-1794\" srcset=\"https:\/\/www.gemsli.at\/wp-content\/uploads\/2022\/07\/gemsli-Gipfel_Buch-Fellima\u0308nnle_05-1024x575.jpg 1024w, https:\/\/www.gemsli.at\/wp-content\/uploads\/2022\/07\/gemsli-Gipfel_Buch-Fellima\u0308nnle_05-300x169.jpg 300w, https:\/\/www.gemsli.at\/wp-content\/uploads\/2022\/07\/gemsli-Gipfel_Buch-Fellima\u0308nnle_05-768x431.jpg 768w, https:\/\/www.gemsli.at\/wp-content\/uploads\/2022\/07\/gemsli-Gipfel_Buch-Fellima\u0308nnle_05.jpg 1280w\" sizes=\"auto, (max-width: 767px) 89vw, (max-width: 1000px) 54vw, (max-width: 1071px) 543px, 580px\" \/><\/figure>\n\n\n\n<figure class=\"wp-block-image size-large\"><img loading=\"lazy\" decoding=\"async\" width=\"1024\" height=\"575\" data-id=\"1793\" src=\"https:\/\/www.gemsli.at\/wp-content\/uploads\/2022\/07\/gemsli-Gipfel_Buch-Fellima\u0308nnle_04-1024x575.jpg\" alt=\"\" class=\"wp-image-1793\" srcset=\"https:\/\/www.gemsli.at\/wp-content\/uploads\/2022\/07\/gemsli-Gipfel_Buch-Fellima\u0308nnle_04-1024x575.jpg 1024w, https:\/\/www.gemsli.at\/wp-content\/uploads\/2022\/07\/gemsli-Gipfel_Buch-Fellima\u0308nnle_04-300x169.jpg 300w, https:\/\/www.gemsli.at\/wp-content\/uploads\/2022\/07\/gemsli-Gipfel_Buch-Fellima\u0308nnle_04-768x431.jpg 768w, https:\/\/www.gemsli.at\/wp-content\/uploads\/2022\/07\/gemsli-Gipfel_Buch-Fellima\u0308nnle_04.jpg 1280w\" sizes=\"auto, (max-width: 767px) 89vw, (max-width: 1000px) 54vw, (max-width: 1071px) 543px, 580px\" \/><\/figure>\n<\/figure>\n<\/div><\/div>\n<\/div>\n<\/div>\n\n\n\n<p>Wir wandern vorbei am Gretschsee &#8211; ein wundersch\u00f6ner glasklarer Bergsee, eingebettet in die liebliche Moorlandschaft des Verwall. Vom Gipfel des Fellim\u00e4nnle aus hat man einen einzigartigen Rundumblick ins Montafon und Du erf\u00e4hrt, welche Bedeutung dieser wenig erschlossene Gebirgsraum f\u00fcr seltene Gebirgspflanzen und scheue Tiere wie Steinadler, G\u00e4mse, Wanderfalke und Alpenschneehuhn hat. Eine einmalige M\u00f6glichkeit ganz besondere Lebensr\u00e4ume hautnah zu erleben und entdecken. <\/p>\n\n\n\n<p>Der R\u00fcckweg unserer Wanderung f\u00fchrt vorbei an der Oberen und Unteren Gaflunaalpe mit wundersch\u00f6nem Ausblick ins hintere Silbertal. Mit dem Wanderbus gelangen wir zur\u00fcck zu unserem Ausgangspunkt.<\/p>\n\n\n\n<p>F\u00fcr naturinteressierte und sportlich aktive, die die Sch\u00f6nheit vom Natura2000 Gebiet Verwall kennenlernen m\u00f6chten und mehr als nur eine gew\u00f6hnliche Wanderung suchen.<\/p>\n\n\n\n<p><strong>Treffpunkt nach Voranmeldung:<\/strong>&nbsp;<br>um 08:30 Uhr, Kristbergbahn Talstation<br><strong>Dauer:<\/strong>&nbsp;7 Stunden, 870 hm Aufstieg, 970 hm Abstieg&nbsp;<br><strong>Preis pro Person:<\/strong>&nbsp;\u20ac 99,00 <br>zzgl. Bergbahnfahrt und Wanderbus<\/p>\n\n\n\n<p><\/p>\n\n\n\n<p>Termine auf Anfrage<\/p>\n\n\n\n<div class=\"wp-block-buttons is-layout-flex wp-block-buttons-is-layout-flex\">\n<div class=\"wp-block-button is-style-fill\"><a class=\"wp-block-button__link has-white-color has-text-color has-background\" href=\"mailto:alpenerleben@gemsli.at\" style=\"background-color:#969650\">Anfrage\/Anmeldung per E-Mail an &#8218;gemsli<\/a><\/div>\n<\/div>\n\n\n\n<p><\/p>\n","protected":false},"excerpt":{"rendered":"<p>Ein ganz besonderes Naturjuwel Individuelle Termine auf AnfrageWandersaison Ende Juni bis Ende Septemberf\u00fcr Fortgeschrittene\u00a0Diese einsame Wanderung f\u00fchrt vom Genie\u00dferberg Kristberg vorbei am wildromantischen Hochmoor Wildried zur eindrucksvoll gelegenen Alpe Gretsch und weiter in das gr\u00f6\u00dfte Natura2000 Gebiet Vorarlbergs: Das Verwall. Wir wandern vorbei am Gretschsee &#8211; ein wundersch\u00f6ner glasklarer Bergsee, eingebettet in die liebliche Moorlandschaft &hellip; <\/p>\n<p class=\"link-more\"><a href=\"https:\/\/www.gemsli.at\/index.php\/sommerprogramm\/gipfel_buch-verwall-fellimaennle\/\" class=\"more-link\">Continue reading<span class=\"screen-reader-text\"> &#8222;Gipfel_Buch Verwall: Fellim\u00e4nnle&#8220;<\/span><\/a><\/p>\n","protected":false},"author":1,"featured_media":1790,"parent":736,"menu_order":0,"comment_status":"closed","ping_status":"closed","template":"","meta":{"footnotes":""},"class_list":["post-1765","page","type-page","status-publish","has-post-thumbnail","hentry"],"_links":{"self":[{"href":"https:\/\/www.gemsli.at\/index.php\/wp-json\/wp\/v2\/pages\/1765","targetHints":{"allow":["GET"]}}],"collection":[{"href":"https:\/\/www.gemsli.at\/index.php\/wp-json\/wp\/v2\/pages"}],"about":[{"href":"https:\/\/www.gemsli.at\/index.php\/wp-json\/wp\/v2\/types\/page"}],"author":[{"embeddable":true,"href":"https:\/\/www.gemsli.at\/index.php\/wp-json\/wp\/v2\/users\/1"}],"replies":[{"embeddable":true,"href":"https:\/\/www.gemsli.at\/index.php\/wp-json\/wp\/v2\/comments?post=1765"}],"version-history":[{"count":23,"href":"https:\/\/www.gemsli.at\/index.php\/wp-json\/wp\/v2\/pages\/1765\/revisions"}],"predecessor-version":[{"id":2973,"href":"https:\/\/www.gemsli.at\/index.php\/wp-json\/wp\/v2\/pages\/1765\/revisions\/2973"}],"up":[{"embeddable":true,"href":"https:\/\/www.gemsli.at\/index.php\/wp-json\/wp\/v2\/pages\/736"}],"wp:featuredmedia":[{"embeddable":true,"href":"https:\/\/www.gemsli.at\/index.php\/wp-json\/wp\/v2\/media\/1790"}],"wp:attachment":[{"href":"https:\/\/www.gemsli.at\/index.php\/wp-json\/wp\/v2\/media?parent=1765"}],"curies":[{"name":"wp","href":"https:\/\/api.w.org\/{rel}","templated":true}]}}