{"id":1686,"date":"2022-05-03T23:35:34","date_gmt":"2022-05-03T21:35:34","guid":{"rendered":"https:\/\/www.gemsli.at\/?page_id=1686"},"modified":"2025-12-13T21:57:39","modified_gmt":"2025-12-13T20:57:39","slug":"gemsli_marsch-huettentour-4-taegig","status":"publish","type":"page","link":"https:\/\/www.gemsli.at\/index.php\/sommerprogramm\/gemsli_marsch-huettentour-4-taegig\/","title":{"rendered":"Gemsli_Marsch H\u00fcttentour: 4-t\u00e4gig"},"content":{"rendered":"\n<h2 class=\"wp-block-heading\">MIN WEAG <br>in 4 Tagen von der blauen Silvretta bis zu den Kalkbergen des R\u00e4tikon<\/h2>\n\n\n\n<p><strong>Termin<\/strong> &#8211; individuell auf Anfrage<br>Wandersaison Juli bis September<br><em>Fortgeschrittene<\/em><\/p>\n\n\n\n<h3 class=\"wp-block-heading\">Ein sehr eindrucksvoller und landschaftlich atemberaubender Teilabschnitt aus dem MIN WEAG Rundweg in Silvretta und R\u00e4tikon erwartet uns.<br><\/h3>\n\n\n\n<p>Wandererfahrung vorhanden? Bereit f\u00fcr die H\u00fcttentour?<br><br>Gemeinsam fahren wir von Schruns mit dem Bus \u00fcber die bekannte Silvretta Hochalpenstra\u00dfe zum Vermuntstausee. Wir starten mit einer Halbtagestour \u00fcber das Hochmadererjoch zur Th\u00fcbinger H\u00fctte im Silvrettagebirge.<\/p>\n\n\n\n<p>Am zweiten Tag wandern wir \u00fcber das Vergaldnerjoch zum h\u00f6chstgelegenen Ort des Montafon, Gargellen.<\/p>\n\n\n\n<p>Am dritten Tag gelangen wir \u00fcber den Grubenpass zur Tilisunah\u00fctte, am Fu\u00dfe des R\u00e4tikonkalk.<\/p>\n\n\n\n<p>Wer am vierten und letzten Tag noch motiviert ist, erklimmt mit mir noch den Gipfel der Sulzfluh. Im Anschluss steigen wir alle gemeinsam \u00fcber den malerischen Tobelsee mit Blick auf die markanten Drei T\u00fcrme nach Latschau ab. Mit dem Bus gelangen wir wieder zur\u00fcck zum Ausgangspunkt nach Schruns.<br><\/p>\n\n\n\n<p><strong>Tourenbeschreibung:<\/strong><br>Mittelschwere H\u00fcttentour ohne gr\u00f6\u00dfere technische Schwierigkeiten<br>Gehzeiten pro Tag von 5 &#8211; 8 h<br>Ausreichend Pausen<br>Bei Schlechtwetter kann die Tour abge\u00e4ndert werden.<\/p>\n\n\n\n<p><strong>\u00dcbernachtungsziele:<\/strong> Th\u00fcbingerh\u00fctte, Gargellen, Tilisunah\u00fctte<\/p>\n\n\n\n<figure class=\"wp-block-gallery has-nested-images columns-default is-cropped wp-block-gallery-1 is-layout-flex wp-block-gallery-is-layout-flex\">\n<figure class=\"wp-block-image size-large\"><img loading=\"lazy\" decoding=\"async\" width=\"2560\" height=\"1920\" data-id=\"890\" src=\"https:\/\/www.gemsli.at\/wp-content\/uploads\/2021\/09\/gemsli-Blog-Gemsli_Marsch-Verwall-Silvretta2-scaled.jpg\" alt=\"\" class=\"wp-image-890\" srcset=\"https:\/\/www.gemsli.at\/wp-content\/uploads\/2021\/09\/gemsli-Blog-Gemsli_Marsch-Verwall-Silvretta2-scaled.jpg 2560w, https:\/\/www.gemsli.at\/wp-content\/uploads\/2021\/09\/gemsli-Blog-Gemsli_Marsch-Verwall-Silvretta2-300x225.jpg 300w, https:\/\/www.gemsli.at\/wp-content\/uploads\/2021\/09\/gemsli-Blog-Gemsli_Marsch-Verwall-Silvretta2-1024x768.jpg 1024w, https:\/\/www.gemsli.at\/wp-content\/uploads\/2021\/09\/gemsli-Blog-Gemsli_Marsch-Verwall-Silvretta2-768x576.jpg 768w, https:\/\/www.gemsli.at\/wp-content\/uploads\/2021\/09\/gemsli-Blog-Gemsli_Marsch-Verwall-Silvretta2-1536x1152.jpg 1536w, https:\/\/www.gemsli.at\/wp-content\/uploads\/2021\/09\/gemsli-Blog-Gemsli_Marsch-Verwall-Silvretta2-2048x1536.jpg 2048w\" sizes=\"auto, (max-width: 767px) 89vw, (max-width: 1000px) 54vw, (max-width: 1071px) 543px, 580px\" \/><\/figure>\n\n\n\n<figure class=\"wp-block-image size-large\"><img loading=\"lazy\" decoding=\"async\" width=\"1920\" height=\"2560\" data-id=\"895\" src=\"https:\/\/www.gemsli.at\/wp-content\/uploads\/2021\/09\/gemsli-Blog-Gemsli_Marsch-Grabs-Gargellen2-scaled.jpg\" alt=\"\" class=\"wp-image-895\" srcset=\"https:\/\/www.gemsli.at\/wp-content\/uploads\/2021\/09\/gemsli-Blog-Gemsli_Marsch-Grabs-Gargellen2-scaled.jpg 1920w, https:\/\/www.gemsli.at\/wp-content\/uploads\/2021\/09\/gemsli-Blog-Gemsli_Marsch-Grabs-Gargellen2-225x300.jpg 225w, https:\/\/www.gemsli.at\/wp-content\/uploads\/2021\/09\/gemsli-Blog-Gemsli_Marsch-Grabs-Gargellen2-768x1024.jpg 768w, https:\/\/www.gemsli.at\/wp-content\/uploads\/2021\/09\/gemsli-Blog-Gemsli_Marsch-Grabs-Gargellen2-1152x1536.jpg 1152w, https:\/\/www.gemsli.at\/wp-content\/uploads\/2021\/09\/gemsli-Blog-Gemsli_Marsch-Grabs-Gargellen2-1536x2048.jpg 1536w\" sizes=\"auto, (max-width: 767px) 89vw, (max-width: 1000px) 54vw, (max-width: 1071px) 543px, 580px\" \/><\/figure>\n\n\n\n<figure class=\"wp-block-image size-large\"><img loading=\"lazy\" decoding=\"async\" width=\"2048\" height=\"1364\" data-id=\"889\" src=\"https:\/\/www.gemsli.at\/wp-content\/uploads\/2021\/09\/gemsli-Blog-Gemsli_Marsch-Verwall-Silvretta1.jpg\" alt=\"\" class=\"wp-image-889\" srcset=\"https:\/\/www.gemsli.at\/wp-content\/uploads\/2021\/09\/gemsli-Blog-Gemsli_Marsch-Verwall-Silvretta1.jpg 2048w, https:\/\/www.gemsli.at\/wp-content\/uploads\/2021\/09\/gemsli-Blog-Gemsli_Marsch-Verwall-Silvretta1-300x200.jpg 300w, https:\/\/www.gemsli.at\/wp-content\/uploads\/2021\/09\/gemsli-Blog-Gemsli_Marsch-Verwall-Silvretta1-1024x682.jpg 1024w, https:\/\/www.gemsli.at\/wp-content\/uploads\/2021\/09\/gemsli-Blog-Gemsli_Marsch-Verwall-Silvretta1-768x512.jpg 768w, https:\/\/www.gemsli.at\/wp-content\/uploads\/2021\/09\/gemsli-Blog-Gemsli_Marsch-Verwall-Silvretta1-1536x1023.jpg 1536w\" sizes=\"auto, (max-width: 767px) 89vw, (max-width: 1000px) 54vw, (max-width: 1071px) 543px, 580px\" \/><\/figure>\n<\/figure>\n\n\n\n<p><strong>Treffpunkt nach Voranmeldung:<\/strong><br>08:00 Uhr, Bahnhof Schruns<br>Ausgangspunkt der Tour: Vermuntstausee (Bielerh\u00f6he)<br>Endpunkt der Tour: Latschau (Tschagguns)<\/p>\n\n\n\n<p><strong>Tag 1:<\/strong> 9 km, 3 \u00bd h reine Gehzeit, 760 hm Aufstieg, 324 hm Abstieg \u2013 ca. 5 Stunden<br><strong>Tag 2:<\/strong> 12,4 km, 4 h reine Gehzeit, 324 hm Aufstieg, 1116 hm Abstieg \u2013 ca. 5 \u00bd Stunden<br><strong>Tag 3:<\/strong> 13,4 km, 6 h reine Gehzeit, 1600 hm Aufstieg, 765 hm Abstieg \u2013 ca. 7 \u00bd Stunden<br>(k\u00f6nnte auf Wunsch der Teilnehmer mit der Bergbahn um 700 hm verk\u00fcrzt werden)<br><strong>Tag 4:<\/strong> 8,9 km, 3 \u00bc h reine Gehzeit, 119 hm Aufstieg, 1335 hm Abstieg \u2013 ca. 4 \u00be Stunden <br>mit optionalem Gipfelaufstieg: + 7,8 km, 3 h, 607 hm im Auf- und Abstieg (mit Sulzfluh)<\/p>\n\n\n\n<p><strong>Preis:<\/strong> \u20ac 379,00 pro Person*<\/p>\n\n\n\n<div class=\"wp-block-buttons is-layout-flex wp-block-buttons-is-layout-flex\">\n<div class=\"wp-block-button is-style-fill\"><a class=\"wp-block-button__link has-white-color has-text-color has-background\" href=\"mailto:alpenerleben@gemsli.at\" style=\"background-color:#969650\" target=\"_blank\" rel=\"noreferrer noopener\">Anfrage\/Anmeldung per E-Mail an &#8218;gemsli<\/a><\/div>\n<\/div>\n\n\n\n<p><br>*) Die angegebenen Preise gelten ab einer Teilnahme von 4 Personen zzgl. Hu\u0308ttenu\u0308bernachtung. Ich fu\u0308hre Kleingruppen gerne auf Anfrage.<\/p>\n","protected":false},"excerpt":{"rendered":"<p>MIN WEAG in 4 Tagen von der blauen Silvretta bis zu den Kalkbergen des R\u00e4tikon Termin &#8211; individuell auf AnfrageWandersaison Juli bis SeptemberFortgeschrittene Ein sehr eindrucksvoller und landschaftlich atemberaubender Teilabschnitt aus dem MIN WEAG Rundweg in Silvretta und R\u00e4tikon erwartet uns. Wandererfahrung vorhanden? Bereit f\u00fcr die H\u00fcttentour? Gemeinsam fahren wir von Schruns mit dem Bus &hellip; <\/p>\n<p class=\"link-more\"><a href=\"https:\/\/www.gemsli.at\/index.php\/sommerprogramm\/gemsli_marsch-huettentour-4-taegig\/\" class=\"more-link\">Continue reading<span class=\"screen-reader-text\"> &#8222;Gemsli_Marsch H\u00fcttentour: 4-t\u00e4gig&#8220;<\/span><\/a><\/p>\n","protected":false},"author":1,"featured_media":873,"parent":736,"menu_order":0,"comment_status":"closed","ping_status":"closed","template":"","meta":{"footnotes":""},"class_list":["post-1686","page","type-page","status-publish","has-post-thumbnail","hentry"],"_links":{"self":[{"href":"https:\/\/www.gemsli.at\/index.php\/wp-json\/wp\/v2\/pages\/1686","targetHints":{"allow":["GET"]}}],"collection":[{"href":"https:\/\/www.gemsli.at\/index.php\/wp-json\/wp\/v2\/pages"}],"about":[{"href":"https:\/\/www.gemsli.at\/index.php\/wp-json\/wp\/v2\/types\/page"}],"author":[{"embeddable":true,"href":"https:\/\/www.gemsli.at\/index.php\/wp-json\/wp\/v2\/users\/1"}],"replies":[{"embeddable":true,"href":"https:\/\/www.gemsli.at\/index.php\/wp-json\/wp\/v2\/comments?post=1686"}],"version-history":[{"count":16,"href":"https:\/\/www.gemsli.at\/index.php\/wp-json\/wp\/v2\/pages\/1686\/revisions"}],"predecessor-version":[{"id":2994,"href":"https:\/\/www.gemsli.at\/index.php\/wp-json\/wp\/v2\/pages\/1686\/revisions\/2994"}],"up":[{"embeddable":true,"href":"https:\/\/www.gemsli.at\/index.php\/wp-json\/wp\/v2\/pages\/736"}],"wp:featuredmedia":[{"embeddable":true,"href":"https:\/\/www.gemsli.at\/index.php\/wp-json\/wp\/v2\/media\/873"}],"wp:attachment":[{"href":"https:\/\/www.gemsli.at\/index.php\/wp-json\/wp\/v2\/media?parent=1686"}],"curies":[{"name":"wp","href":"https:\/\/api.w.org\/{rel}","templated":true}]}}