{"id":1570,"date":"2022-02-25T11:33:04","date_gmt":"2022-02-25T10:33:04","guid":{"rendered":"https:\/\/www.gemsli.at\/?page_id=1570"},"modified":"2026-01-19T11:57:05","modified_gmt":"2026-01-19T10:57:05","slug":"schnee_genuss-momente-sicher-erleben","status":"publish","type":"page","link":"https:\/\/www.gemsli.at\/index.php\/winterprogramm\/schnee_genuss-momente-sicher-erleben\/","title":{"rendered":"Schnee_Genuss Momente sicher erleben"},"content":{"rendered":"\n<h2 class=\"wp-block-heading\"><mark style=\"background-color:rgba(0, 0, 0, 0);color:#408ebf\" class=\"has-inline-color\">Winter-Grundkurs LVS-Training und Lawinen-Versch\u00fcttetensuche<\/mark><\/h2>\n\n\n\n<p><strong>Termine<\/strong> &#8211; individuell auf Anfrage<br><strong>Wintersaison Dezember bis Ende April<\/strong><\/p>\n\n\n\n<h3 class=\"wp-block-heading\">Sicher im freien Gel\u00e4nde unterwegs sein und wissen, wie in der Notfallsituation verhalten.<\/h3>\n\n\n\n<p>Du m\u00f6chtest den richtigen Umgang mit deiner LVS Ausr\u00fcstung kennenlernen, \u00fcben und in der Praxis umsetzen?<br>Bei meinem Grundkurs lernen wir den LVS-Ger\u00e4te-Check (Empfangs- und Sendekontrolle), Funktionsweise des LVS-Ger\u00e4ts; Handhabung Sonde und die Versch\u00fcttetensuche.&nbsp;<br> <\/p>\n\n\n\n<figure class=\"wp-block-gallery has-nested-images columns-default is-cropped wp-block-gallery-1 is-layout-flex wp-block-gallery-is-layout-flex\">\n<figure class=\"wp-block-image size-large\"><img loading=\"lazy\" decoding=\"async\" width=\"1024\" height=\"768\" data-id=\"1556\" src=\"https:\/\/www.gemsli.at\/wp-content\/uploads\/2022\/03\/gemsli-Winter-Grundkurs-LVS-Training_2-1024x768.jpg\" alt=\"\" class=\"wp-image-1556\" srcset=\"https:\/\/www.gemsli.at\/wp-content\/uploads\/2022\/03\/gemsli-Winter-Grundkurs-LVS-Training_2-1024x768.jpg 1024w, https:\/\/www.gemsli.at\/wp-content\/uploads\/2022\/03\/gemsli-Winter-Grundkurs-LVS-Training_2-300x225.jpg 300w, https:\/\/www.gemsli.at\/wp-content\/uploads\/2022\/03\/gemsli-Winter-Grundkurs-LVS-Training_2-768x576.jpg 768w, https:\/\/www.gemsli.at\/wp-content\/uploads\/2022\/03\/gemsli-Winter-Grundkurs-LVS-Training_2-1536x1152.jpg 1536w, https:\/\/www.gemsli.at\/wp-content\/uploads\/2022\/03\/gemsli-Winter-Grundkurs-LVS-Training_2-2048x1536.jpg 2048w\" sizes=\"auto, (max-width: 767px) 89vw, (max-width: 1000px) 54vw, (max-width: 1071px) 543px, 580px\" \/><\/figure>\n<\/figure>\n\n\n\n<figure class=\"wp-block-gallery has-nested-images columns-default is-cropped wp-block-gallery-2 is-layout-flex wp-block-gallery-is-layout-flex\">\n<figure class=\"wp-block-image size-large\"><img loading=\"lazy\" decoding=\"async\" width=\"1024\" height=\"682\" data-id=\"2658\" src=\"https:\/\/www.gemsli.at\/wp-content\/uploads\/2024\/12\/montafon_skitouren_lawinenkunde65-1024x682.jpg\" alt=\"\" class=\"wp-image-2658\" srcset=\"https:\/\/www.gemsli.at\/wp-content\/uploads\/2024\/12\/montafon_skitouren_lawinenkunde65-1024x682.jpg 1024w, https:\/\/www.gemsli.at\/wp-content\/uploads\/2024\/12\/montafon_skitouren_lawinenkunde65-300x200.jpg 300w, https:\/\/www.gemsli.at\/wp-content\/uploads\/2024\/12\/montafon_skitouren_lawinenkunde65-768x512.jpg 768w, https:\/\/www.gemsli.at\/wp-content\/uploads\/2024\/12\/montafon_skitouren_lawinenkunde65-1536x1024.jpg 1536w, https:\/\/www.gemsli.at\/wp-content\/uploads\/2024\/12\/montafon_skitouren_lawinenkunde65.jpg 2000w\" sizes=\"auto, (max-width: 767px) 89vw, (max-width: 1000px) 54vw, (max-width: 1071px) 543px, 580px\" \/><\/figure>\n<\/figure>\n\n\n\n<p>Treffpunkt und Ort wird individuell vereinbart.<\/p>\n\n\n\n<p><strong>Anforderungen: <\/strong><br>Kn\u00f6chelhohe wasserdichte Wanderschuhe, warme Sport- oder Wanderbekleidung, Tee, Jause<br><strong>Ausr\u00fcstung<\/strong>: Schneeschuhe und St\u00f6cke, Lawinenausru\u0308stung (Schaufel, Sonde, Pieps) &#8211; Alles kannst du nat\u00fcrlich \u00fcber mich ausleihen.<br><br>Einzel- oder Gruppenkurs<br><strong>Dauer:&nbsp;<\/strong> ca. 3-4 Stunden&nbsp;<br><strong>Preis:&nbsp;<\/strong> \u20ac 89 pro Person*<\/p>\n\n\n\n<p>Anmeldung und Terminvereinbarung auf Anfrage<\/p>\n\n\n\n<div class=\"wp-block-buttons is-layout-flex wp-block-buttons-is-layout-flex\">\n<div class=\"wp-block-button\"><a class=\"wp-block-button__link has-background wp-element-button\" href=\"mailto: alpenerleben@gemsli.at?subject=Schnee_Genuss%20Momente%20sicher%20erleben\" style=\"background-color:#408ebf\">Anfrage\/Anmeldung per E-Mail an \u2018gemsli<\/a><\/div>\n<\/div>\n\n\n\n<p><br>*) Die angegebenen Preise gelten ab einer Teilnahme von 4 Personen. Ich fu\u0308hreKleingruppen gerne auf Anfrage.<\/p>\n","protected":false},"excerpt":{"rendered":"<p>Winter-Grundkurs LVS-Training und Lawinen-Versch\u00fcttetensuche Termine &#8211; individuell auf AnfrageWintersaison Dezember bis Ende April Sicher im freien Gel\u00e4nde unterwegs sein und wissen, wie in der Notfallsituation verhalten. Du m\u00f6chtest den richtigen Umgang mit deiner LVS Ausr\u00fcstung kennenlernen, \u00fcben und in der Praxis umsetzen?Bei meinem Grundkurs lernen wir den LVS-Ger\u00e4te-Check (Empfangs- und Sendekontrolle), Funktionsweise des LVS-Ger\u00e4ts; Handhabung &hellip; <\/p>\n<p class=\"link-more\"><a href=\"https:\/\/www.gemsli.at\/index.php\/winterprogramm\/schnee_genuss-momente-sicher-erleben\/\" class=\"more-link\">Continue reading<span class=\"screen-reader-text\"> &#8222;Schnee_Genuss Momente sicher erleben&#8220;<\/span><\/a><\/p>\n","protected":false},"author":1,"featured_media":1554,"parent":910,"menu_order":0,"comment_status":"closed","ping_status":"closed","template":"","meta":{"footnotes":""},"class_list":["post-1570","page","type-page","status-publish","has-post-thumbnail","hentry"],"_links":{"self":[{"href":"https:\/\/www.gemsli.at\/index.php\/wp-json\/wp\/v2\/pages\/1570","targetHints":{"allow":["GET"]}}],"collection":[{"href":"https:\/\/www.gemsli.at\/index.php\/wp-json\/wp\/v2\/pages"}],"about":[{"href":"https:\/\/www.gemsli.at\/index.php\/wp-json\/wp\/v2\/types\/page"}],"author":[{"embeddable":true,"href":"https:\/\/www.gemsli.at\/index.php\/wp-json\/wp\/v2\/users\/1"}],"replies":[{"embeddable":true,"href":"https:\/\/www.gemsli.at\/index.php\/wp-json\/wp\/v2\/comments?post=1570"}],"version-history":[{"count":12,"href":"https:\/\/www.gemsli.at\/index.php\/wp-json\/wp\/v2\/pages\/1570\/revisions"}],"predecessor-version":[{"id":3011,"href":"https:\/\/www.gemsli.at\/index.php\/wp-json\/wp\/v2\/pages\/1570\/revisions\/3011"}],"up":[{"embeddable":true,"href":"https:\/\/www.gemsli.at\/index.php\/wp-json\/wp\/v2\/pages\/910"}],"wp:featuredmedia":[{"embeddable":true,"href":"https:\/\/www.gemsli.at\/index.php\/wp-json\/wp\/v2\/media\/1554"}],"wp:attachment":[{"href":"https:\/\/www.gemsli.at\/index.php\/wp-json\/wp\/v2\/media?parent=1570"}],"curies":[{"name":"wp","href":"https:\/\/api.w.org\/{rel}","templated":true}]}}