{"id":128,"date":"2021-04-30T13:11:53","date_gmt":"2021-04-30T11:11:53","guid":{"rendered":"https:\/\/www.gemsli.at\/?page_id=128"},"modified":"2024-12-06T09:03:13","modified_gmt":"2024-12-06T08:03:13","slug":"wanderangebot","status":"publish","type":"page","link":"https:\/\/www.gemsli.at\/index.php\/wanderangebot\/","title":{"rendered":"Mein Wanderangebot"},"content":{"rendered":"\n<p>Als Euer \u2018gemsli  f\u00fchre ich Euch zu jeder Jahreszeit sicher durch Berge, Landschaft und Natur. Ihr erfahrt spannendes \u00fcber das urige Bergvolk der Montafoner, Alpwirtschaft, Alpenflora und unsere beeindruckende Bergkulisse. Mit mir wird das Wandern zu einem richtigen Erlebnis, reich an unvergesslichen Momenten und sch\u00f6nen Impressionen.<\/p>\n\n\n\n<p>Auch der Genuss kommt dabei nicht zu kurz. Gerne lassen sich meine G\u00e4ste von mir als gelernte K\u00f6chin und Konditorin auch mit einer s\u00fc\u00dfen Gipfel\u00fcberraschung oder einem mitgebuchten Picknick verw\u00f6hnen.<\/p>\n\n\n\n<figure class=\"wp-block-gallery has-nested-images columns-default is-cropped wp-block-gallery-1 is-layout-flex wp-block-gallery-is-layout-flex\">\n<figure class=\"wp-block-image size-large\"><img loading=\"lazy\" decoding=\"async\" width=\"1024\" height=\"705\" data-id=\"2611\" src=\"https:\/\/www.gemsli.at\/wp-content\/uploads\/2024\/01\/cropped-Gemsli_Alpenerleben_Winter-2_DSC05548-scaled-1-1024x705.jpg\" alt=\"\" class=\"wp-image-2611\" srcset=\"https:\/\/www.gemsli.at\/wp-content\/uploads\/2024\/01\/cropped-Gemsli_Alpenerleben_Winter-2_DSC05548-scaled-1-1024x705.jpg 1024w, https:\/\/www.gemsli.at\/wp-content\/uploads\/2024\/01\/cropped-Gemsli_Alpenerleben_Winter-2_DSC05548-scaled-1-300x207.jpg 300w, https:\/\/www.gemsli.at\/wp-content\/uploads\/2024\/01\/cropped-Gemsli_Alpenerleben_Winter-2_DSC05548-scaled-1-768x529.jpg 768w, https:\/\/www.gemsli.at\/wp-content\/uploads\/2024\/01\/cropped-Gemsli_Alpenerleben_Winter-2_DSC05548-scaled-1-1536x1058.jpg 1536w, https:\/\/www.gemsli.at\/wp-content\/uploads\/2024\/01\/cropped-Gemsli_Alpenerleben_Winter-2_DSC05548-scaled-1.jpg 2000w\" sizes=\"auto, (max-width: 767px) 89vw, (max-width: 1000px) 54vw, (max-width: 1071px) 543px, 580px\" \/><\/figure>\n\n\n\n<figure class=\"wp-block-image size-large\"><img loading=\"lazy\" decoding=\"async\" width=\"2243\" height=\"1260\" data-id=\"1872\" src=\"https:\/\/www.gemsli.at\/wp-content\/uploads\/2022\/08\/gemsli-Blog-Alpen_Blick-Genusswanderung-03.jpg\" alt=\"\" class=\"wp-image-1872\" srcset=\"https:\/\/www.gemsli.at\/wp-content\/uploads\/2022\/08\/gemsli-Blog-Alpen_Blick-Genusswanderung-03.jpg 2243w, https:\/\/www.gemsli.at\/wp-content\/uploads\/2022\/08\/gemsli-Blog-Alpen_Blick-Genusswanderung-03-300x169.jpg 300w, https:\/\/www.gemsli.at\/wp-content\/uploads\/2022\/08\/gemsli-Blog-Alpen_Blick-Genusswanderung-03-1024x575.jpg 1024w, https:\/\/www.gemsli.at\/wp-content\/uploads\/2022\/08\/gemsli-Blog-Alpen_Blick-Genusswanderung-03-768x431.jpg 768w, https:\/\/www.gemsli.at\/wp-content\/uploads\/2022\/08\/gemsli-Blog-Alpen_Blick-Genusswanderung-03-1536x863.jpg 1536w, https:\/\/www.gemsli.at\/wp-content\/uploads\/2022\/08\/gemsli-Blog-Alpen_Blick-Genusswanderung-03-2048x1150.jpg 2048w\" sizes=\"auto, (max-width: 767px) 89vw, (max-width: 1000px) 54vw, (max-width: 1071px) 543px, 580px\" \/><\/figure>\n<\/figure>\n\n\n\n<figure class=\"wp-block-gallery has-nested-images columns-default is-cropped wp-block-gallery-2 is-layout-flex wp-block-gallery-is-layout-flex\">\n<figure class=\"wp-block-image size-large\"><img loading=\"lazy\" decoding=\"async\" width=\"2560\" height=\"1920\" data-id=\"1376\" src=\"https:\/\/www.gemsli.at\/wp-content\/uploads\/2022\/01\/gemsli-Blog-Abenteuer_Fackelwanderung_4-scaled.jpg\" alt=\"\" class=\"wp-image-1376\" srcset=\"https:\/\/www.gemsli.at\/wp-content\/uploads\/2022\/01\/gemsli-Blog-Abenteuer_Fackelwanderung_4-scaled.jpg 2560w, https:\/\/www.gemsli.at\/wp-content\/uploads\/2022\/01\/gemsli-Blog-Abenteuer_Fackelwanderung_4-300x225.jpg 300w, https:\/\/www.gemsli.at\/wp-content\/uploads\/2022\/01\/gemsli-Blog-Abenteuer_Fackelwanderung_4-1024x768.jpg 1024w, https:\/\/www.gemsli.at\/wp-content\/uploads\/2022\/01\/gemsli-Blog-Abenteuer_Fackelwanderung_4-768x576.jpg 768w, https:\/\/www.gemsli.at\/wp-content\/uploads\/2022\/01\/gemsli-Blog-Abenteuer_Fackelwanderung_4-1536x1152.jpg 1536w, https:\/\/www.gemsli.at\/wp-content\/uploads\/2022\/01\/gemsli-Blog-Abenteuer_Fackelwanderung_4-2048x1536.jpg 2048w\" sizes=\"auto, (max-width: 767px) 89vw, (max-width: 1000px) 54vw, (max-width: 1071px) 543px, 580px\" \/><\/figure>\n\n\n\n<figure class=\"wp-block-image size-large\"><img loading=\"lazy\" decoding=\"async\" width=\"2560\" height=\"1706\" data-id=\"873\" src=\"https:\/\/www.gemsli.at\/wp-content\/uploads\/2021\/09\/gemsli-Blog-Gemsli_Marsch-Verwall-Silvretta-scaled.jpg\" alt=\"\" class=\"wp-image-873\" srcset=\"https:\/\/www.gemsli.at\/wp-content\/uploads\/2021\/09\/gemsli-Blog-Gemsli_Marsch-Verwall-Silvretta-scaled.jpg 2560w, https:\/\/www.gemsli.at\/wp-content\/uploads\/2021\/09\/gemsli-Blog-Gemsli_Marsch-Verwall-Silvretta-300x200.jpg 300w, https:\/\/www.gemsli.at\/wp-content\/uploads\/2021\/09\/gemsli-Blog-Gemsli_Marsch-Verwall-Silvretta-1024x682.jpg 1024w, https:\/\/www.gemsli.at\/wp-content\/uploads\/2021\/09\/gemsli-Blog-Gemsli_Marsch-Verwall-Silvretta-768x512.jpg 768w, https:\/\/www.gemsli.at\/wp-content\/uploads\/2021\/09\/gemsli-Blog-Gemsli_Marsch-Verwall-Silvretta-1536x1024.jpg 1536w, https:\/\/www.gemsli.at\/wp-content\/uploads\/2021\/09\/gemsli-Blog-Gemsli_Marsch-Verwall-Silvretta-2048x1365.jpg 2048w\" sizes=\"auto, (max-width: 767px) 89vw, (max-width: 1000px) 54vw, (max-width: 1071px) 543px, 580px\" \/><\/figure>\n<\/figure>\n\n\n\n<h1 class=\"wp-block-heading\"><mark style=\"background-color:rgba(0, 0, 0, 0);color:#969650\" class=\"has-inline-color\">Alpenerleben f\u00fcr jeden Geschmack<\/mark><\/h1>\n\n\n\n<p><strong><a href=\"https:\/\/www.gemsli.at\/index.php\/wanderangebot\/alpen_blick-wanderungen\/\">Alpen_Blick Wanderungen<\/a><\/strong><br>Lasst uns gemeinsam die Vielfalt und Sch\u00f6nheit der Alpen erwandern! Entdeckt Orte zum Genie\u00dfen, Staunen und Kr\u00e4fte tanken.<\/p>\n\n\n\n<p><strong><a href=\"https:\/\/www.gemsli.at\/index.php\/wanderangebot\/gipfel_buch-erlebnisse\/\">Gipfel_Buch Erlebnisse<\/a><\/strong><br>Gipfel erwandern und unbeschreibliches Gipfelgl\u00fcck genie\u00dfen!<\/p>\n\n\n\n<p><strong><a href=\"https:\/\/www.gemsli.at\/index.php\/wanderangebot\/gemsli_marsch-touren\/\">Gemsli_Marsch Touren<\/a><\/strong><br>Von H\u00fctte zu H\u00fctte wandern, Kilometer und H\u00f6henmeter sammeln \u2013 das ist unvergessliches Alpenerleben pur!<\/p>\n\n\n\n<p><strong><a href=\"https:\/\/www.gemsli.at\/index.php\/wanderangebot\/schnee_genuss-momente\/\">Schnee_Genuss Momente<\/a><\/strong><br>Die glitzernden Schneekristalle auf der sanften wei\u00dfen Schneepracht wecken Freude in jedermanns Herzen.<\/p>\n\n\n\n<p><strong><a href=\"https:\/\/www.gemsli.at\/index.php\/wanderangebot\/natur_vielfalt-tage\/\">Natur_Vielfalt Tage<\/a><\/strong><br>Gro\u00df und Klein, Jung und Alt, erwecken Neugier und erforschen das Naturerlebnis mit allen Sinnen.<\/p>\n","protected":false},"excerpt":{"rendered":"<p>Als Euer \u2018gemsli f\u00fchre ich Euch zu jeder Jahreszeit sicher durch Berge, Landschaft und Natur. Ihr erfahrt spannendes \u00fcber das urige Bergvolk der Montafoner, Alpwirtschaft, Alpenflora und unsere beeindruckende Bergkulisse. Mit mir wird das Wandern zu einem richtigen Erlebnis, reich an unvergesslichen Momenten und sch\u00f6nen Impressionen. Auch der Genuss kommt dabei nicht zu kurz. Gerne &hellip; <\/p>\n<p class=\"link-more\"><a href=\"https:\/\/www.gemsli.at\/index.php\/wanderangebot\/\" class=\"more-link\">Continue reading<span class=\"screen-reader-text\"> &#8222;Mein Wanderangebot&#8220;<\/span><\/a><\/p>\n","protected":false},"author":1,"featured_media":126,"parent":0,"menu_order":1,"comment_status":"closed","ping_status":"closed","template":"","meta":{"footnotes":""},"class_list":["post-128","page","type-page","status-publish","has-post-thumbnail","hentry"],"_links":{"self":[{"href":"https:\/\/www.gemsli.at\/index.php\/wp-json\/wp\/v2\/pages\/128","targetHints":{"allow":["GET"]}}],"collection":[{"href":"https:\/\/www.gemsli.at\/index.php\/wp-json\/wp\/v2\/pages"}],"about":[{"href":"https:\/\/www.gemsli.at\/index.php\/wp-json\/wp\/v2\/types\/page"}],"author":[{"embeddable":true,"href":"https:\/\/www.gemsli.at\/index.php\/wp-json\/wp\/v2\/users\/1"}],"replies":[{"embeddable":true,"href":"https:\/\/www.gemsli.at\/index.php\/wp-json\/wp\/v2\/comments?post=128"}],"version-history":[{"count":27,"href":"https:\/\/www.gemsli.at\/index.php\/wp-json\/wp\/v2\/pages\/128\/revisions"}],"predecessor-version":[{"id":2728,"href":"https:\/\/www.gemsli.at\/index.php\/wp-json\/wp\/v2\/pages\/128\/revisions\/2728"}],"wp:featuredmedia":[{"embeddable":true,"href":"https:\/\/www.gemsli.at\/index.php\/wp-json\/wp\/v2\/media\/126"}],"wp:attachment":[{"href":"https:\/\/www.gemsli.at\/index.php\/wp-json\/wp\/v2\/media?parent=128"}],"curies":[{"name":"wp","href":"https:\/\/api.w.org\/{rel}","templated":true}]}}