{"id":1217,"date":"2021-11-23T23:02:19","date_gmt":"2021-11-23T22:02:19","guid":{"rendered":"https:\/\/www.gemsli.at\/?page_id=1217"},"modified":"2026-02-22T16:41:36","modified_gmt":"2026-02-22T15:41:36","slug":"partner","status":"publish","type":"page","link":"https:\/\/www.gemsli.at\/index.php\/partner\/","title":{"rendered":"Partner"},"content":{"rendered":"\n<p>Funktionierende Partnerschaften f\u00f6rdern das gute Gelingen meines Bestrebens, den  G\u00e4sten aus nah und fern unsere bezaubernde Alpenwelt eindr\u00fccklich erlebbar zu machen.<\/p>\n\n\n\n<p>F\u00fcr mehr Infos zu meinen Partnern klickt bitte auf die Logos.<\/p>\n\n\n\n<hr class=\"wp-block-separator has-css-opacity is-style-wide\"\/>\n\n\n\n<div class=\"wp-block-media-text alignwide has-media-on-the-right\" style=\"grid-template-columns:auto 31%\"><div class=\"wp-block-media-text__content\">\n<p class=\"has-small-font-size\"><strong>Bergpartner Vorarlberg&nbsp;<\/strong><br>Vorarlberg Tourismus und die Bergsportanbieter des Vorarlberger Bergf\u00fchrerverbands<\/p>\n<\/div><figure class=\"wp-block-media-text__media\"><a href=\"https:\/\/www.vorarlberg.travel\/bergpartner-vorarlberg\/\" target=\"_blank\" rel=\"nofollow noopener\"><img loading=\"lazy\" decoding=\"async\" width=\"480\" height=\"202\" src=\"https:\/\/www.gemsli.at\/wp-content\/uploads\/2021\/11\/bergpartner-vorarlberg-logo.jpg\" alt=\"\" class=\"wp-image-1245 size-full\" srcset=\"https:\/\/www.gemsli.at\/wp-content\/uploads\/2021\/11\/bergpartner-vorarlberg-logo.jpg 480w, https:\/\/www.gemsli.at\/wp-content\/uploads\/2021\/11\/bergpartner-vorarlberg-logo-300x126.jpg 300w\" sizes=\"auto, (max-width: 480px) 100vw, 480px\" \/><\/a><\/figure><\/div>\n\n\n\n<hr class=\"wp-block-separator has-css-opacity is-style-wide\"\/>\n\n\n\n<div class=\"wp-block-media-text alignwide has-media-on-the-right is-vertically-aligned-top\" style=\"grid-template-columns:auto 19%\"><div class=\"wp-block-media-text__content\">\n<p class=\"has-small-font-size\"><strong>Urlaub im Montafon<\/strong><br>Offizielle Website f\u00fcr Urlaub &amp; Hotels<\/p>\n<\/div><figure class=\"wp-block-media-text__media\"><a href=\"https:\/\/www.montafon.at\/de\" target=\"_blank\" rel=\"nofollow noopener\"><img loading=\"lazy\" decoding=\"async\" width=\"100\" height=\"100\" src=\"https:\/\/www.gemsli.at\/wp-content\/uploads\/2021\/11\/Montafon-1.png\" alt=\"\" class=\"wp-image-1270 size-full\"\/><\/a><\/figure><\/div>\n\n\n\n<hr class=\"wp-block-separator has-css-opacity is-style-wide\"\/>\n\n\n\n<div class=\"wp-block-media-text alignwide has-media-on-the-right\" style=\"grid-template-columns:auto 33%\"><div class=\"wp-block-media-text__content\">\n<p class=\"has-small-font-size\"><strong>Alpenregion Bludenz<\/strong><br>Die Urlaubsregion rund um die Alpenstadt Bludenz<\/p>\n<\/div><figure class=\"wp-block-media-text__media\"><a href=\"https:\/\/www.vorarlberg-alpenregion.at\/de\/bludenz\/events\/idyllische-fackelwanderung-mit-blick-auf-die-alpenstadt-bludenz.html\" target=\"_blank\" rel=\"nofollow noopener\"><img loading=\"lazy\" decoding=\"async\" width=\"406\" height=\"160\" src=\"https:\/\/www.gemsli.at\/wp-content\/uploads\/2021\/12\/alpenregion-bludenz-hd.png\" alt=\"\" class=\"wp-image-1349 size-full\" srcset=\"https:\/\/www.gemsli.at\/wp-content\/uploads\/2021\/12\/alpenregion-bludenz-hd.png 406w, https:\/\/www.gemsli.at\/wp-content\/uploads\/2021\/12\/alpenregion-bludenz-hd-300x118.png 300w\" sizes=\"auto, (max-width: 406px) 100vw, 406px\" \/><\/a><\/figure><\/div>\n\n\n\n<div style=\"height:15px\" aria-hidden=\"true\" class=\"wp-block-spacer\"><\/div>\n\n\n\n<hr class=\"wp-block-separator has-css-opacity is-style-wide\"\/>\n\n\n\n<div class=\"wp-block-media-text alignwide has-media-on-the-right is-vertically-aligned-top\" style=\"grid-template-columns:auto 19%\"><div class=\"wp-block-media-text__content\">\n<p class=\"has-small-font-size\"><strong>Firmalpin<\/strong> <br>Bergsportschule &amp; B\u00fcro f\u00fcr alpine Sonderl\u00f6sungen<\/p>\n<\/div><figure class=\"wp-block-media-text__media\"><a href=\"https:\/\/firmalpin.at\/ueber-uns\/\" target=\"_blank\" rel=\"nofollow noopener\"><img loading=\"lazy\" decoding=\"async\" width=\"150\" height=\"150\" src=\"https:\/\/www.gemsli.at\/wp-content\/uploads\/2021\/11\/Firm_Alpin-1-150x150.png\" alt=\"\" class=\"wp-image-1230 size-thumbnail\" srcset=\"https:\/\/www.gemsli.at\/wp-content\/uploads\/2021\/11\/Firm_Alpin-1-150x150.png 150w, https:\/\/www.gemsli.at\/wp-content\/uploads\/2021\/11\/Firm_Alpin-1-100x100.png 100w, https:\/\/www.gemsli.at\/wp-content\/uploads\/2021\/11\/Firm_Alpin-1.png 225w\" sizes=\"auto, (max-width: 150px) 100vw, 150px\" \/><\/a><\/figure><\/div>\n\n\n\n<hr class=\"wp-block-separator has-css-opacity is-style-wide\"\/>\n\n\n\n<div class=\"wp-block-media-text alignwide has-media-on-the-right\" style=\"grid-template-columns:auto 33%\"><div class=\"wp-block-media-text__content\">\n<p class=\"has-small-font-size\"><strong>Berg &amp; Fit<\/strong><br>Erlebnis&nbsp;<em>Berg<\/em>, das auch nach dem Urlaub noch lange in Erinnerung bleibt<\/p>\n<\/div><figure class=\"wp-block-media-text__media\"><a href=\"http:\/\/www.berg-fit.com\/willkommen.html\" target=\"_blank\" rel=\"nofollow noopener\"><img loading=\"lazy\" decoding=\"async\" width=\"445\" height=\"151\" src=\"https:\/\/www.gemsli.at\/wp-content\/uploads\/2021\/12\/berg-fit-logo-1.png\" alt=\"\" class=\"wp-image-1359 size-full\" srcset=\"https:\/\/www.gemsli.at\/wp-content\/uploads\/2021\/12\/berg-fit-logo-1.png 445w, https:\/\/www.gemsli.at\/wp-content\/uploads\/2021\/12\/berg-fit-logo-1-300x102.png 300w\" sizes=\"auto, (max-width: 445px) 100vw, 445px\" \/><\/a><\/figure><\/div>\n\n\n\n<hr class=\"wp-block-separator has-css-opacity is-style-wide\"\/>\n\n\n\n<div class=\"wp-block-media-text alignwide has-media-on-the-right\" style=\"grid-template-columns:auto 19%\"><div class=\"wp-block-media-text__content\">\n<p class=\"has-small-font-size\"><strong>TUI BLUE Montafon<\/strong><br>4 Sterne Hotel f\u00fcr Aktivurlauber, Wintersportler und Bergfans in Schruns-Tschagguns<\/p>\n<\/div><figure class=\"wp-block-media-text__media\"><a href=\"https:\/\/www.tui-blue.com\/de\/de\/hotels\/tui-blue-montafon\/\" rel=\"https:\/\/www.tui-blue.com\/de\/de\/hotels\/tui-blue-montafon\/\"><img loading=\"lazy\" decoding=\"async\" width=\"1024\" height=\"1024\" src=\"https:\/\/www.gemsli.at\/wp-content\/uploads\/2025\/04\/TUI-1-1024x1024.png\" alt=\"\" class=\"wp-image-2840 size-full\" srcset=\"https:\/\/www.gemsli.at\/wp-content\/uploads\/2025\/04\/TUI-1-1024x1024.png 1024w, https:\/\/www.gemsli.at\/wp-content\/uploads\/2025\/04\/TUI-1-300x300.png 300w, https:\/\/www.gemsli.at\/wp-content\/uploads\/2025\/04\/TUI-1-150x150.png 150w, https:\/\/www.gemsli.at\/wp-content\/uploads\/2025\/04\/TUI-1-768x768.png 768w, https:\/\/www.gemsli.at\/wp-content\/uploads\/2025\/04\/TUI-1-100x100.png 100w, https:\/\/www.gemsli.at\/wp-content\/uploads\/2025\/04\/TUI-1.png 1181w\" sizes=\"auto, (max-width: 767px) 89vw, (max-width: 1000px) 54vw, (max-width: 1071px) 543px, 580px\" \/><\/a><\/figure><\/div>\n\n\n\n<hr class=\"wp-block-separator has-css-opacity is-style-wide\"\/>\n\n\n\n<div class=\"wp-block-media-text alignwide has-media-on-the-right is-vertically-aligned-top\" style=\"grid-template-columns:auto 35%\"><div class=\"wp-block-media-text__content\">\n<p class=\"has-small-font-size\"><strong>Alpenverein Vorarlberg<\/strong><br>F\u00f6rdert und pflegt das Bergsteigen, alpine Sportarten und das Wandern. Gro\u00dfe Auswahl an Kursen und Veranstaltungen. <\/p>\n<\/div><figure class=\"wp-block-media-text__media\"><a href=\"https:\/\/www.alpenverein.at\/vorarlberg\/veranstaltungen\/detail.php?veranstaltungID=6fee5cfc-1ccd-4a77-8ecd-7747554cd795&amp;oa=1\" target=\"_blank\" rel=\"nofollow noopener\"><img loading=\"lazy\" decoding=\"async\" width=\"260\" height=\"108\" src=\"https:\/\/www.gemsli.at\/wp-content\/uploads\/2021\/11\/alpenverein-vorarlberg.png\" alt=\"\" class=\"wp-image-1237 size-full\"\/><\/a><\/figure><\/div>\n\n\n\n<hr class=\"wp-block-separator has-css-opacity is-style-wide\"\/>\n\n\n\n<div class=\"wp-block-media-text alignwide has-media-on-the-right is-vertically-aligned-top\" style=\"grid-template-columns:auto 29%\"><div class=\"wp-block-media-text__content\">\n<p class=\"has-small-font-size\"><strong><a href=\"https:\/\/www.gemsli.at\/index.php\/partner\/alpenhof-gemsli-ferienunterkunft\/\" target=\"_blank\" rel=\"noreferrer noopener\">A L P E N HOF Gemsli<\/a><\/strong> <br>Ferienunterkunft mit aussichtsreichem Alpengenie\u00dfen, <br>im einfach sch\u00f6nen Montafoner Bauernhaus, am Sonnenbalkon Bartholom\u00e4berg<\/p>\n<\/div><figure class=\"wp-block-media-text__media\"><a href=\"https:\/\/www.gemsli.at\/index.php\/partner\/alpenhof-gemsli-ferienunterkunft\/\" target=\"_blank\" rel=\"noopener\"><img loading=\"lazy\" decoding=\"async\" width=\"1024\" height=\"768\" src=\"https:\/\/www.gemsli.at\/wp-content\/uploads\/2022\/02\/Alpenhof-gemsli-Unterkunft_Sommer-1024x768.jpg\" alt=\"\" class=\"wp-image-1468 size-full\" srcset=\"https:\/\/www.gemsli.at\/wp-content\/uploads\/2022\/02\/Alpenhof-gemsli-Unterkunft_Sommer-1024x768.jpg 1024w, https:\/\/www.gemsli.at\/wp-content\/uploads\/2022\/02\/Alpenhof-gemsli-Unterkunft_Sommer-300x225.jpg 300w, https:\/\/www.gemsli.at\/wp-content\/uploads\/2022\/02\/Alpenhof-gemsli-Unterkunft_Sommer-768x576.jpg 768w, https:\/\/www.gemsli.at\/wp-content\/uploads\/2022\/02\/Alpenhof-gemsli-Unterkunft_Sommer-1536x1152.jpg 1536w, https:\/\/www.gemsli.at\/wp-content\/uploads\/2022\/02\/Alpenhof-gemsli-Unterkunft_Sommer-2048x1536.jpg 2048w\" sizes=\"auto, (max-width: 767px) 89vw, (max-width: 1000px) 54vw, (max-width: 1071px) 543px, 580px\" \/><\/a><\/figure><\/div>\n\n\n\n<div style=\"height:15px\" aria-hidden=\"true\" class=\"wp-block-spacer\"><\/div>\n\n\n\n<hr class=\"wp-block-separator has-css-opacity is-style-wide\"\/>\n\n\n\n<div class=\"wp-block-media-text alignwide has-media-on-the-right is-vertically-aligned-top\" style=\"grid-template-columns:auto 29%\"><div class=\"wp-block-media-text__content\">\n<p class=\"has-small-font-size\"><strong><a href=\"https:\/\/www.gemsli.at\/index.php\/partner\/ferienwohnung-rosa-schruns\/\" target=\"_blank\" rel=\"noreferrer noopener\">Ferienwohnung  R O S A  Karolina<\/a><\/strong><br>Gepflegte, voll ausgestattete Privatwohnung f\u00fcr bis zu 5 Personen  <br>in Schruns, zentrumsnah<br><\/p>\n<\/div><figure class=\"wp-block-media-text__media\"><a href=\"https:\/\/www.gemsli.at\/index.php\/partner\/ferienwohnung-rosa-schruns\/\" target=\"_blank\" rel=\"noopener\"><img loading=\"lazy\" decoding=\"async\" width=\"1024\" height=\"768\" src=\"https:\/\/www.gemsli.at\/wp-content\/uploads\/2022\/09\/01-Ferienwohnung-ROSA-Schruns-IMG_7791-1024x768.jpg\" alt=\"\" class=\"wp-image-1915 size-full\" srcset=\"https:\/\/www.gemsli.at\/wp-content\/uploads\/2022\/09\/01-Ferienwohnung-ROSA-Schruns-IMG_7791-1024x768.jpg 1024w, https:\/\/www.gemsli.at\/wp-content\/uploads\/2022\/09\/01-Ferienwohnung-ROSA-Schruns-IMG_7791-300x225.jpg 300w, https:\/\/www.gemsli.at\/wp-content\/uploads\/2022\/09\/01-Ferienwohnung-ROSA-Schruns-IMG_7791-768x576.jpg 768w, https:\/\/www.gemsli.at\/wp-content\/uploads\/2022\/09\/01-Ferienwohnung-ROSA-Schruns-IMG_7791-1536x1152.jpg 1536w, https:\/\/www.gemsli.at\/wp-content\/uploads\/2022\/09\/01-Ferienwohnung-ROSA-Schruns-IMG_7791-2048x1536.jpg 2048w\" sizes=\"auto, (max-width: 767px) 89vw, (max-width: 1000px) 54vw, (max-width: 1071px) 543px, 580px\" \/><\/a><\/figure><\/div>\n\n\n\n<div style=\"height:15px\" aria-hidden=\"true\" class=\"wp-block-spacer\"><\/div>\n\n\n\n<hr class=\"wp-block-separator has-css-opacity is-style-wide\"\/>\n\n\n\n<div class=\"wp-block-media-text alignwide has-media-on-the-right is-vertically-aligned-top\" style=\"grid-template-columns:auto 24%\"><div class=\"wp-block-media-text__content\">\n<p class=\"has-small-font-size\"><strong>Landhaus Rudigier<\/strong><br>Ferienwohnung \/ Appartement, Fr\u00fchst\u00fcckspension<br>in St.&nbsp;Gallenkirch&nbsp;&#8211;&nbsp;Gortipohl<\/p>\n<\/div><figure class=\"wp-block-media-text__media\"><a href=\"https:\/\/landhaus-rudigier.at\/wissenswertes\/\" target=\"_blank\" rel=\"nofollow noopener\"><img loading=\"lazy\" decoding=\"async\" width=\"400\" height=\"303\" src=\"https:\/\/www.gemsli.at\/wp-content\/uploads\/2021\/11\/Landhaus-Rudigier.jpg\" alt=\"\" class=\"wp-image-1242 size-full\" srcset=\"https:\/\/www.gemsli.at\/wp-content\/uploads\/2021\/11\/Landhaus-Rudigier.jpg 400w, https:\/\/www.gemsli.at\/wp-content\/uploads\/2021\/11\/Landhaus-Rudigier-300x227.jpg 300w\" sizes=\"auto, (max-width: 400px) 100vw, 400px\" \/><\/a><\/figure><\/div>\n\n\n\n<div style=\"height:15px\" aria-hidden=\"true\" class=\"wp-block-spacer\"><\/div>\n\n\n\n<hr class=\"wp-block-separator has-css-opacity is-style-wide\"\/>\n\n\n\n<div class=\"wp-block-media-text alignwide has-media-on-the-right is-vertically-aligned-top\" style=\"grid-template-columns:auto 26%\"><div class=\"wp-block-media-text__content\">\n<p class=\"has-small-font-size\"><strong>Salzgeber Appartements<\/strong><br>Eine familienfreundliche Unterkunft auf 4 Sterne Niveau <br>in St. Gallenkirch<\/p>\n<\/div><figure class=\"wp-block-media-text__media\"><a href=\"https:\/\/www.salzgeber-appartements.com\/angebote\" target=\"_blank\" rel=\"nofollow noopener\"><img loading=\"lazy\" decoding=\"async\" width=\"284\" height=\"178\" src=\"https:\/\/www.gemsli.at\/wp-content\/uploads\/2021\/11\/Salzgeber_Appartements-1.jpeg\" alt=\"\" class=\"wp-image-1243 size-full\"\/><\/a><\/figure><\/div>\n\n\n\n<div style=\"height:15px\" aria-hidden=\"true\" class=\"wp-block-spacer\"><\/div>\n\n\n\n<hr class=\"wp-block-separator has-css-opacity is-style-wide\"\/>\n\n\n\n<div class=\"wp-block-media-text alignwide has-media-on-the-right is-vertically-aligned-top\" style=\"grid-template-columns:auto 25%\"><div class=\"wp-block-media-text__content\">\n<p class=\"has-small-font-size\"><strong>Urban Rock<\/strong><br>Hochwertige Sport-Produkte f\u00fcr dein Outdoor-Erlebnis<\/p>\n<\/div><figure class=\"wp-block-media-text__media\"><a href=\"https:\/\/urbanrock.at\" target=\"_blank\" rel=\"nofollow noopener\"><img loading=\"lazy\" decoding=\"async\" width=\"166\" height=\"30\" src=\"https:\/\/www.gemsli.at\/wp-content\/uploads\/2021\/11\/Urbanrock.png\" alt=\"\" class=\"wp-image-1244 size-full\"\/><\/a><\/figure><\/div>\n\n\n\n<div style=\"height:15px\" aria-hidden=\"true\" class=\"wp-block-spacer\"><\/div>\n","protected":false},"excerpt":{"rendered":"<p>Funktionierende Partnerschaften f\u00f6rdern das gute Gelingen meines Bestrebens, den G\u00e4sten aus nah und fern unsere bezaubernde Alpenwelt eindr\u00fccklich erlebbar zu machen. F\u00fcr mehr Infos zu meinen Partnern klickt bitte auf die Logos. Bergpartner Vorarlberg&nbsp;Vorarlberg Tourismus und die Bergsportanbieter des Vorarlberger Bergf\u00fchrerverbands Urlaub im MontafonOffizielle Website f\u00fcr Urlaub &amp; Hotels Alpenregion BludenzDie Urlaubsregion rund um die &hellip; <\/p>\n<p class=\"link-more\"><a href=\"https:\/\/www.gemsli.at\/index.php\/partner\/\" class=\"more-link\">Continue reading<span class=\"screen-reader-text\"> &#8222;Partner&#8220;<\/span><\/a><\/p>\n","protected":false},"author":1,"featured_media":0,"parent":0,"menu_order":0,"comment_status":"closed","ping_status":"closed","template":"","meta":{"footnotes":""},"class_list":["post-1217","page","type-page","status-publish","hentry"],"_links":{"self":[{"href":"https:\/\/www.gemsli.at\/index.php\/wp-json\/wp\/v2\/pages\/1217","targetHints":{"allow":["GET"]}}],"collection":[{"href":"https:\/\/www.gemsli.at\/index.php\/wp-json\/wp\/v2\/pages"}],"about":[{"href":"https:\/\/www.gemsli.at\/index.php\/wp-json\/wp\/v2\/types\/page"}],"author":[{"embeddable":true,"href":"https:\/\/www.gemsli.at\/index.php\/wp-json\/wp\/v2\/users\/1"}],"replies":[{"embeddable":true,"href":"https:\/\/www.gemsli.at\/index.php\/wp-json\/wp\/v2\/comments?post=1217"}],"version-history":[{"count":110,"href":"https:\/\/www.gemsli.at\/index.php\/wp-json\/wp\/v2\/pages\/1217\/revisions"}],"predecessor-version":[{"id":3032,"href":"https:\/\/www.gemsli.at\/index.php\/wp-json\/wp\/v2\/pages\/1217\/revisions\/3032"}],"wp:attachment":[{"href":"https:\/\/www.gemsli.at\/index.php\/wp-json\/wp\/v2\/media?parent=1217"}],"curies":[{"name":"wp","href":"https:\/\/api.w.org\/{rel}","templated":true}]}}